{"id":446491,"date":"2025-02-20T09:16:34","date_gmt":"2025-02-20T08:16:34","guid":{"rendered":"https:\/\/www.pricetornado.com\/da\/produkt\/philips-hd9396-90-elkedel-17l-med-6-temperatur\/"},"modified":"2026-04-17T10:10:16","modified_gmt":"2026-04-17T08:10:16","slug":"philips-hd9396-90-elkedel-17l-med-6-temperatur","status":"publish","type":"product","link":"https:\/\/www.pricetornado.com\/da\/produkt\/philips-hd9396-90-elkedel-17l-med-6-temperatur\/","title":{"rendered":"Philips HD9396\/90 Elkedel 1,7L med 6 temperatur"},"content":{"rendered":"<p>K\u00f8b billig Philips HD9396\/90 Elkedel 1,7L med 6 temperatur!<br \/>\nPhilips 7000 Series elkedel HD9396\/90 kombinerer avanceret temperaturkontrol, holdbarhed og brugersikkerhed. Med en kraftfuld kapacitet p\u00e5 2.200 W og rummelighed til 1,7 liter \u2013 svarende til cirka syv kopper \u2013 er denne elkedel ideel til hurtig opvarmning af vand til te, kaffe, supper og babymad.V\u00e6lg mellem seks pr\u00e6cise temperaturindstillinger fra 40\u00b0C til 100\u00b0C, s\u00e5 du kan tilberede alt fra gr\u00f8n te og babymad til supper med optimal temperatur. Efter opvarmning holder den integrerede hold varm-funktion vandet eller v\u00e6sken p\u00e5 valgt temperatur, uden behov for gentagen opvarmning.Elkedlen har en spring-release knap for nem \u00e5bning af l\u00e5get. Den 360\u00b0 pirouette-base g\u00f8r det let at placere og dreje kedlen fra enhver vinkel, mens den indbyggede ledningsoprulning holder k\u00f8kkenbordet ryddeligt. En kopindikator p\u00e5 kedlen sikrer pr\u00e6cis dosering og hj\u00e6lper med at undg\u00e5 spild.Indersiden er udf\u00f8rt i f\u00f8devaregodkendt rustfrit st\u00e5l (SUS304) for maksimal hygiejne og korrosionsbestandighed.Den dobbelte ydre v\u00e6g i PP-plastik holder ydersiden af kedlen k\u00f8lig og beskytter mod forbr\u00e6ndinger.Skjult varmeelement sikrer nem reng\u00f8ring og l\u00e6ngere levetid.Den brede \u00e5bning og kalkafvisende design g\u00f8r reng\u00f8ring enkel.Automatisk slukning og t\u00f8rkogningssikring takket v\u00e6re Strix-kontrolsystemet.K\u00f8lende dobbeltisolering reducerer risikoen for forbr\u00e6ndinger og \u00f8ger sikkerheden.Hurtig opvarmning \u2013 koger sm\u00e5 m\u00e6ngder vand p\u00e5 under \u00e9t minut, hvilket sparer str\u00f8m.En tydelig LED-temperaturvisning er integreret i h\u00e5ndtaget, s\u00e5 du nemt kan overv\u00e5ge den aktuelle vandtemperatur under brug.V\u00e6lg Philips elkedel HD9396\/90 for en kombination af pr\u00e6cision, brugervenlighed og sikkerhed i dit k\u00f8kken. Se ogs\u00e5 vores \u00f8vrige produkter for flere kvalitetsl\u00f8sninger til hjemmet.<\/p>\n<p>Sammenlign priser p\u00e5 Philips HD9396\/90 Elkedel 1,7L med 6 temperatur og k\u00f8b online til den billigste pris, samt p\u00e5 tilbud!\u00a0\u00a0Tjek den bedste pris, produkt beskrivelse, video, test, anmeldelser osv.<\/p>\n<p><strong>Brand: <\/strong>Philips<br \/>\n<strong>EAN: <\/strong>8720389031663<br \/>\n<strong>Producentens varenr.:<\/strong> 8720389031663<\/p>\n<p><strong>P.S.<\/strong><br \/>\nTilmeld dig til &#8220;Opret Gratis Prisfald Alarm&#8221;, og bliv underrettet med det samme om prisfald p\u00e5 Philips HD9396\/90 Elkedel 1,7L med 6 temperatur, og f\u00e5 den billigste pris!<\/p>\n<p>&nbsp;<\/p>\n<p>&nbsp;<\/p>\n","protected":false},"excerpt":{"rendered":"<p>K\u00f8b billig Philips HD9396\/90 Elkedel 1,7L med 6 temperatur! Philips 7000 Series elkedel HD9396\/90 kombinerer avanceret temperaturkontrol, holdbarhed og brugersikkerhed. Med en kraftfuld kapacitet p\u00e5 2.200 W og rummelighed til 1,7 liter \u2013 svarende til cirka syv kopper \u2013 er denne elkedel ideel til hurtig opvarmning af vand til te, kaffe, supper og babymad.V\u00e6lg mellem [&hellip;]<\/p>\n","protected":false},"featured_media":999980000004464910,"template":"","meta":[],"store":[1272516],"product_brand":[1272519],"product_cat":[831418],"product_tag":[1272683,1275180],"class_list":{"0":"post-446491","1":"product","2":"type-product","3":"status-publish","4":"has-post-thumbnail","6":"store-butik24","7":"product_brand-philips","8":"product_cat-koekkenudstyr","9":"product_tag-koekkenudstyr","10":"product_tag-philips","11":"pa_maerke-philips","13":"first","14":"instock","15":"product-type-external"},"_links":{"self":[{"href":"https:\/\/www.pricetornado.com\/da\/wp-json\/wp\/v2\/product\/446491","targetHints":{"allow":["GET"]}}],"collection":[{"href":"https:\/\/www.pricetornado.com\/da\/wp-json\/wp\/v2\/product"}],"about":[{"href":"https:\/\/www.pricetornado.com\/da\/wp-json\/wp\/v2\/types\/product"}],"wp:featuredmedia":[{"embeddable":true,"href":"https:\/\/www.pricetornado.com\/da\/wp-json\/"}],"wp:attachment":[{"href":"https:\/\/www.pricetornado.com\/da\/wp-json\/wp\/v2\/media?parent=446491"}],"wp:term":[{"taxonomy":"store","embeddable":true,"href":"https:\/\/www.pricetornado.com\/da\/wp-json\/wp\/v2\/store?post=446491"},{"taxonomy":"product_brand","embeddable":true,"href":"https:\/\/www.pricetornado.com\/da\/wp-json\/wp\/v2\/product_brand?post=446491"},{"taxonomy":"product_cat","embeddable":true,"href":"https:\/\/www.pricetornado.com\/da\/wp-json\/wp\/v2\/product_cat?post=446491"},{"taxonomy":"product_tag","embeddable":true,"href":"https:\/\/www.pricetornado.com\/da\/wp-json\/wp\/v2\/product_tag?post=446491"}],"curies":[{"name":"wp","href":"https:\/\/api.w.org\/{rel}","templated":true}]}}