{"id":446486,"date":"2025-02-20T11:55:32","date_gmt":"2025-02-20T10:55:32","guid":{"rendered":"https:\/\/www.pricetornado.com\/da\/produkt\/philips-hue-signe-gradient-bordlampe\/"},"modified":"2026-05-01T04:00:30","modified_gmt":"2026-05-01T02:00:30","slug":"philips-hue-signe-gradient-bordlampe","status":"publish","type":"product","link":"https:\/\/www.pricetornado.com\/da\/produkt\/philips-hue-signe-gradient-bordlampe\/","title":{"rendered":"Philips Hue Signe gradient bordlampe"},"content":{"rendered":"<p>K\u00f8b billig Philips Hue Signe gradient bordlampe!<br \/>\nPhilips Hue Signe gradient bordlampe forener et slankt og stilfuldt hvidt aluminiumsdesign med avanceret, energieffektiv LED-teknologi. Lampen bliver en integreret del af din boligindretning ved at skabe unikke farveforl\u00f8b p\u00e5 v\u00e6ggen, hvor hvidt og farvet lys smelter sammen for at give et dynamisk og stemningsfyldt udtryk.Styr nemt bordlampens lysstyrke og farver direkte fra din smartphone via Philips Hue appen, eller brug kompatible stemmeassistenter for ekstra bekvemmelighed. Lampen er kompatibel med b\u00e5de Bluetooth og Philips Hue Bridge, hvilket giver fleksible muligheder for integration i dit smart home system.LED-teknologien sikrer en imponerende lang levetid p\u00e5 op til 25.000 timer og lavt energiforbrug. V\u00e6r opm\u00e6rksom p\u00e5 korrekt bortskaffelse i henhold til lokale regler for at minimere milj\u00f8p\u00e5virkningen.Opgrader din bolig med Philips Hue Signe gradient bordlampe og oplev en ny dimension af stemningsfuld, intelligent belysning. Udforsk flere Philips Hue produkter og tilbeh\u00f8r i vores sortiment af l\u00f8sninger.<\/p>\n<p>Sammenlign priser p\u00e5 Philips Hue Signe gradient bordlampe og k\u00f8b online til den billigste pris, samt p\u00e5 tilbud!\u00a0\u00a0Tjek den bedste pris, produkt beskrivelse, video, test, anmeldelser osv.<\/p>\n<p><strong>Brand: <\/strong>Philips Hue<br \/>\n<strong>EAN: <\/strong>8718696176245<br \/>\n<strong>Producentens varenr.:<\/strong> 8718696176245<\/p>\n<p><strong>P.S.<\/strong><br \/>\nTilmeld dig til &#8220;Opret Gratis Prisfald Alarm&#8221;, og bliv underrettet med det samme om prisfald p\u00e5 Philips Hue Signe gradient bordlampe, og f\u00e5 den billigste pris!<\/p>\n<p>&nbsp;<\/p>\n<p>&nbsp;<\/p>\n","protected":false},"excerpt":{"rendered":"<p>K\u00f8b billig Philips Hue Signe gradient bordlampe! Philips Hue Signe gradient bordlampe forener et slankt og stilfuldt hvidt aluminiumsdesign med avanceret, energieffektiv LED-teknologi. Lampen bliver en integreret del af din boligindretning ved at skabe unikke farveforl\u00f8b p\u00e5 v\u00e6ggen, hvor hvidt og farvet lys smelter sammen for at give et dynamisk og stemningsfyldt udtryk.Styr nemt bordlampens [&hellip;]<\/p>\n","protected":false},"featured_media":999980000004464860,"template":"","meta":[],"store":[1272516],"product_brand":[1272523],"product_cat":[1272407],"product_tag":[1272697,1272767],"class_list":{"0":"post-446486","1":"product","2":"type-product","3":"status-publish","4":"has-post-thumbnail","6":"store-butik24","7":"product_brand-philips-hue","8":"product_cat-belysning-2","9":"product_tag-belysning","10":"product_tag-philips-hue","11":"pa_maerke-philips-hue","13":"first","14":"instock","15":"product-type-external"},"_links":{"self":[{"href":"https:\/\/www.pricetornado.com\/da\/wp-json\/wp\/v2\/product\/446486","targetHints":{"allow":["GET"]}}],"collection":[{"href":"https:\/\/www.pricetornado.com\/da\/wp-json\/wp\/v2\/product"}],"about":[{"href":"https:\/\/www.pricetornado.com\/da\/wp-json\/wp\/v2\/types\/product"}],"wp:featuredmedia":[{"embeddable":true,"href":"https:\/\/www.pricetornado.com\/da\/wp-json\/"}],"wp:attachment":[{"href":"https:\/\/www.pricetornado.com\/da\/wp-json\/wp\/v2\/media?parent=446486"}],"wp:term":[{"taxonomy":"store","embeddable":true,"href":"https:\/\/www.pricetornado.com\/da\/wp-json\/wp\/v2\/store?post=446486"},{"taxonomy":"product_brand","embeddable":true,"href":"https:\/\/www.pricetornado.com\/da\/wp-json\/wp\/v2\/product_brand?post=446486"},{"taxonomy":"product_cat","embeddable":true,"href":"https:\/\/www.pricetornado.com\/da\/wp-json\/wp\/v2\/product_cat?post=446486"},{"taxonomy":"product_tag","embeddable":true,"href":"https:\/\/www.pricetornado.com\/da\/wp-json\/wp\/v2\/product_tag?post=446486"}],"curies":[{"name":"wp","href":"https:\/\/api.w.org\/{rel}","templated":true}]}}