{"id":446485,"date":"2025-02-21T07:29:19","date_gmt":"2025-02-21T06:29:19","guid":{"rendered":"https:\/\/www.pricetornado.com\/da\/produkt\/melissa-flade-broedrister-600w-sort\/"},"modified":"2026-04-21T03:30:12","modified_gmt":"2026-04-21T01:30:12","slug":"melissa-flade-broedrister-600w-sort","status":"publish","type":"product","link":"https:\/\/www.pricetornado.com\/da\/produkt\/melissa-flade-broedrister-600w-sort\/","title":{"rendered":"Melissa flade br\u00f8drister, 600W &#8211; sort"},"content":{"rendered":"<p>K\u00f8b billig Melissa flade br\u00f8drister, 600W &#8211; sort!<br \/>\nkan du nyde perfekt ristet br\u00f8d hver dag. Den store flade rist giver dig flere muligheder end en traditionel, opretst\u00e5ende br\u00f8drister \u2013 der er plads til b\u00e5de bagels, boller og op til fire skiver toastbr\u00f8d ad gangen. Uanset om du skal riste br\u00f8d til morgenmad, lune en eftermiddagssnack eller varme br\u00f8d til aftensmaden, f\u00e5r du et ensartet resultat hver gang.Br\u00f8dristeren har en effekt p\u00e5 600W og er udstyret med to kvartsr\u00f8r, der sikrer j\u00e6vn ristning. Du kan let forl\u00e6nge ristetiden p\u00e5 den mekaniske timer \u2013 ogs\u00e5 mens br\u00f8det ristes \u2013 s\u00e5 resultatet bliver pr\u00e6cis, som du \u00f8nsker det. En tydelig lyd signalerer, n\u00e5r br\u00f8det er f\u00e6rdigt, og enheden slukker automatisk for \u00f8get sikkerhed. Den stilrene og enkle br\u00f8drister har desuden en udtagelig krummebakke, der g\u00f8r reng\u00f8ringen nem og hurtig.I pakken f\u00e5r du selve br\u00f8dristeren, en aftagelig krummebakke og en manual med sikkerhedsinstruktioner p\u00e5 dansk, norsk, svensk, finsk, tysk, engelsk, hollandsk, fransk og spansk, s\u00e5 du nemt kan komme i gang med at bruge dit nye k\u00f8kkenredskab.Melissa flade br\u00f8drister forener praktisk funktionalitet med et elegant design, der passer ind i ethvert moderne k\u00f8kken. Oplev bekvemmeligheden ved hurtig og j\u00e6vn ristning til alle dagens m\u00e5ltider.<\/p>\n<p>Sammenlign priser p\u00e5 Melissa flade br\u00f8drister, 600W &#8211; sort og k\u00f8b online til den billigste pris, samt p\u00e5 tilbud!\u00a0\u00a0Tjek den bedste pris, produkt beskrivelse, video, test, anmeldelser osv.<\/p>\n<p><strong>Brand: <\/strong>Melissa<br \/>\n<strong>EAN: <\/strong>5707160021320<br \/>\n<strong>Producentens varenr.:<\/strong> 5707160021320<\/p>\n<p><strong>P.S.<\/strong><br \/>\nTilmeld dig til &#8220;Opret Gratis Prisfald Alarm&#8221;, og bliv underrettet med det samme om prisfald p\u00e5 Melissa flade br\u00f8drister, 600W &#8211; sort, og f\u00e5 den billigste pris!<\/p>\n<p>&nbsp;<\/p>\n<p>&nbsp;<\/p>\n","protected":false},"excerpt":{"rendered":"<p>K\u00f8b billig Melissa flade br\u00f8drister, 600W &#8211; sort! kan du nyde perfekt ristet br\u00f8d hver dag. Den store flade rist giver dig flere muligheder end en traditionel, opretst\u00e5ende br\u00f8drister \u2013 der er plads til b\u00e5de bagels, boller og op til fire skiver toastbr\u00f8d ad gangen. Uanset om du skal riste br\u00f8d til morgenmad, lune en [&hellip;]<\/p>\n","protected":false},"featured_media":999980000004464850,"template":"","meta":[],"store":[1272516],"product_brand":[1272531],"product_cat":[1272418],"product_tag":[1272757,1275189],"class_list":{"0":"post-446485","1":"product","2":"type-product","3":"status-publish","4":"has-post-thumbnail","6":"store-butik24","7":"product_brand-melissa","8":"product_cat-koekkenmaskiner","9":"product_tag-koekkenmaskiner","10":"product_tag-melissa","11":"pa_maerke-melissa","13":"first","14":"instock","15":"product-type-external"},"_links":{"self":[{"href":"https:\/\/www.pricetornado.com\/da\/wp-json\/wp\/v2\/product\/446485","targetHints":{"allow":["GET"]}}],"collection":[{"href":"https:\/\/www.pricetornado.com\/da\/wp-json\/wp\/v2\/product"}],"about":[{"href":"https:\/\/www.pricetornado.com\/da\/wp-json\/wp\/v2\/types\/product"}],"wp:featuredmedia":[{"embeddable":true,"href":"https:\/\/www.pricetornado.com\/da\/wp-json\/"}],"wp:attachment":[{"href":"https:\/\/www.pricetornado.com\/da\/wp-json\/wp\/v2\/media?parent=446485"}],"wp:term":[{"taxonomy":"store","embeddable":true,"href":"https:\/\/www.pricetornado.com\/da\/wp-json\/wp\/v2\/store?post=446485"},{"taxonomy":"product_brand","embeddable":true,"href":"https:\/\/www.pricetornado.com\/da\/wp-json\/wp\/v2\/product_brand?post=446485"},{"taxonomy":"product_cat","embeddable":true,"href":"https:\/\/www.pricetornado.com\/da\/wp-json\/wp\/v2\/product_cat?post=446485"},{"taxonomy":"product_tag","embeddable":true,"href":"https:\/\/www.pricetornado.com\/da\/wp-json\/wp\/v2\/product_tag?post=446485"}],"curies":[{"name":"wp","href":"https:\/\/api.w.org\/{rel}","templated":true}]}}