{"id":446472,"date":"2025-02-26T01:08:30","date_gmt":"2025-02-26T00:08:30","guid":{"rendered":"https:\/\/www.pricetornado.com\/da\/produkt\/alecto-batterifri-doerklokke-hvid-adb30wt\/"},"modified":"2026-04-17T06:40:00","modified_gmt":"2026-04-17T04:40:00","slug":"alecto-batterifri-doerklokke-hvid-adb30wt","status":"publish","type":"product","link":"https:\/\/www.pricetornado.com\/da\/produkt\/alecto-batterifri-doerklokke-hvid-adb30wt\/","title":{"rendered":"Alecto &#8211; Batterifri d\u00f8rklokke Hvid &#8211; ADB30WT"},"content":{"rendered":"<p>K\u00f8b billig Alecto &#8211; Batterifri d\u00f8rklokke Hvid &#8211; ADB30WT!<br \/>\nAlecto ADB30WT er en innovativ tr\u00e5dl\u00f8s d\u00f8rklokke, der fungerer helt uden batterier eller ledninger. N\u00e5r du trykker p\u00e5 den udend\u00f8rs knap, genererer den selv kinetisk energi, hvilket eliminerer behovet for batteriskift og str\u00f8mtilslutning. Dette g\u00f8r installationen enkel og sparer b\u00e5de tid og ressourcer. Produktet er driftsikkert, milj\u00f8venligt og kr\u00e6ver minimal vedligeholdelse.D\u00f8rklokken er IP44-klassificeret, hvilket betyder, at den er beskyttet mod vandspr\u00f8jt fra alle retninger og derfor ideel til udend\u00f8rs montering. Det anbefales ikke at montere d\u00f8rklokken direkte p\u00e5 metaloverflader for at sikre optimal tr\u00e5dl\u00f8s signaloverf\u00f8rsel. D\u00f8rklokken er fremstillet i solide, vejrbestandige materialer, der beskytter elektronikken under almindelige vejrforhold.R\u00e6kkevidde p\u00e5 op til 50 meter indend\u00f8rs, nem placering i k\u00e6lder, p\u00e5 loft og andre rum.Op til 200 meter r\u00e6kkevidde under optimale forhold i \u00e5bent terr\u00e6n.Underst\u00f8tter op til 6 indend\u00f8rs modtagere, s\u00e5 d\u00f8rklokken kan h\u00f8res overalt i boligen.Anvender et kodet 433,92 MHz RF-signal for stabil, sikker kommunikation uden forstyrrelser.Med hele 36 forskellige melodier at v\u00e6lge imellem kan du nemt tilpasse ringetonen til dine pr\u00e6ferencer. Lydstyrken kan justeres i fem niveauer fra lydl\u00f8s op til 110 dB, hvilket g\u00f8r d\u00f8rklokken velegnet til b\u00e5de rolige og st\u00f8jende omgivelser.Installationen klares hurtigt ved hj\u00e6lp af det medf\u00f8lgende monteringsmateriale og dobbeltsidet tape. Den indend\u00f8rs modtager forbindes tr\u00e5dl\u00f8st og kan placeres hvor det \u00f8nskes. Tydelige LED-indikatorer viser status p\u00e5 b\u00e5de den udend\u00f8rs og den indend\u00f8rs del, og modtageren betjenes nemt med overskuelige knapper til parring og lydstyrkejustering.Alecto ADB30WT lever op til EU\u2019s radioudstyrsdirektiv 2014\/53\/EU og garanterer sikker og p\u00e5lidelig drift samt elektromagnetisk kompatibilitet. Det kodede signal tilbyder forbedret driftsikkerhed, s\u00e5 du undg\u00e5r fejl og interferens.Alecto ADB30WT er det perfekte valg, hvis du \u00f8nsker en stilren og milj\u00f8venlig tr\u00e5dl\u00f8s d\u00f8rklokke med fleksibel placering, mange indstillingsmuligheder og nem installation \u2013 alt uden brug af batterier eller un\u00f8dige kabler.<\/p>\n<p>Sammenlign priser p\u00e5 Alecto &#8211; Batterifri d\u00f8rklokke Hvid &#8211; ADB30WT og k\u00f8b online til den billigste pris, samt p\u00e5 tilbud!\u00a0\u00a0Tjek den bedste pris, produkt beskrivelse, video, test, anmeldelser osv.<\/p>\n<p><strong>Brand: <\/strong>Alecto<br \/>\n<strong>EAN: <\/strong>8712412593071<br \/>\n<strong>Producentens varenr.:<\/strong> 8712412593071<\/p>\n<p><strong>P.S.<\/strong><br \/>\nTilmeld dig til &#8220;Opret Gratis Prisfald Alarm&#8221;, og bliv underrettet med det samme om prisfald p\u00e5 Alecto &#8211; Batterifri d\u00f8rklokke Hvid &#8211; ADB30WT, og f\u00e5 den billigste pris!<\/p>\n<p>&nbsp;<\/p>\n<p>&nbsp;<\/p>\n","protected":false},"excerpt":{"rendered":"<p>K\u00f8b billig Alecto &#8211; Batterifri d\u00f8rklokke Hvid &#8211; ADB30WT! Alecto ADB30WT er en innovativ tr\u00e5dl\u00f8s d\u00f8rklokke, der fungerer helt uden batterier eller ledninger. N\u00e5r du trykker p\u00e5 den udend\u00f8rs knap, genererer den selv kinetisk energi, hvilket eliminerer behovet for batteriskift og str\u00f8mtilslutning. Dette g\u00f8r installationen enkel og sparer b\u00e5de tid og ressourcer. Produktet er driftsikkert, [&hellip;]<\/p>\n","protected":false},"featured_media":999980000004464720,"template":"","meta":[],"store":[1272516],"product_brand":[1272518],"product_cat":[1272474],"product_tag":[1275186,1272689],"class_list":{"0":"post-446472","1":"product","2":"type-product","3":"status-publish","4":"has-post-thumbnail","6":"store-butik24","7":"product_brand-alecto","8":"product_cat-doerklokke","9":"product_tag-alecto","10":"product_tag-doerklokke","11":"pa_maerke-alecto","13":"first","14":"instock","15":"product-type-external"},"_links":{"self":[{"href":"https:\/\/www.pricetornado.com\/da\/wp-json\/wp\/v2\/product\/446472","targetHints":{"allow":["GET"]}}],"collection":[{"href":"https:\/\/www.pricetornado.com\/da\/wp-json\/wp\/v2\/product"}],"about":[{"href":"https:\/\/www.pricetornado.com\/da\/wp-json\/wp\/v2\/types\/product"}],"wp:featuredmedia":[{"embeddable":true,"href":"https:\/\/www.pricetornado.com\/da\/wp-json\/"}],"wp:attachment":[{"href":"https:\/\/www.pricetornado.com\/da\/wp-json\/wp\/v2\/media?parent=446472"}],"wp:term":[{"taxonomy":"store","embeddable":true,"href":"https:\/\/www.pricetornado.com\/da\/wp-json\/wp\/v2\/store?post=446472"},{"taxonomy":"product_brand","embeddable":true,"href":"https:\/\/www.pricetornado.com\/da\/wp-json\/wp\/v2\/product_brand?post=446472"},{"taxonomy":"product_cat","embeddable":true,"href":"https:\/\/www.pricetornado.com\/da\/wp-json\/wp\/v2\/product_cat?post=446472"},{"taxonomy":"product_tag","embeddable":true,"href":"https:\/\/www.pricetornado.com\/da\/wp-json\/wp\/v2\/product_tag?post=446472"}],"curies":[{"name":"wp","href":"https:\/\/api.w.org\/{rel}","templated":true}]}}