{"id":446470,"date":"2025-02-26T23:45:42","date_gmt":"2025-02-26T22:45:42","guid":{"rendered":"https:\/\/www.pricetornado.com\/da\/produkt\/lenco-pladespiller-med-2-eksterne-hoejttalere-wood-ls-100bk\/"},"modified":"2026-04-17T02:29:53","modified_gmt":"2026-04-17T00:29:53","slug":"lenco-pladespiller-med-2-eksterne-hoejttalere-wood-ls-100bk","status":"publish","type":"product","link":"https:\/\/www.pricetornado.com\/da\/produkt\/lenco-pladespiller-med-2-eksterne-hoejttalere-wood-ls-100bk\/","title":{"rendered":"Lenco &#8211; Pladespiller med 2 eksterne h\u00f8jttalere Wood &#8211; LS-100BK"},"content":{"rendered":"<p>K\u00f8b billig Lenco &#8211; Pladespiller med 2 eksterne h\u00f8jttalere Wood &#8211; LS-100BK!<br \/>\nLenco LS-100 er en alsidig pladespiller med to separate eksterne h\u00f8jttalere, der hver yder 10 W RMS. Dette sikrer klar og fyldig stereolyd samt fleksible placeringsmuligheder, som l\u00f8fter din lytteoplevelse. Kombin\u00e9r den klassiske vinyloplevelse med nutidens moderne streaming-teknologi og nem tilslutning.LS-100 underst\u00f8tter afspilningshastighederne 33, 45 og 78 RPM, s\u00e5 du kan nyde n\u00e6sten alle slags vinylplader. Remdrevet mindsker u\u00f8nskede vibrationer og giver j\u00e6vn og stabil afspilning. Auto-stop-funktionen stopper automatisk pladetallerkenen, n\u00e5r pladen er f\u00e6rdig, hvilket b\u00e5de beskytter din vinyl og forl\u00e6nger n\u00e5lens levetid.Pladespilleren er udstyret med Bluetooth 5.3, s\u00e5 du nemt kan streame musik tr\u00e5dl\u00f8st fra smartphone, tablet eller anden enhed \u2013 bem\u00e6rk, at LS-100 kun modtager Bluetooth-signaler for optimal stabilitet. Med en AUX-indgang (3,5 mm) kan du ogs\u00e5 tilslutte andre eksterne lydkilder direkte via kabel, hvilket giver stor anvendelighed for moderne lyttere.MDF-kabinet minimerer resonans og forbedrer lydkvaliteten.Pladetallerken i aluminium sikrer holdbarhed og stabil rotation.Keramisk stereopatron med stylus for klar og p\u00e5lidelig lydoverf\u00f8rsel.Plastikst\u00f8vd\u00e6ksel medf\u00f8lger for beskyttelse mod st\u00f8v og skader, n\u00e5r enheden ikke er i brug.Drives via medf\u00f8lgende AC-adapter for stabil str\u00f8mforsyning.Efter cirka 15 minutters inaktivitet skifter LS-100 automatisk til standby, s\u00e5 du sparer energi uden at g\u00e5 p\u00e5 kompromis med ydeevnen.Med sin moderne sorte finish passer LS-100 flot ind i de fleste boligindretninger. Kombinationen af robusthed, praktiske funktioner og brugervenlig betjening g\u00f8r denne pladespiller ideel til b\u00e5de nye og erfarne vinylentusiaster.Opgrader din musikoplevelse med Lenco LS-100 \u2013 en komplet vinyl- og streamingl\u00f8sning med eksterne h\u00f8jttalere, moderne funktioner og et tidl\u00f8st design.<\/p>\n<p>Sammenlign priser p\u00e5 Lenco &#8211; Pladespiller med 2 eksterne h\u00f8jttalere Wood &#8211; LS-100BK og k\u00f8b online til den billigste pris, samt p\u00e5 tilbud!\u00a0\u00a0Tjek den bedste pris, produkt beskrivelse, video, test, anmeldelser osv.<\/p>\n<p><strong>Brand: <\/strong>Lenco<br \/>\n<strong>EAN: <\/strong>8711902091240<br \/>\n<strong>Producentens varenr.:<\/strong> 8711902091240<\/p>\n<p><strong>P.S.<\/strong><br \/>\nTilmeld dig til &#8220;Opret Gratis Prisfald Alarm&#8221;, og bliv underrettet med det samme om prisfald p\u00e5 Lenco &#8211; Pladespiller med 2 eksterne h\u00f8jttalere Wood &#8211; LS-100BK, og f\u00e5 den billigste pris!<\/p>\n<p>&nbsp;<\/p>\n<p>&nbsp;<\/p>\n","protected":false},"excerpt":{"rendered":"<p>K\u00f8b billig Lenco &#8211; Pladespiller med 2 eksterne h\u00f8jttalere Wood &#8211; LS-100BK! Lenco LS-100 er en alsidig pladespiller med to separate eksterne h\u00f8jttalere, der hver yder 10 W RMS. Dette sikrer klar og fyldig stereolyd samt fleksible placeringsmuligheder, som l\u00f8fter din lytteoplevelse. Kombin\u00e9r den klassiske vinyloplevelse med nutidens moderne streaming-teknologi og nem tilslutning.LS-100 underst\u00f8tter afspilningshastighederne [&hellip;]<\/p>\n","protected":false},"featured_media":999980000004464700,"template":"","meta":[],"store":[1272516],"product_brand":[1272526],"product_cat":[1272471],"product_tag":[1275188,1272790],"class_list":{"0":"post-446470","1":"product","2":"type-product","3":"status-publish","4":"has-post-thumbnail","6":"store-butik24","7":"product_brand-lenco","8":"product_cat-underholdning","9":"product_tag-lenco","10":"product_tag-underholdning","11":"pa_maerke-lenco","13":"first","14":"instock","15":"product-type-external"},"_links":{"self":[{"href":"https:\/\/www.pricetornado.com\/da\/wp-json\/wp\/v2\/product\/446470","targetHints":{"allow":["GET"]}}],"collection":[{"href":"https:\/\/www.pricetornado.com\/da\/wp-json\/wp\/v2\/product"}],"about":[{"href":"https:\/\/www.pricetornado.com\/da\/wp-json\/wp\/v2\/types\/product"}],"wp:featuredmedia":[{"embeddable":true,"href":"https:\/\/www.pricetornado.com\/da\/wp-json\/"}],"wp:attachment":[{"href":"https:\/\/www.pricetornado.com\/da\/wp-json\/wp\/v2\/media?parent=446470"}],"wp:term":[{"taxonomy":"store","embeddable":true,"href":"https:\/\/www.pricetornado.com\/da\/wp-json\/wp\/v2\/store?post=446470"},{"taxonomy":"product_brand","embeddable":true,"href":"https:\/\/www.pricetornado.com\/da\/wp-json\/wp\/v2\/product_brand?post=446470"},{"taxonomy":"product_cat","embeddable":true,"href":"https:\/\/www.pricetornado.com\/da\/wp-json\/wp\/v2\/product_cat?post=446470"},{"taxonomy":"product_tag","embeddable":true,"href":"https:\/\/www.pricetornado.com\/da\/wp-json\/wp\/v2\/product_tag?post=446470"}],"curies":[{"name":"wp","href":"https:\/\/api.w.org\/{rel}","templated":true}]}}