{"id":446461,"date":"2025-02-25T19:56:07","date_gmt":"2025-02-25T18:56:07","guid":{"rendered":"https:\/\/www.pricetornado.com\/da\/produkt\/lenco-retro-pladespiller-i-trae-med-bluetooth-dab-fm-radio-usb-kodning-cd-afspiller-kassetteafspiller-og-indbyggede-hoejttalere-tcd-2571wd\/"},"modified":"2026-04-15T02:00:09","modified_gmt":"2026-04-15T00:00:09","slug":"lenco-retro-pladespiller-i-trae-med-bluetooth-dab-fm-radio-usb-kodning-cd-afspiller-kassetteafspiller-og-indbyggede-hoejttalere-tcd-2571wd","status":"publish","type":"product","link":"https:\/\/www.pricetornado.com\/da\/produkt\/lenco-retro-pladespiller-i-trae-med-bluetooth-dab-fm-radio-usb-kodning-cd-afspiller-kassetteafspiller-og-indbyggede-hoejttalere-tcd-2571wd\/","title":{"rendered":"Lenco &#8211; Retro-pladespiller i tr\u00e6 med Bluetooth\u00ae, DAB+\/FM-radio, USB-kodning, cd-afspiller, kassetteafspiller og indbyggede h\u00f8jttalere &#8211; TCD-2571WD"},"content":{"rendered":"<p>K\u00f8b billig Lenco &#8211; Retro-pladespiller i tr\u00e6 med Bluetooth\u00ae, DAB+\/FM-radio, USB-kodning, cd-afspiller, kassetteafspiller og indbyggede h\u00f8jttalere &#8211; TCD-2571WD!<br \/>\nLenco TCD-2571WD Classic Phono er et alt-i-en musiksystem med flot retrodesign, der tilf\u00f8jer karakter til enhver boligindretning. Dette musiksystem kombinerer klassiske funktioner med moderne afspilningsmuligheder og byder p\u00e5 pladespiller med remtr\u00e6k, indbygget CD-afspiller, kassetteafspiller, DAB+\/FM-radio samt Bluetooth\u00ae-modtagelse (version 4.2). Kabinettet er udf\u00f8rt i robust MDF, hvilket sikrer lang holdbarhed og minimerer u\u00f8nskede vibrationer for en klar lydoplevelse. Den medf\u00f8lgende fjernbetjening giver ekstra brugervenlighed, s\u00e5 du nemt styrer alle funktioner.Pladespilleren underst\u00f8tter tre hastigheder: 33, 45 og 78 omdrejninger pr. minut og giver dermed mulighed for at afspille b\u00e5de nye og gamle vinylplader. Remtr\u00e6kket sikrer stabil og st\u00f8jsvag afspilning. L\u00e5get har metalh\u00e6ngsel og kan st\u00e5 i 45\u00b0 vinkel, hvilket g\u00f8r det muligt at afspille plader, uanset om l\u00e5get er \u00e5bent eller lukket \u2013 til b\u00e5de brug og beskyttelse. Med indbygget USB-kodning kan du nemt konvertere dine yndlingsnumre fra vinyl eller kassette til MP3 og gemme dem p\u00e5 USB-stik, hvilket g\u00f8r det let at digitalisere og gemme din musik.Bluetooth\u00ae (version 4.2) for tr\u00e5dl\u00f8s streaming af musik fra smartphone eller tabletAlle funktioner kan styres fra et letl\u00e6seligt LCD-display samt fra fjernbetjeningen for fuld kontrol p\u00e5 afstand.Musiksystemet indeholder to indbyggede h\u00f8jttalere med en samlet udgangseffekt p\u00e5 20 watt (2 x 10 W), der sikrer et varmt, detaljeret og dynamisk lydbillede \u2013 uanset om du lytter til vinyl, CD eller kassette.Lenco TCD-2571WD er konstrueret i MDF, hvilket giver et stabilt og vibrationsd\u00e6mpende kabinet, der bidrager positivt til lydgengivelsen. Systemet anvender almindelig str\u00f8mforsyning (AC 100\u2013240V, 20W) og kr\u00e6ver 2 x AAA-batterier til fjernbetjeningen (ikke inkluderet). For at sikre optimal drift anbefales det at holde udstyret ventileret (mindst 5 cm fri plads omkring), beskytte det mod v\u00e6ske og undg\u00e5 brug i fugtige omgivelser. Der er ikke indbygget vandt\u00e6thed eller energibesparende funktioner.Bluetooth\u00ae version 4.2I pakken medf\u00f8lger: Lenco TCD-2571WD Classic Phono, fjernbetjening, str\u00f8mkabel og brugervejledning (NL\/EN\/DE\/FR\/ES\/DK\/SE).Oplev kvalitet, nostalgi og maksimal brugervenlighed med Lenco\u2019s multifunktionelle retro musiksystem \u2013 hvor klassisk charme og moderne teknologier m\u00f8des.<\/p>\n<p>Sammenlign priser p\u00e5 Lenco &#8211; Retro-pladespiller i tr\u00e6 med Bluetooth\u00ae, DAB+\/FM-radio, USB-kodning, cd-afspiller, kassetteafspiller og indbyggede h\u00f8jttalere &#8211; TCD-2571WD og k\u00f8b online til den billigste pris, samt p\u00e5 tilbud!\u00a0\u00a0Tjek den bedste pris, produkt beskrivelse, video, test, anmeldelser osv.<\/p>\n<p><strong>Brand: <\/strong>Lenco<br \/>\n<strong>EAN: <\/strong>8711902082910<br \/>\n<strong>Producentens varenr.:<\/strong> 8711902082910<\/p>\n<p><strong>P.S.<\/strong><br \/>\nTilmeld dig til &#8220;Opret Gratis Prisfald Alarm&#8221;, og bliv underrettet med det samme om prisfald p\u00e5 Lenco &#8211; Retro-pladespiller i tr\u00e6 med Bluetooth\u00ae, DAB+\/FM-radio, USB-kodning, cd-afspiller, kassetteafspiller og indbyggede h\u00f8jttalere &#8211; TCD-2571WD, og f\u00e5 den billigste pris!<\/p>\n<p>&nbsp;<\/p>\n<p>&nbsp;<\/p>\n","protected":false},"excerpt":{"rendered":"<p>K\u00f8b billig Lenco &#8211; Retro-pladespiller i tr\u00e6 med Bluetooth\u00ae, DAB+\/FM-radio, USB-kodning, cd-afspiller, kassetteafspiller og indbyggede h\u00f8jttalere &#8211; TCD-2571WD! Lenco TCD-2571WD Classic Phono er et alt-i-en musiksystem med flot retrodesign, der tilf\u00f8jer karakter til enhver boligindretning. Dette musiksystem kombinerer klassiske funktioner med moderne afspilningsmuligheder og byder p\u00e5 pladespiller med remtr\u00e6k, indbygget CD-afspiller, kassetteafspiller, DAB+\/FM-radio samt Bluetooth\u00ae-modtagelse [&hellip;]<\/p>\n","protected":false},"featured_media":0,"template":"","meta":[],"store":[1272516],"product_brand":[1272526],"product_cat":[1272471],"product_tag":[1275188,1272790],"class_list":{"0":"post-446461","1":"product","2":"type-product","3":"status-publish","5":"store-butik24","6":"product_brand-lenco","7":"product_cat-underholdning","8":"product_tag-lenco","9":"product_tag-underholdning","10":"pa_maerke-lenco","12":"first","13":"instock","14":"product-type-external"},"_links":{"self":[{"href":"https:\/\/www.pricetornado.com\/da\/wp-json\/wp\/v2\/product\/446461","targetHints":{"allow":["GET"]}}],"collection":[{"href":"https:\/\/www.pricetornado.com\/da\/wp-json\/wp\/v2\/product"}],"about":[{"href":"https:\/\/www.pricetornado.com\/da\/wp-json\/wp\/v2\/types\/product"}],"wp:attachment":[{"href":"https:\/\/www.pricetornado.com\/da\/wp-json\/wp\/v2\/media?parent=446461"}],"wp:term":[{"taxonomy":"store","embeddable":true,"href":"https:\/\/www.pricetornado.com\/da\/wp-json\/wp\/v2\/store?post=446461"},{"taxonomy":"product_brand","embeddable":true,"href":"https:\/\/www.pricetornado.com\/da\/wp-json\/wp\/v2\/product_brand?post=446461"},{"taxonomy":"product_cat","embeddable":true,"href":"https:\/\/www.pricetornado.com\/da\/wp-json\/wp\/v2\/product_cat?post=446461"},{"taxonomy":"product_tag","embeddable":true,"href":"https:\/\/www.pricetornado.com\/da\/wp-json\/wp\/v2\/product_tag?post=446461"}],"curies":[{"name":"wp","href":"https:\/\/api.w.org\/{rel}","templated":true}]}}