{"id":446454,"date":"2025-02-24T20:46:55","date_gmt":"2025-02-24T19:46:55","guid":{"rendered":"https:\/\/www.pricetornado.com\/da\/produkt\/nedis-smartlife-smart-plug-wi-fi-ip44-3680-w-eu-stik-25-55-c-android-ios-graa-hvid-1-stk-wifipo130fwt\/"},"modified":"2026-03-11T02:24:57","modified_gmt":"2026-03-11T01:24:57","slug":"nedis-smartlife-smart-plug-wi-fi-ip44-3680-w-eu-stik-25-55-c-android-ios-graa-hvid-1-stk-wifipo130fwt","status":"publish","type":"product","link":"https:\/\/www.pricetornado.com\/da\/produkt\/nedis-smartlife-smart-plug-wi-fi-ip44-3680-w-eu-stik-25-55-c-android-ios-graa-hvid-1-stk-wifipo130fwt\/","title":{"rendered":"Nedis &#8211; SmartLife Smart Plug | Wi-Fi | IP44 | 3680 W | EU stik | -25 &#8211; 55 \u00b0C | Android\u2122 \/ IOS | Gr\u00e5 \/ Hvid | 1 stk. &#8211; WIFIPO130FWT"},"content":{"rendered":"<p>K\u00f8b billig Nedis &#8211; SmartLife Smart Plug | Wi-Fi | IP44 | 3680 W | EU stik | -25 &#8211; 55 \u00b0C | Android\u2122 \/ IOS | Gr\u00e5 \/ Hvid | 1 stk. &#8211; WIFIPO130FWT!<br \/>\nFjernstyr ethvert udend\u00f8rs apparat ved blot at slutte dem til dette tr\u00e5dl\u00f8se Nedis-smartstik og slutte dem til din smartphone eller tablet via din Wi-Fi-router.Du beh\u00f8ver ikke at v\u00e6re et teknisk geni eller en elektriker for at styre og automatisere dine tilsluttede apparater og enheder. Alt hvad du faktisk beh\u00f8ver er denne Smart Socket og din Wi-Fi-router. Vores intuitive app giver dig mulighed for at t\u00e6nde og slukke apparater eksternt og automatisk. Det kan endda fungere i forbindelse med stemmestyringssystemer som Amazon Alexa eller Google Home.Dette smarte stik er modstandsdygtigt over for regn med sit st\u00e6nkt\u00e6tte hus (IP44, n\u00e5r det ikke er i brug) og kan klare temperaturer fra -25 til 55 \u00b0C.Indstil tidsplaner for stikket for at t\u00e6nde apparater eller forbinde dem med andre for at skabe omgivende scener, der kan aktiveres med en enkelt kommando eller et tryk p\u00e5 en knap.Identificer hurtigt alle apparater, der bruger overdreven str\u00f8m for at sikre, at du bor i et smart og energieffektivt hjem.Oplev et bredt og stadigt voksende udvalg af produkter &#8211; s\u00e5som p\u00e6rer, kontakter, stikkontakter, sensorer og kameraer &#8211; der alle kan styres via en brugervenlig og intuitiv app. Med stemmestyringsfunktioner, der underst\u00f8ttes af Amazon Alexa og Google Home, og intet behov for andet end dit eksisterende Wi-Fi-netv\u00e6rk, er dette det forbundne, smarte hjem gjort enkelt.Uanset om du leder efter en enkelt smart p\u00e6re eller stikkontakt, eller du vil automatisere hele dit hus, kan du opdage, hvor tilg\u00e6ngelig smart teknologi er i dag.<\/p>\n<p>Sammenlign priser p\u00e5 Nedis &#8211; SmartLife Smart Plug | Wi-Fi | IP44 | 3680 W | EU stik | -25 &#8211; 55 \u00b0C | Android\u2122 \/ IOS | Gr\u00e5 \/ Hvid | 1 stk. &#8211; WIFIPO130FWT og k\u00f8b online til den billigste pris, samt p\u00e5 tilbud!\u00a0\u00a0Tjek den bedste pris, produkt beskrivelse, video, test, anmeldelser osv.<\/p>\n<p><strong>Brand: <\/strong>Nedis<br \/>\n<strong>EAN: <\/strong>5412810449699<br \/>\n<strong>Producentens varenr.:<\/strong> 5412810449699<\/p>\n<p><strong>P.S.<\/strong><br \/>\nTilmeld dig til &#8220;Opret Gratis Prisfald Alarm&#8221;, og bliv underrettet med det samme om prisfald p\u00e5 Nedis &#8211; SmartLife Smart Plug | Wi-Fi | IP44 | 3680 W | EU stik | -25 &#8211; 55 \u00b0C | Android\u2122 \/ IOS | Gr\u00e5 \/ Hvid | 1 stk. &#8211; WIFIPO130FWT, og f\u00e5 den billigste pris!<\/p>\n<p>&nbsp;<\/p>\n<p>&nbsp;<\/p>\n","protected":false},"excerpt":{"rendered":"<p>K\u00f8b billig Nedis &#8211; SmartLife Smart Plug | Wi-Fi | IP44 | 3680 W | EU stik | -25 &#8211; 55 \u00b0C | Android\u2122 \/ IOS | Gr\u00e5 \/ Hvid | 1 stk. &#8211; WIFIPO130FWT! Fjernstyr ethvert udend\u00f8rs apparat ved blot at slutte dem til dette tr\u00e5dl\u00f8se Nedis-smartstik og slutte dem til din smartphone eller [&hellip;]<\/p>\n","protected":false},"featured_media":0,"template":"","meta":[],"store":[1272516],"product_brand":[1272517],"product_cat":[1272467],"product_tag":[1275178,1273383],"class_list":{"0":"post-446454","1":"product","2":"type-product","3":"status-publish","5":"store-butik24","6":"product_brand-nedis","7":"product_cat-power-og-energi","8":"product_tag-nedis","9":"product_tag-power-og-energi","10":"pa_maerke-nedis","12":"first","13":"instock","14":"product-type-external"},"_links":{"self":[{"href":"https:\/\/www.pricetornado.com\/da\/wp-json\/wp\/v2\/product\/446454","targetHints":{"allow":["GET"]}}],"collection":[{"href":"https:\/\/www.pricetornado.com\/da\/wp-json\/wp\/v2\/product"}],"about":[{"href":"https:\/\/www.pricetornado.com\/da\/wp-json\/wp\/v2\/types\/product"}],"wp:attachment":[{"href":"https:\/\/www.pricetornado.com\/da\/wp-json\/wp\/v2\/media?parent=446454"}],"wp:term":[{"taxonomy":"store","embeddable":true,"href":"https:\/\/www.pricetornado.com\/da\/wp-json\/wp\/v2\/store?post=446454"},{"taxonomy":"product_brand","embeddable":true,"href":"https:\/\/www.pricetornado.com\/da\/wp-json\/wp\/v2\/product_brand?post=446454"},{"taxonomy":"product_cat","embeddable":true,"href":"https:\/\/www.pricetornado.com\/da\/wp-json\/wp\/v2\/product_cat?post=446454"},{"taxonomy":"product_tag","embeddable":true,"href":"https:\/\/www.pricetornado.com\/da\/wp-json\/wp\/v2\/product_tag?post=446454"}],"curies":[{"name":"wp","href":"https:\/\/api.w.org\/{rel}","templated":true}]}}