{"id":446445,"date":"2025-02-20T20:57:45","date_gmt":"2025-02-20T19:57:45","guid":{"rendered":"https:\/\/www.pricetornado.com\/da\/produkt\/nedis-forforstaerker-tilslutninger-indgang-1x-rca-tilslutninger-udgang-1x-rca-2-kanaler-phono-pladespiller-automatisk-sort-aamp2411bk\/"},"modified":"2026-04-19T02:00:30","modified_gmt":"2026-04-19T00:00:30","slug":"nedis-forforstaerker-tilslutninger-indgang-1x-rca-tilslutninger-udgang-1x-rca-2-kanaler-phono-pladespiller-automatisk-sort-aamp2411bk","status":"publish","type":"product","link":"https:\/\/www.pricetornado.com\/da\/produkt\/nedis-forforstaerker-tilslutninger-indgang-1x-rca-tilslutninger-udgang-1x-rca-2-kanaler-phono-pladespiller-automatisk-sort-aamp2411bk\/","title":{"rendered":"Nedis &#8211; Forforst\u00e6rker | Tilslutninger indgang: 1x RCA | Tilslutninger udgang: 1x RCA | 2 Kanaler | Phono \/ Pladespiller | Automatisk | Sort &#8211; AAMP2411BK"},"content":{"rendered":"<p>K\u00f8b billig Nedis &#8211; Forforst\u00e6rker | Tilslutninger indgang: 1x RCA | Tilslutninger udgang: 1x RCA | 2 Kanaler | Phono \/ Pladespiller | Automatisk | Sort &#8211; AAMP2411BK!<br \/>\nDenne Nedis-forforst\u00e6rker er ideel, hvis du vil slutte en pladespiller til et lydsystem eller til eksterne h\u00f8jttalere. Forforst\u00e6rkeren l\u00f8fter og forst\u00e6rker signalet fra din pladespiller, s\u00e5 det let modtages af lydsystem eller h\u00f8jttalere, hvilket forbedrer lydkvaliteten betydeligt. Nyd musikken fra din vinyl med klar og forbedret lyd, uanset hvor du befinder dig.Forforst\u00e6rkeren fra Nedis er konstrueret i et stilrent og robust metaldesign, der sikrer b\u00e5de holdbarhed og portabilitet. Den kompakte st\u00f8rrelse g\u00f8r den nem at transportere og bruge i forskellige milj\u00f8er, samtidig med at det elegante look matcher enhver lydops\u00e6tning.Udstyret med guldbelagte RCA-indgange og -udgange sikrer forforst\u00e6rkeren optimal lydtransmission mellem din pladespiller og dine h\u00f8jttalere eller dit lydsystem. Den har desuden automatisk drift, t\u00e6nd\/sluk-knap og LED-indikator, s\u00e5 du nemt kan betjene og overv\u00e5ge enheden.Med Nedis-forforst\u00e6rkeren f\u00e5r du en p\u00e5lidelig l\u00f8sning til at opgradere din vinyloplevelse, uanset om du er nybegynder eller entusiast. G\u00f8r det let at tilslutte din pladespiller og nyd klar, detaljeret lyd i ethvert lydmilj\u00f8.<\/p>\n<p>Sammenlign priser p\u00e5 Nedis &#8211; Forforst\u00e6rker | Tilslutninger indgang: 1x RCA | Tilslutninger udgang: 1x RCA | 2 Kanaler | Phono \/ Pladespiller | Automatisk | Sort &#8211; AAMP2411BK og k\u00f8b online til den billigste pris, samt p\u00e5 tilbud!\u00a0\u00a0Tjek den bedste pris, produkt beskrivelse, video, test, anmeldelser osv.<\/p>\n<p><strong>Brand: <\/strong>Nedis<br \/>\n<strong>EAN: <\/strong>5412810333233<br \/>\n<strong>Producentens varenr.:<\/strong> 5412810333233<\/p>\n<p><strong>P.S.<\/strong><br \/>\nTilmeld dig til &#8220;Opret Gratis Prisfald Alarm&#8221;, og bliv underrettet med det samme om prisfald p\u00e5 Nedis &#8211; Forforst\u00e6rker | Tilslutninger indgang: 1x RCA | Tilslutninger udgang: 1x RCA | 2 Kanaler | Phono \/ Pladespiller | Automatisk | Sort &#8211; AAMP2411BK, og f\u00e5 den billigste pris!<\/p>\n<p>&nbsp;<\/p>\n<p>&nbsp;<\/p>\n","protected":false},"excerpt":{"rendered":"<p>K\u00f8b billig Nedis &#8211; Forforst\u00e6rker | Tilslutninger indgang: 1x RCA | Tilslutninger udgang: 1x RCA | 2 Kanaler | Phono \/ Pladespiller | Automatisk | Sort &#8211; AAMP2411BK! Denne Nedis-forforst\u00e6rker er ideel, hvis du vil slutte en pladespiller til et lydsystem eller til eksterne h\u00f8jttalere. Forforst\u00e6rkeren l\u00f8fter og forst\u00e6rker signalet fra din pladespiller, s\u00e5 det [&hellip;]<\/p>\n","protected":false},"featured_media":999980000004464450,"template":"","meta":[],"store":[1272516],"product_brand":[1272517],"product_cat":[1272471],"product_tag":[1275178,1272790],"class_list":{"0":"post-446445","1":"product","2":"type-product","3":"status-publish","4":"has-post-thumbnail","6":"store-butik24","7":"product_brand-nedis","8":"product_cat-underholdning","9":"product_tag-nedis","10":"product_tag-underholdning","11":"pa_maerke-nedis","13":"first","14":"instock","15":"product-type-external"},"_links":{"self":[{"href":"https:\/\/www.pricetornado.com\/da\/wp-json\/wp\/v2\/product\/446445","targetHints":{"allow":["GET"]}}],"collection":[{"href":"https:\/\/www.pricetornado.com\/da\/wp-json\/wp\/v2\/product"}],"about":[{"href":"https:\/\/www.pricetornado.com\/da\/wp-json\/wp\/v2\/types\/product"}],"wp:featuredmedia":[{"embeddable":true,"href":"https:\/\/www.pricetornado.com\/da\/wp-json\/"}],"wp:attachment":[{"href":"https:\/\/www.pricetornado.com\/da\/wp-json\/wp\/v2\/media?parent=446445"}],"wp:term":[{"taxonomy":"store","embeddable":true,"href":"https:\/\/www.pricetornado.com\/da\/wp-json\/wp\/v2\/store?post=446445"},{"taxonomy":"product_brand","embeddable":true,"href":"https:\/\/www.pricetornado.com\/da\/wp-json\/wp\/v2\/product_brand?post=446445"},{"taxonomy":"product_cat","embeddable":true,"href":"https:\/\/www.pricetornado.com\/da\/wp-json\/wp\/v2\/product_cat?post=446445"},{"taxonomy":"product_tag","embeddable":true,"href":"https:\/\/www.pricetornado.com\/da\/wp-json\/wp\/v2\/product_tag?post=446445"}],"curies":[{"name":"wp","href":"https:\/\/api.w.org\/{rel}","templated":true}]}}