{"id":446444,"date":"2025-02-25T03:04:22","date_gmt":"2025-02-25T02:04:22","guid":{"rendered":"https:\/\/www.pricetornado.com\/da\/produkt\/nedis-kablede-on-ear-hovedtelefoner-3-5-mm-kabellaengde-1-10-m-sort-hpwd1104bk\/"},"modified":"2026-04-17T03:20:25","modified_gmt":"2026-04-17T01:20:25","slug":"nedis-kablede-on-ear-hovedtelefoner-3-5-mm-kabellaengde-1-10-m-sort-hpwd1104bk","status":"publish","type":"product","link":"https:\/\/www.pricetornado.com\/da\/produkt\/nedis-kablede-on-ear-hovedtelefoner-3-5-mm-kabellaengde-1-10-m-sort-hpwd1104bk\/","title":{"rendered":"Nedis &#8211; Kablede On-Ear Hovedtelefoner | 3.5 mm | Kabell\u00e6ngde: 1.10 m | Sort &#8211; HPWD1104BK"},"content":{"rendered":"<p>K\u00f8b billig Nedis &#8211; Kablede On-Ear Hovedtelefoner | 3.5 mm | Kabell\u00e6ngde: 1.10 m | Sort &#8211; HPWD1104BK!<br \/>\nDisse kompakte, kablede on-ear hovedtelefoner fra Nedis er det perfekte valg til dig, der \u00f8nsker maksimal brugerkomfort og v\u00e6rdi for pengene. Hovedtelefonerne er ultralette, s\u00e5 du n\u00e6sten glemmer, at du har dem p\u00e5, mens de bl\u00f8de on-ear puder og den justerbare hovedb\u00f8jle sikrer en behagelig pasform \u2013 selv ved l\u00e6ngere tids lytning. Det g\u00f8r dem ideelle til musik, podcasts og andre lydoplevelser fra smartphone eller b\u00e6rbare enheder, n\u00e5r du er p\u00e5 farten.Hovedtelefonerne er fremstillet i robust ABS-materiale, der er b\u00e5de slidst\u00e6rkt og modstandsdygtigt over for st\u00f8d. Dette bidrager til produktets lange levetid og \u00f8ger deres portabilitet. Det fleksible, rundt formede kabel p\u00e5 1,10 meter er sk\u00e6rmet, s\u00e5 du undg\u00e5r filtrede ledninger og f\u00e5r nem h\u00e5ndtering i hverdagen.De 40 mm neodym-drivere leverer en kraftfuld, detaljeret og komplet lydoplevelse, der ikke g\u00e5r p\u00e5 kompromis med kvaliteten. Med et frekvensomr\u00e5de p\u00e5 20 Hz til 20 kHz gengiver hovedtelefonerne hele spektret af lyd \u2013 fra dybe bastoner til klare diskantdetaljer. Standard 3,5 mm jackstik sikrer nem tilslutning til de fleste smartphones, tablets og b\u00e6rbare enheder.-udstyr.<\/p>\n<p>Sammenlign priser p\u00e5 Nedis &#8211; Kablede On-Ear Hovedtelefoner | 3.5 mm | Kabell\u00e6ngde: 1.10 m | Sort &#8211; HPWD1104BK og k\u00f8b online til den billigste pris, samt p\u00e5 tilbud!\u00a0\u00a0Tjek den bedste pris, produkt beskrivelse, video, test, anmeldelser osv.<\/p>\n<p><strong>Brand: <\/strong>Nedis<br \/>\n<strong>EAN: <\/strong>5412810322978<br \/>\n<strong>Producentens varenr.:<\/strong> 5412810322978<\/p>\n<p><strong>P.S.<\/strong><br \/>\nTilmeld dig til &#8220;Opret Gratis Prisfald Alarm&#8221;, og bliv underrettet med det samme om prisfald p\u00e5 Nedis &#8211; Kablede On-Ear Hovedtelefoner | 3.5 mm | Kabell\u00e6ngde: 1.10 m | Sort &#8211; HPWD1104BK, og f\u00e5 den billigste pris!<\/p>\n<p>&nbsp;<\/p>\n<p>&nbsp;<\/p>\n","protected":false},"excerpt":{"rendered":"<p>K\u00f8b billig Nedis &#8211; Kablede On-Ear Hovedtelefoner | 3.5 mm | Kabell\u00e6ngde: 1.10 m | Sort &#8211; HPWD1104BK! Disse kompakte, kablede on-ear hovedtelefoner fra Nedis er det perfekte valg til dig, der \u00f8nsker maksimal brugerkomfort og v\u00e6rdi for pengene. Hovedtelefonerne er ultralette, s\u00e5 du n\u00e6sten glemmer, at du har dem p\u00e5, mens de bl\u00f8de on-ear [&hellip;]<\/p>\n","protected":false},"featured_media":999980000004464440,"template":"","meta":[],"store":[1272516],"product_brand":[1272517],"product_cat":[1272434],"product_tag":[1272843,1275178],"class_list":{"0":"post-446444","1":"product","2":"type-product","3":"status-publish","4":"has-post-thumbnail","6":"store-butik24","7":"product_brand-nedis","8":"product_cat-hovedtelefoner","9":"product_tag-hovedtelefoner","10":"product_tag-nedis","11":"pa_maerke-nedis","13":"first","14":"instock","15":"product-type-external"},"_links":{"self":[{"href":"https:\/\/www.pricetornado.com\/da\/wp-json\/wp\/v2\/product\/446444","targetHints":{"allow":["GET"]}}],"collection":[{"href":"https:\/\/www.pricetornado.com\/da\/wp-json\/wp\/v2\/product"}],"about":[{"href":"https:\/\/www.pricetornado.com\/da\/wp-json\/wp\/v2\/types\/product"}],"wp:featuredmedia":[{"embeddable":true,"href":"https:\/\/www.pricetornado.com\/da\/wp-json\/"}],"wp:attachment":[{"href":"https:\/\/www.pricetornado.com\/da\/wp-json\/wp\/v2\/media?parent=446444"}],"wp:term":[{"taxonomy":"store","embeddable":true,"href":"https:\/\/www.pricetornado.com\/da\/wp-json\/wp\/v2\/store?post=446444"},{"taxonomy":"product_brand","embeddable":true,"href":"https:\/\/www.pricetornado.com\/da\/wp-json\/wp\/v2\/product_brand?post=446444"},{"taxonomy":"product_cat","embeddable":true,"href":"https:\/\/www.pricetornado.com\/da\/wp-json\/wp\/v2\/product_cat?post=446444"},{"taxonomy":"product_tag","embeddable":true,"href":"https:\/\/www.pricetornado.com\/da\/wp-json\/wp\/v2\/product_tag?post=446444"}],"curies":[{"name":"wp","href":"https:\/\/api.w.org\/{rel}","templated":true}]}}