{"id":446442,"date":"2025-02-22T09:16:23","date_gmt":"2025-02-22T08:16:23","guid":{"rendered":"https:\/\/www.pricetornado.com\/da\/produkt\/nedis-catv-forstaerker-forstaerkning-25-db-47-694-mhz-antal-output-2-faa-kontrol-hvid-samp42222wt\/"},"modified":"2026-04-17T02:50:36","modified_gmt":"2026-04-17T00:50:36","slug":"nedis-catv-forstaerker-forstaerkning-25-db-47-694-mhz-antal-output-2-faa-kontrol-hvid-samp42222wt","status":"publish","type":"product","link":"https:\/\/www.pricetornado.com\/da\/produkt\/nedis-catv-forstaerker-forstaerkning-25-db-47-694-mhz-antal-output-2-faa-kontrol-hvid-samp42222wt\/","title":{"rendered":"Nedis &#8211; CATV forst\u00e6rker | Forst\u00e6rkning: 25 dB | 47 &#8211; 694 MHz | Antal output: 2 | F\u00e5 kontrol | Hvid &#8211; SAMP42222WT"},"content":{"rendered":"<p>K\u00f8b billig Nedis &#8211; CATV forst\u00e6rker | Forst\u00e6rkning: 25 dB | 47 &#8211; 694 MHz | Antal output: 2 | F\u00e5 kontrol | Hvid &#8211; SAMP42222WT!<br \/>\nNedis 2-vejs antenneforst\u00e6rker er udviklet til optimal signalstyrke til b\u00e5de TV og radio. Med sit diskrete, hvide kabinet passer den nemt ind i enhver boligindretning, og den leverer forbedret modtagelse ved at forst\u00e6rke dine signaler med op til 25 dB. Dette giver dig en klarere billed- og lydkvalitet uden forstyrrelser, s\u00e5 du kan nyde dine kanaler uden afbrydelser.Forst\u00e6rkeren giver dig mulighed for pr\u00e6cist at justere signalstyrken med gain-kontrol fra 8 til 25 dB, s\u00e5 du kan tilpasse den efter dine behov og kildens output. Det aktive fordelingssystem underst\u00f8tter frekvensomr\u00e5det fra 47 til 694 MHz, hvilket betyder, at den kan fordele b\u00e5de TV-, FM- og DAB-signaler til op til to modtagere p\u00e5 \u00e9n gang.Installationen er enkel med \u00e9n IEC-indgang og to IEC-udgange, hvilket sikrer en sikker og stabil kabelforbindelse. Den indbyggede str\u00f8mforsyningsenhed p\u00e5 230 V er selvjusterende, hvilket betyder, at forst\u00e6rkeren tilpasser sig automatiske sp\u00e6ndingsudsving for at levere en stabil og driftssikker ydelse i hjemmet.Med Nedis 2-vejs antenneforst\u00e6rker f\u00e5r du en brugervenlig l\u00f8sning, der effektivt forbedrer signalmodtagelsen til b\u00e5de TV og radio. Den solide konstruktion og nemme tilslutning g\u00f8r det hurtigt og problemfrit at opgradere dit antennesystem og sikre optimal ydeevne i hjemmet.<\/p>\n<p>Sammenlign priser p\u00e5 Nedis &#8211; CATV forst\u00e6rker | Forst\u00e6rkning: 25 dB | 47 &#8211; 694 MHz | Antal output: 2 | F\u00e5 kontrol | Hvid &#8211; SAMP42222WT og k\u00f8b online til den billigste pris, samt p\u00e5 tilbud!\u00a0\u00a0Tjek den bedste pris, produkt beskrivelse, video, test, anmeldelser osv.<\/p>\n<p><strong>Brand: <\/strong>Nedis<br \/>\n<strong>EAN: <\/strong>5412810469055<br \/>\n<strong>Producentens varenr.:<\/strong> 5412810469055<\/p>\n<p><strong>P.S.<\/strong><br \/>\nTilmeld dig til &#8220;Opret Gratis Prisfald Alarm&#8221;, og bliv underrettet med det samme om prisfald p\u00e5 Nedis &#8211; CATV forst\u00e6rker | Forst\u00e6rkning: 25 dB | 47 &#8211; 694 MHz | Antal output: 2 | F\u00e5 kontrol | Hvid &#8211; SAMP42222WT, og f\u00e5 den billigste pris!<\/p>\n<p>&nbsp;<\/p>\n<p>&nbsp;<\/p>\n","protected":false},"excerpt":{"rendered":"<p>K\u00f8b billig Nedis &#8211; CATV forst\u00e6rker | Forst\u00e6rkning: 25 dB | 47 &#8211; 694 MHz | Antal output: 2 | F\u00e5 kontrol | Hvid &#8211; SAMP42222WT! Nedis 2-vejs antenneforst\u00e6rker er udviklet til optimal signalstyrke til b\u00e5de TV og radio. Med sit diskrete, hvide kabinet passer den nemt ind i enhver boligindretning, og den leverer forbedret [&hellip;]<\/p>\n","protected":false},"featured_media":999980000004464420,"template":"","meta":[],"store":[1272516],"product_brand":[1272517],"product_cat":[1272442],"product_tag":[1273444,1275178],"class_list":{"0":"post-446442","1":"product","2":"type-product","3":"status-publish","4":"has-post-thumbnail","6":"store-butik24","7":"product_brand-nedis","8":"product_cat-antenner","9":"product_tag-antenner","10":"product_tag-nedis","11":"pa_maerke-nedis","13":"first","14":"instock","15":"product-type-external"},"_links":{"self":[{"href":"https:\/\/www.pricetornado.com\/da\/wp-json\/wp\/v2\/product\/446442","targetHints":{"allow":["GET"]}}],"collection":[{"href":"https:\/\/www.pricetornado.com\/da\/wp-json\/wp\/v2\/product"}],"about":[{"href":"https:\/\/www.pricetornado.com\/da\/wp-json\/wp\/v2\/types\/product"}],"wp:featuredmedia":[{"embeddable":true,"href":"https:\/\/www.pricetornado.com\/da\/wp-json\/"}],"wp:attachment":[{"href":"https:\/\/www.pricetornado.com\/da\/wp-json\/wp\/v2\/media?parent=446442"}],"wp:term":[{"taxonomy":"store","embeddable":true,"href":"https:\/\/www.pricetornado.com\/da\/wp-json\/wp\/v2\/store?post=446442"},{"taxonomy":"product_brand","embeddable":true,"href":"https:\/\/www.pricetornado.com\/da\/wp-json\/wp\/v2\/product_brand?post=446442"},{"taxonomy":"product_cat","embeddable":true,"href":"https:\/\/www.pricetornado.com\/da\/wp-json\/wp\/v2\/product_cat?post=446442"},{"taxonomy":"product_tag","embeddable":true,"href":"https:\/\/www.pricetornado.com\/da\/wp-json\/wp\/v2\/product_tag?post=446442"}],"curies":[{"name":"wp","href":"https:\/\/api.w.org\/{rel}","templated":true}]}}