{"id":446440,"date":"2025-02-22T13:59:59","date_gmt":"2025-02-22T12:59:59","guid":{"rendered":"https:\/\/www.pricetornado.com\/da\/produkt\/nedis-smartlife-smoke-detector-wi-fi-battery-powered-sensor-life-cycle-10-year-en-14604-max-battery-life-120-months-wifids30wt\/"},"modified":"2026-04-17T02:30:09","modified_gmt":"2026-04-17T00:30:09","slug":"nedis-smartlife-smoke-detector-wi-fi-battery-powered-sensor-life-cycle-10-year-en-14604-max-battery-life-120-months-wifids30wt","status":"publish","type":"product","link":"https:\/\/www.pricetornado.com\/da\/produkt\/nedis-smartlife-smoke-detector-wi-fi-battery-powered-sensor-life-cycle-10-year-en-14604-max-battery-life-120-months-wifids30wt\/","title":{"rendered":"Nedis &#8211; SmartLife Smoke Detector | Wi-Fi | Battery Powered | Sensor life cycle: 10 year | EN 14604 | Max. battery life: 120 Months &#8211; WIFIDS30WT"},"content":{"rendered":"<p>K\u00f8b billig Nedis &#8211; SmartLife Smoke Detector | Wi-Fi | Battery Powered | Sensor life cycle: 10 year | EN 14604 | Max. battery life: 120 Months &#8211; WIFIDS30WT!<br \/>\nBeskyt dit hjem effektivt med Nedis SmartLife Wi-Fi-r\u00f8g- og varmealarm. Denne avancerede detektor sikrer \u00f8jeblikkelig registrering af b\u00e5de r\u00f8g og hurtige temperaturstigninger, s\u00e5 du altid f\u00e5r realtidsadvarsler via din smartphone uanset tid og sted. N\u00e5r der registreres fare, aktiveres en kraftig 85 dB sirene, der giver dig mulighed for at reagere hurtigt ved brand.Nedis SmartLife Wi-Fi-r\u00f8g- og varmealarm anvender b\u00e5de en fotoelektrisk r\u00f8gdetektor og en varmef\u00f8ler for optimal sikkerhed. Denne dobbelte sensor reducerer falske alarmer, registrerer r\u00f8g tidligt og reagerer p\u00e5 pludselige temperaturstigninger. Alarmen er testet og godkendt iht. EN 14604-standarderne og er designet til indend\u00f8rs brug i boliger.Mulighed for smart home-automatiseringer, f.eks. at t\u00e6nde lys eller sende besked til flere brugere ved alarmMed Nedis SmartLife Wi-Fi-r\u00f8g- og varmealarmen f\u00e5r du avanceret brandsikring, langvarig holdbarhed og nem integration i dit smarte hjem. G\u00f8r sikkerheden smart og tryg \u2013 og bestil i dag for effektiv beskyttelse \u00e5ret rundt.<\/p>\n<p>Sammenlign priser p\u00e5 Nedis &#8211; SmartLife Smoke Detector | Wi-Fi | Battery Powered | Sensor life cycle: 10 year | EN 14604 | Max. battery life: 120 Months &#8211; WIFIDS30WT og k\u00f8b online til den billigste pris, samt p\u00e5 tilbud!\u00a0\u00a0Tjek den bedste pris, produkt beskrivelse, video, test, anmeldelser osv.<\/p>\n<p><strong>Brand: <\/strong>Nedis<br \/>\n<strong>EAN: <\/strong>5412810471560<br \/>\n<strong>Producentens varenr.:<\/strong> 5412810471560<\/p>\n<p><strong>P.S.<\/strong><br \/>\nTilmeld dig til &#8220;Opret Gratis Prisfald Alarm&#8221;, og bliv underrettet med det samme om prisfald p\u00e5 Nedis &#8211; SmartLife Smoke Detector | Wi-Fi | Battery Powered | Sensor life cycle: 10 year | EN 14604 | Max. battery life: 120 Months &#8211; WIFIDS30WT, og f\u00e5 den billigste pris!<\/p>\n<p>&nbsp;<\/p>\n<p>&nbsp;<\/p>\n","protected":false},"excerpt":{"rendered":"<p>K\u00f8b billig Nedis &#8211; SmartLife Smoke Detector | Wi-Fi | Battery Powered | Sensor life cycle: 10 year | EN 14604 | Max. battery life: 120 Months &#8211; WIFIDS30WT! Beskyt dit hjem effektivt med Nedis SmartLife Wi-Fi-r\u00f8g- og varmealarm. Denne avancerede detektor sikrer \u00f8jeblikkelig registrering af b\u00e5de r\u00f8g og hurtige temperaturstigninger, s\u00e5 du altid f\u00e5r [&hellip;]<\/p>\n","protected":false},"featured_media":999980000004464400,"template":"","meta":[],"store":[1272516],"product_brand":[1272517],"product_cat":[1272469],"product_tag":[1273060,1275178],"class_list":{"0":"post-446440","1":"product","2":"type-product","3":"status-publish","4":"has-post-thumbnail","6":"store-butik24","7":"product_brand-nedis","8":"product_cat-detektorer","9":"product_tag-detektorer","10":"product_tag-nedis","11":"pa_maerke-nedis","13":"first","14":"instock","15":"product-type-external"},"_links":{"self":[{"href":"https:\/\/www.pricetornado.com\/da\/wp-json\/wp\/v2\/product\/446440","targetHints":{"allow":["GET"]}}],"collection":[{"href":"https:\/\/www.pricetornado.com\/da\/wp-json\/wp\/v2\/product"}],"about":[{"href":"https:\/\/www.pricetornado.com\/da\/wp-json\/wp\/v2\/types\/product"}],"wp:featuredmedia":[{"embeddable":true,"href":"https:\/\/www.pricetornado.com\/da\/wp-json\/"}],"wp:attachment":[{"href":"https:\/\/www.pricetornado.com\/da\/wp-json\/wp\/v2\/media?parent=446440"}],"wp:term":[{"taxonomy":"store","embeddable":true,"href":"https:\/\/www.pricetornado.com\/da\/wp-json\/wp\/v2\/store?post=446440"},{"taxonomy":"product_brand","embeddable":true,"href":"https:\/\/www.pricetornado.com\/da\/wp-json\/wp\/v2\/product_brand?post=446440"},{"taxonomy":"product_cat","embeddable":true,"href":"https:\/\/www.pricetornado.com\/da\/wp-json\/wp\/v2\/product_cat?post=446440"},{"taxonomy":"product_tag","embeddable":true,"href":"https:\/\/www.pricetornado.com\/da\/wp-json\/wp\/v2\/product_tag?post=446440"}],"curies":[{"name":"wp","href":"https:\/\/api.w.org\/{rel}","templated":true}]}}