{"id":446435,"date":"2025-02-24T20:29:05","date_gmt":"2025-02-24T19:29:05","guid":{"rendered":"https:\/\/www.pricetornado.com\/da\/produkt\/alecto-roegalarm-batteridrevet-batterilevetid-op-til-5-aar-en-14604-med-testknap-85-db-abs-hvid-sd510\/"},"modified":"2026-04-17T02:50:35","modified_gmt":"2026-04-17T00:50:35","slug":"alecto-roegalarm-batteridrevet-batterilevetid-op-til-5-aar-en-14604-med-testknap-85-db-abs-hvid-sd510","status":"publish","type":"product","link":"https:\/\/www.pricetornado.com\/da\/produkt\/alecto-roegalarm-batteridrevet-batterilevetid-op-til-5-aar-en-14604-med-testknap-85-db-abs-hvid-sd510\/","title":{"rendered":"Alecto &#8211; R\u00f8galarm | Batteridrevet | Batterilevetid op til: 5 \u00e5r | EN 14604 | Med testknap | 85 dB | ABS | Hvid &#8211; SD510"},"content":{"rendered":"<p>K\u00f8b billig Alecto &#8211; R\u00f8galarm | Batteridrevet | Batterilevetid op til: 5 \u00e5r | EN 14604 | Med testknap | 85 dB | ABS | Hvid &#8211; SD510!<br \/>\nS\u00f8rg for p\u00e5lidelig brandsikkerhed i hjemmet med Alecto Mini-r\u00f8galarmen. Denne r\u00f8galarm er designet til hurtig og pr\u00e6cis opdagelse af r\u00f8g og brand, hvilket giver dig v\u00e6rdifuld tid til at reagere. Dens kompakte, stilfulde og diskrete design passer perfekt ind i ethvert rum uden at g\u00e5 p\u00e5 kompromis med sikkerheden.Alecto Mini-r\u00f8galarmen udsender en kraftig alarm p\u00e5 over 85 dB, s\u00e5 du tydeligt bliver advaret ved r\u00f8gudvikling. Med test- og nulstillingsknap kan du let kontrollere, at alarmen fungerer korrekt, helt uden besv\u00e6rlige processer. En indikator for lavt batteriniveau sikrer, at du altid ved, hvorn\u00e5r batteriet skal udskiftes.R\u00f8galarmen er fremstillet i st\u00e6rk og holdbar ABS-plastik, der giver god modstandsdygtighed over for st\u00f8d og varme. Den batteridrevne enhed har et langtidsholdbart litiumbatteri med op til 5 \u00e5rs levetid og energibesparende funktion, s\u00e5 du undg\u00e5r hyppige batteriskift. Tre batterier er inkluderet pr. enhed.Alecto Mini-r\u00f8galarmen er optisk og opfylder EN14604:2005\/AC:2008, den g\u00e6ldende europ\u00e6iske standard for p\u00e5lidelige og sikre r\u00f8galarmer. Det garanterer sikker og effektiv brandsikring i dit hjem.Installationen er hurtig og ukompliceret, og alt n\u00f8dvendigt monteringsmateriale medf\u00f8lger. R\u00f8galarmen egner sig perfekt til sovev\u00e6relser, stuer, gange og k\u00f8kkener, hvor den sikrer diskret og effektiv brandsikring i hele hjemmet.V\u00e6lg Alecto Mini-r\u00f8galarm og f\u00e5 tryghed i hverdagen med p\u00e5lidelig, holdbar og effektiv brandsikring, der passer ind i ethvert hjem.<\/p>\n<p>Sammenlign priser p\u00e5 Alecto &#8211; R\u00f8galarm | Batteridrevet | Batterilevetid op til: 5 \u00e5r | EN 14604 | Med testknap | 85 dB | ABS | Hvid &#8211; SD510 og k\u00f8b online til den billigste pris, samt p\u00e5 tilbud!\u00a0\u00a0Tjek den bedste pris, produkt beskrivelse, video, test, anmeldelser osv.<\/p>\n<p><strong>Brand: <\/strong>Alecto<br \/>\n<strong>EAN: <\/strong>8711902089377<br \/>\n<strong>Producentens varenr.:<\/strong> 8711902089377<\/p>\n<p><strong>P.S.<\/strong><br \/>\nTilmeld dig til &#8220;Opret Gratis Prisfald Alarm&#8221;, og bliv underrettet med det samme om prisfald p\u00e5 Alecto &#8211; R\u00f8galarm | Batteridrevet | Batterilevetid op til: 5 \u00e5r | EN 14604 | Med testknap | 85 dB | ABS | Hvid &#8211; SD510, og f\u00e5 den billigste pris!<\/p>\n<p>&nbsp;<\/p>\n<p>&nbsp;<\/p>\n","protected":false},"excerpt":{"rendered":"<p>K\u00f8b billig Alecto &#8211; R\u00f8galarm | Batteridrevet | Batterilevetid op til: 5 \u00e5r | EN 14604 | Med testknap | 85 dB | ABS | Hvid &#8211; SD510! S\u00f8rg for p\u00e5lidelig brandsikkerhed i hjemmet med Alecto Mini-r\u00f8galarmen. Denne r\u00f8galarm er designet til hurtig og pr\u00e6cis opdagelse af r\u00f8g og brand, hvilket giver dig v\u00e6rdifuld tid [&hellip;]<\/p>\n","protected":false},"featured_media":999980000004464350,"template":"","meta":[],"store":[1272516],"product_brand":[1272518],"product_cat":[1272469],"product_tag":[1275186,1273060],"class_list":{"0":"post-446435","1":"product","2":"type-product","3":"status-publish","4":"has-post-thumbnail","6":"store-butik24","7":"product_brand-alecto","8":"product_cat-detektorer","9":"product_tag-alecto","10":"product_tag-detektorer","11":"pa_maerke-alecto","13":"first","14":"instock","15":"product-type-external"},"_links":{"self":[{"href":"https:\/\/www.pricetornado.com\/da\/wp-json\/wp\/v2\/product\/446435","targetHints":{"allow":["GET"]}}],"collection":[{"href":"https:\/\/www.pricetornado.com\/da\/wp-json\/wp\/v2\/product"}],"about":[{"href":"https:\/\/www.pricetornado.com\/da\/wp-json\/wp\/v2\/types\/product"}],"wp:featuredmedia":[{"embeddable":true,"href":"https:\/\/www.pricetornado.com\/da\/wp-json\/"}],"wp:attachment":[{"href":"https:\/\/www.pricetornado.com\/da\/wp-json\/wp\/v2\/media?parent=446435"}],"wp:term":[{"taxonomy":"store","embeddable":true,"href":"https:\/\/www.pricetornado.com\/da\/wp-json\/wp\/v2\/store?post=446435"},{"taxonomy":"product_brand","embeddable":true,"href":"https:\/\/www.pricetornado.com\/da\/wp-json\/wp\/v2\/product_brand?post=446435"},{"taxonomy":"product_cat","embeddable":true,"href":"https:\/\/www.pricetornado.com\/da\/wp-json\/wp\/v2\/product_cat?post=446435"},{"taxonomy":"product_tag","embeddable":true,"href":"https:\/\/www.pricetornado.com\/da\/wp-json\/wp\/v2\/product_tag?post=446435"}],"curies":[{"name":"wp","href":"https:\/\/api.w.org\/{rel}","templated":true}]}}