{"id":446432,"date":"2025-02-22T10:03:03","date_gmt":"2025-02-22T09:03:03","guid":{"rendered":"https:\/\/www.pricetornado.com\/da\/produkt\/alecto-flaske-og-babymadsvarmer-bw800\/"},"modified":"2026-04-16T10:00:10","modified_gmt":"2026-04-16T08:00:10","slug":"alecto-flaske-og-babymadsvarmer-bw800","status":"publish","type":"product","link":"https:\/\/www.pricetornado.com\/da\/produkt\/alecto-flaske-og-babymadsvarmer-bw800\/","title":{"rendered":"Alecto &#8211; Flaske- og babymadsvarmer &#8211; BW800"},"content":{"rendered":"<p>K\u00f8b billig Alecto &#8211; Flaske- og babymadsvarmer &#8211; BW800!<br \/>\nAlecto flaske- og babymadsvarmer er udviklet til effektiv opvarmning af b\u00e5de sutteflasker og babymad. Den egner sig perfekt til for\u00e6ldre, der \u00f8nsker en simpel og p\u00e5lidelig l\u00f8sning til hurtigt at varme mad og drikke til deres sp\u00e6db\u00f8rn i hjemmet.Apparatet kan anvendes til opvarmning af b\u00e5de moderm\u00e6lk p\u00e5 flaske og babymad, hvilket g\u00f8r det til et praktisk og alsidigt redskab i hverdagen. Varmeren skal tilsluttes almindelig stikkontakt og er beregnet til station\u00e6r brug, hvilket sikrer stabilitet under opvarmningen.Medf\u00f8lgende brugermanual giver tydelige trin-for-trin instruktioner, som g\u00f8r det nemt og hurtigt at tage produktet i brug \u2013 selv for f\u00f8rstegangsfor\u00e6ldre.Der er ingen officielle oplysninger om materialer fra producenten, og der er ikke specificeret indbyggede sikkerhedsfunktioner som automatisk slukning eller overophedningsbeskyttelse. Det anbefales at f\u00f8lge alle angivne sikkerhedsinstruktioner n\u00f8je for korrekt og sikker anvendelse af produktet.Alecto flaske- og babymadsvarmer tilbyder en simpel og funktionel l\u00f8sning, n\u00e5r du har brug for hurtig opvarmning af m\u00e5ltider til babyen. F\u00e5 hverdagen til at glide lettere med et produkt, der er skr\u00e6ddersyet til opgaven.<\/p>\n<p>Sammenlign priser p\u00e5 Alecto &#8211; Flaske- og babymadsvarmer &#8211; BW800 og k\u00f8b online til den billigste pris, samt p\u00e5 tilbud!\u00a0\u00a0Tjek den bedste pris, produkt beskrivelse, video, test, anmeldelser osv.<\/p>\n<p><strong>Brand: <\/strong>Alecto<br \/>\n<strong>EAN: <\/strong>8711902087809<br \/>\n<strong>Producentens varenr.:<\/strong> 8711902087809<\/p>\n<p><strong>P.S.<\/strong><br \/>\nTilmeld dig til &#8220;Opret Gratis Prisfald Alarm&#8221;, og bliv underrettet med det samme om prisfald p\u00e5 Alecto &#8211; Flaske- og babymadsvarmer &#8211; BW800, og f\u00e5 den billigste pris!<\/p>\n<p>&nbsp;<\/p>\n<p>&nbsp;<\/p>\n","protected":false},"excerpt":{"rendered":"<p>K\u00f8b billig Alecto &#8211; Flaske- og babymadsvarmer &#8211; BW800! Alecto flaske- og babymadsvarmer er udviklet til effektiv opvarmning af b\u00e5de sutteflasker og babymad. Den egner sig perfekt til for\u00e6ldre, der \u00f8nsker en simpel og p\u00e5lidelig l\u00f8sning til hurtigt at varme mad og drikke til deres sp\u00e6db\u00f8rn i hjemmet.Apparatet kan anvendes til opvarmning af b\u00e5de moderm\u00e6lk [&hellip;]<\/p>\n","protected":false},"featured_media":999980000004464320,"template":"","meta":[],"store":[1272516],"product_brand":[1272518],"product_cat":[1272510],"product_tag":[1275186,1272728],"class_list":{"0":"post-446432","1":"product","2":"type-product","3":"status-publish","4":"has-post-thumbnail","6":"store-butik24","7":"product_brand-alecto","8":"product_cat-babypleje","9":"product_tag-alecto","10":"product_tag-babypleje","11":"pa_maerke-alecto","13":"first","14":"instock","15":"product-type-external"},"_links":{"self":[{"href":"https:\/\/www.pricetornado.com\/da\/wp-json\/wp\/v2\/product\/446432","targetHints":{"allow":["GET"]}}],"collection":[{"href":"https:\/\/www.pricetornado.com\/da\/wp-json\/wp\/v2\/product"}],"about":[{"href":"https:\/\/www.pricetornado.com\/da\/wp-json\/wp\/v2\/types\/product"}],"wp:featuredmedia":[{"embeddable":true,"href":"https:\/\/www.pricetornado.com\/da\/wp-json\/"}],"wp:attachment":[{"href":"https:\/\/www.pricetornado.com\/da\/wp-json\/wp\/v2\/media?parent=446432"}],"wp:term":[{"taxonomy":"store","embeddable":true,"href":"https:\/\/www.pricetornado.com\/da\/wp-json\/wp\/v2\/store?post=446432"},{"taxonomy":"product_brand","embeddable":true,"href":"https:\/\/www.pricetornado.com\/da\/wp-json\/wp\/v2\/product_brand?post=446432"},{"taxonomy":"product_cat","embeddable":true,"href":"https:\/\/www.pricetornado.com\/da\/wp-json\/wp\/v2\/product_cat?post=446432"},{"taxonomy":"product_tag","embeddable":true,"href":"https:\/\/www.pricetornado.com\/da\/wp-json\/wp\/v2\/product_tag?post=446432"}],"curies":[{"name":"wp","href":"https:\/\/api.w.org\/{rel}","templated":true}]}}