{"id":446414,"date":"2025-02-22T21:18:46","date_gmt":"2025-02-22T20:18:46","guid":{"rendered":"https:\/\/www.pricetornado.com\/da\/produkt\/alecto-roegalarm-med-10-aars-batteri-og-sensortid-2-pak-hvid-sd1010-2x\/"},"modified":"2026-04-16T11:10:32","modified_gmt":"2026-04-16T09:10:32","slug":"alecto-roegalarm-med-10-aars-batteri-og-sensortid-2-pak-hvid-sd1010-2x","status":"publish","type":"product","link":"https:\/\/www.pricetornado.com\/da\/produkt\/alecto-roegalarm-med-10-aars-batteri-og-sensortid-2-pak-hvid-sd1010-2x\/","title":{"rendered":"Alecto &#8211; R\u00f8galarm med 10 \u00e5rs batteri- og sensortid 2-pak Hvid &#8211; SD1010 2X"},"content":{"rendered":"<p>K\u00f8b billig Alecto &#8211; R\u00f8galarm med 10 \u00e5rs batteri- og sensortid 2-pak Hvid &#8211; SD1010 2X!<br \/>\nF\u00e5 tryghed i hjemmet eller p\u00e5 kontoret med denne Alecto r\u00f8galarm, der effektivt beskytter mod r\u00f8g og brand. R\u00f8galarmen er udstyret med et h\u00f8jt, klart alarmsignal p\u00e5 85 dB, som straks advarer dig ved r\u00f8gudvikling, s\u00e5 du kan reagere hurtigt. Den er beregnet til indend\u00f8rs brug og monteres sikkert p\u00e5 loft eller v\u00e6g med de medf\u00f8lgende skruer og en solid monteringsplade.Det forseglede litiumbatteri giver en bem\u00e6rkelsesv\u00e6rdig 10 \u00e5rs driftstid uden behov for batteriskift, hvilket minimerer vedligeholdelse. B\u00e5de sensor og alarmenhed har en forventet levetid p\u00e5 10 \u00e5r, s\u00e5 du er sikret p\u00e5lidelig brandsikring over tid. R\u00f8galarmen leveres desuden med 10 \u00e5rs garanti, hvilket giver ekstra ro i sindet.Alarmen har en multifunktionel frontknap, som g\u00f8r det enkelt at teste alarmen, deaktivere alarmen efter falsk alarm, og midlertidigt s\u00e6nke dens f\u00f8lsomhed (&quot;Hush&quot; funktion) i op til 10 minutter \u2013 is\u00e6r nyttigt ved madlavning eller sm\u00e5 m\u00e6ngder r\u00f8g. Denne knap er let at aktivere, ogs\u00e5 hvis den sidder i loftet.En r\u00f8d LED blinker hvert femte minut b\u00e5de under normal drift og i hush-tilstand, s\u00e5 du altid kan se, at r\u00f8galarmen er aktiv. Efter en alarm vil en gr\u00f8n LED blinke for at vise, at enheden fortsat fungerer korrekt.Den avancerede fotoelektriske sensor sikrer tidlig og p\u00e5lidelig registrering af r\u00f8g \u2013 ideel til hurtigt at opdage ulmende brande. Alarmsystemet er testet og certificeret efter EN14604:2005\/AC:2008, s\u00e5 du kan stole p\u00e5 en gennempr\u00f8vet og sikker l\u00f8sning for hjemmets brandsikring.R\u00f8galarmen er fremstillet af holdbart plastmateriale og er let at installere med det medf\u00f8lgende beslag og skruer, s\u00e5 den sidder stabilt i loft eller v\u00e6g. Alarmen er n\u00e6sten vedligeholdelsesfri, kun lejlighedsvis let reng\u00f8ring anbefales for at holde sensoren effektiv.Med Alecto f\u00e5r du brugervenlige og h\u00f8jkvalitets r\u00f8galarm produkter, designet for maksimal sikkerhed og lang levetid. Bestil din 2-pak r\u00f8galarm i dag og beskyt b\u00e5de hjem, familie og ferieadresse.<\/p>\n<p>Sammenlign priser p\u00e5 Alecto &#8211; R\u00f8galarm med 10 \u00e5rs batteri- og sensortid 2-pak Hvid &#8211; SD1010 2X og k\u00f8b online til den billigste pris, samt p\u00e5 tilbud!\u00a0\u00a0Tjek den bedste pris, produkt beskrivelse, video, test, anmeldelser osv.<\/p>\n<p><strong>Brand: <\/strong>Alecto<br \/>\n<strong>EAN: <\/strong>8711902089452<br \/>\n<strong>Producentens varenr.:<\/strong> 8711902089452<\/p>\n<p><strong>P.S.<\/strong><br \/>\nTilmeld dig til &#8220;Opret Gratis Prisfald Alarm&#8221;, og bliv underrettet med det samme om prisfald p\u00e5 Alecto &#8211; R\u00f8galarm med 10 \u00e5rs batteri- og sensortid 2-pak Hvid &#8211; SD1010 2X, og f\u00e5 den billigste pris!<\/p>\n<p>&nbsp;<\/p>\n<p>&nbsp;<\/p>\n","protected":false},"excerpt":{"rendered":"<p>K\u00f8b billig Alecto &#8211; R\u00f8galarm med 10 \u00e5rs batteri- og sensortid 2-pak Hvid &#8211; SD1010 2X! F\u00e5 tryghed i hjemmet eller p\u00e5 kontoret med denne Alecto r\u00f8galarm, der effektivt beskytter mod r\u00f8g og brand. R\u00f8galarmen er udstyret med et h\u00f8jt, klart alarmsignal p\u00e5 85 dB, som straks advarer dig ved r\u00f8gudvikling, s\u00e5 du kan reagere [&hellip;]<\/p>\n","protected":false},"featured_media":999980000004464140,"template":"","meta":[],"store":[1272516],"product_brand":[1272518],"product_cat":[1272469],"product_tag":[1275186,1273060],"class_list":{"0":"post-446414","1":"product","2":"type-product","3":"status-publish","4":"has-post-thumbnail","6":"store-butik24","7":"product_brand-alecto","8":"product_cat-detektorer","9":"product_tag-alecto","10":"product_tag-detektorer","11":"pa_maerke-alecto","13":"first","14":"instock","15":"product-type-external"},"_links":{"self":[{"href":"https:\/\/www.pricetornado.com\/da\/wp-json\/wp\/v2\/product\/446414","targetHints":{"allow":["GET"]}}],"collection":[{"href":"https:\/\/www.pricetornado.com\/da\/wp-json\/wp\/v2\/product"}],"about":[{"href":"https:\/\/www.pricetornado.com\/da\/wp-json\/wp\/v2\/types\/product"}],"wp:featuredmedia":[{"embeddable":true,"href":"https:\/\/www.pricetornado.com\/da\/wp-json\/"}],"wp:attachment":[{"href":"https:\/\/www.pricetornado.com\/da\/wp-json\/wp\/v2\/media?parent=446414"}],"wp:term":[{"taxonomy":"store","embeddable":true,"href":"https:\/\/www.pricetornado.com\/da\/wp-json\/wp\/v2\/store?post=446414"},{"taxonomy":"product_brand","embeddable":true,"href":"https:\/\/www.pricetornado.com\/da\/wp-json\/wp\/v2\/product_brand?post=446414"},{"taxonomy":"product_cat","embeddable":true,"href":"https:\/\/www.pricetornado.com\/da\/wp-json\/wp\/v2\/product_cat?post=446414"},{"taxonomy":"product_tag","embeddable":true,"href":"https:\/\/www.pricetornado.com\/da\/wp-json\/wp\/v2\/product_tag?post=446414"}],"curies":[{"name":"wp","href":"https:\/\/api.w.org\/{rel}","templated":true}]}}