{"id":446399,"date":"2025-02-25T19:40:50","date_gmt":"2025-02-25T18:40:50","guid":{"rendered":"https:\/\/www.pricetornado.com\/da\/produkt\/lenco-dab-fm-clockradio-med-bluetooth-cr-640bk\/"},"modified":"2026-04-20T11:40:19","modified_gmt":"2026-04-20T09:40:19","slug":"lenco-dab-fm-clockradio-med-bluetooth-cr-640bk","status":"publish","type":"product","link":"https:\/\/www.pricetornado.com\/da\/produkt\/lenco-dab-fm-clockradio-med-bluetooth-cr-640bk\/","title":{"rendered":"Lenco &#8211; DAB+ FM clockradio med Bluetooth &#8211; CR-640BK"},"content":{"rendered":"<p>K\u00f8b billig Lenco &#8211; DAB+ FM clockradio med Bluetooth &#8211; CR-640BK!<br \/>\nLenco CR-640 er en stilren og moderne DAB+\/FM-clockradio, der kombinerer digital radiokvalitet med et brugervenligt og enkelt design. Ur-radioen er fremstillet af robuste materialer i metal og plastik, hvilket sikrer b\u00e5de holdbarhed og let h\u00e5ndtering \u2013 perfekt til daglig brug p\u00e5 natbordet.Med indbygget Bluetooth kan du nemt streame din yndlingsmusik tr\u00e5dl\u00f8st fra din smartphone eller andre Bluetooth-enheder. Derudover har clockradioen en USB-port, hvor du kan oplade din smartphone, l\u00e6selampe eller andet mindre tilbeh\u00f8r, s\u00e5 dine enheder altid er klar.Selvom Lenco CR-640 er kompakt, har den en stor, overskuelig 4,1-tommers LED-sk\u00e6rm med hvid baggrundsbelysning, der g\u00f8r det let at afl\u00e6se tiden \u2013 selv midt om natten. Enheden er designet med et simpelt og ergonomisk interface, s\u00e5 alle funktioner er lette at betjene, uden at du skal bekymre dig om komplicerede knapper.V\u00e5gner du og din partner p\u00e5 forskellige tidspunkter? Med den dobbelte alarmfunktion kan I begge blive v\u00e6kket til tiden p\u00e5 hver jeres tidspunkt. Og hvis du \u00f8nsker at blive liggende lidt l\u00e6ngere, g\u00f8r snooze-funktionen det muligt, mens du fortsat kan lytte til dine yndlingsradiostationer.Lenco CR-640 er udstyret med en batteridrevet backup, der sikrer, at alarmen altid v\u00e6kker dig til tiden \u2013 selv i tilf\u00e6lde af str\u00f8mafbrydelse. Dette g\u00f8r clockradioen til et sikkert valg, n\u00e5r p\u00e5lidelighed er essentiel.Lenco CR-640 er det perfekte valg for dig, der \u00f8nsker en moderne og driftssikker clockradio med digital radio, Bluetooth-streaming og smarte alarmfunktioner. G\u00f8r dit natbord komplet med b\u00e5de funktionalitet og elegant design.<\/p>\n<p>Sammenlign priser p\u00e5 Lenco &#8211; DAB+ FM clockradio med Bluetooth &#8211; CR-640BK og k\u00f8b online til den billigste pris, samt p\u00e5 tilbud!\u00a0\u00a0Tjek den bedste pris, produkt beskrivelse, video, test, anmeldelser osv.<\/p>\n<p><strong>Brand: <\/strong>Lenco<br \/>\n<strong>EAN: <\/strong>8711902079026<br \/>\n<strong>Producentens varenr.:<\/strong> 8711902079026<\/p>\n<p><strong>P.S.<\/strong><br \/>\nTilmeld dig til &#8220;Opret Gratis Prisfald Alarm&#8221;, og bliv underrettet med det samme om prisfald p\u00e5 Lenco &#8211; DAB+ FM clockradio med Bluetooth &#8211; CR-640BK, og f\u00e5 den billigste pris!<\/p>\n<p>&nbsp;<\/p>\n<p>&nbsp;<\/p>\n","protected":false},"excerpt":{"rendered":"<p>K\u00f8b billig Lenco &#8211; DAB+ FM clockradio med Bluetooth &#8211; CR-640BK! Lenco CR-640 er en stilren og moderne DAB+\/FM-clockradio, der kombinerer digital radiokvalitet med et brugervenligt og enkelt design. Ur-radioen er fremstillet af robuste materialer i metal og plastik, hvilket sikrer b\u00e5de holdbarhed og let h\u00e5ndtering \u2013 perfekt til daglig brug p\u00e5 natbordet.Med indbygget Bluetooth [&hellip;]<\/p>\n","protected":false},"featured_media":999980000004463990,"template":"","meta":[],"store":[1272516],"product_brand":[1272526],"product_cat":[1272454],"product_tag":[1275188,1272874],"class_list":{"0":"post-446399","1":"product","2":"type-product","3":"status-publish","4":"has-post-thumbnail","6":"store-butik24","7":"product_brand-lenco","8":"product_cat-ure","9":"product_tag-lenco","10":"product_tag-ure","11":"pa_maerke-lenco","13":"first","14":"instock","15":"product-type-external"},"_links":{"self":[{"href":"https:\/\/www.pricetornado.com\/da\/wp-json\/wp\/v2\/product\/446399","targetHints":{"allow":["GET"]}}],"collection":[{"href":"https:\/\/www.pricetornado.com\/da\/wp-json\/wp\/v2\/product"}],"about":[{"href":"https:\/\/www.pricetornado.com\/da\/wp-json\/wp\/v2\/types\/product"}],"wp:featuredmedia":[{"embeddable":true,"href":"https:\/\/www.pricetornado.com\/da\/wp-json\/"}],"wp:attachment":[{"href":"https:\/\/www.pricetornado.com\/da\/wp-json\/wp\/v2\/media?parent=446399"}],"wp:term":[{"taxonomy":"store","embeddable":true,"href":"https:\/\/www.pricetornado.com\/da\/wp-json\/wp\/v2\/store?post=446399"},{"taxonomy":"product_brand","embeddable":true,"href":"https:\/\/www.pricetornado.com\/da\/wp-json\/wp\/v2\/product_brand?post=446399"},{"taxonomy":"product_cat","embeddable":true,"href":"https:\/\/www.pricetornado.com\/da\/wp-json\/wp\/v2\/product_cat?post=446399"},{"taxonomy":"product_tag","embeddable":true,"href":"https:\/\/www.pricetornado.com\/da\/wp-json\/wp\/v2\/product_tag?post=446399"}],"curies":[{"name":"wp","href":"https:\/\/api.w.org\/{rel}","templated":true}]}}