{"id":446391,"date":"2025-02-23T07:27:51","date_gmt":"2025-02-23T06:27:51","guid":{"rendered":"https:\/\/www.pricetornado.com\/da\/produkt\/caper-gardenlink-sp-kit-bl-24v-06\/"},"modified":"2026-04-29T05:40:45","modified_gmt":"2026-04-29T03:40:45","slug":"caper-gardenlink-sp-kit-bl-24v-06","status":"publish","type":"product","link":"https:\/\/www.pricetornado.com\/da\/produkt\/caper-gardenlink-sp-kit-bl-24v-06\/","title":{"rendered":"Caper GardenLink SP KIT BL 24V 06"},"content":{"rendered":"<p>K\u00f8b billig Caper GardenLink SP KIT BL 24V 06!<br \/>\nPhilips GardenLink lav volt-serien tilbyder en r\u00e6kke udend\u00f8rslamper, som du nemt og sikkert kan installere selv. Med et lavsp\u00e6ndingssystem p\u00e5 24V fjernes risikoen for elektrisk st\u00f8d, hvilket g\u00f8r installationen tryg for b\u00e5de dig, dine b\u00f8rn og dine k\u00e6ledyr \u2013 helt uden brug af professionel hj\u00e6lp.Du kan tilslutte flere lamper til en enkelt str\u00f8mforsyning og nemt forbinde systemet til en standard udend\u00f8rs stikkontakt. Takket v\u00e6re det enkle tilslutningsprincip kan du tilf\u00f8je ekstra lamper eller flytte dem efter behov. Ledningsf\u00f8ringen er enkel og sikrer en hurtig og problemfri ops\u00e6tning af dit udend\u00f8rs lys.V\u00e6lg Philips GardenLink for en p\u00e5lidelig og sikker udend\u00f8rsbelysning, der nemt kan tilpasses dine behov..<\/p>\n<p>Sammenlign priser p\u00e5 Caper GardenLink SP KIT BL 24V 06 og k\u00f8b online til den billigste pris, samt p\u00e5 tilbud!\u00a0\u00a0Tjek den bedste pris, produkt beskrivelse, video, test, anmeldelser osv.<\/p>\n<p><strong>Brand: <\/strong>Philips<br \/>\n<strong>EAN: <\/strong>8720169269392<br \/>\n<strong>Producentens varenr.:<\/strong> 8720169269392<\/p>\n<p><strong>P.S.<\/strong><br \/>\nTilmeld dig til &#8220;Opret Gratis Prisfald Alarm&#8221;, og bliv underrettet med det samme om prisfald p\u00e5 Caper GardenLink SP KIT BL 24V 06, og f\u00e5 den billigste pris!<\/p>\n<p>&nbsp;<\/p>\n<p>&nbsp;<\/p>\n","protected":false},"excerpt":{"rendered":"<p>K\u00f8b billig Caper GardenLink SP KIT BL 24V 06! Philips GardenLink lav volt-serien tilbyder en r\u00e6kke udend\u00f8rslamper, som du nemt og sikkert kan installere selv. Med et lavsp\u00e6ndingssystem p\u00e5 24V fjernes risikoen for elektrisk st\u00f8d, hvilket g\u00f8r installationen tryg for b\u00e5de dig, dine b\u00f8rn og dine k\u00e6ledyr \u2013 helt uden brug af professionel hj\u00e6lp.Du kan [&hellip;]<\/p>\n","protected":false},"featured_media":999980000004463910,"template":"","meta":[],"store":[1272516],"product_brand":[1272519],"product_cat":[1272407],"product_tag":[1272697,1275180],"class_list":{"0":"post-446391","1":"product","2":"type-product","3":"status-publish","4":"has-post-thumbnail","6":"store-butik24","7":"product_brand-philips","8":"product_cat-belysning-2","9":"product_tag-belysning","10":"product_tag-philips","11":"pa_maerke-philips","13":"first","14":"instock","15":"product-type-external"},"_links":{"self":[{"href":"https:\/\/www.pricetornado.com\/da\/wp-json\/wp\/v2\/product\/446391","targetHints":{"allow":["GET"]}}],"collection":[{"href":"https:\/\/www.pricetornado.com\/da\/wp-json\/wp\/v2\/product"}],"about":[{"href":"https:\/\/www.pricetornado.com\/da\/wp-json\/wp\/v2\/types\/product"}],"wp:featuredmedia":[{"embeddable":true,"href":"https:\/\/www.pricetornado.com\/da\/wp-json\/"}],"wp:attachment":[{"href":"https:\/\/www.pricetornado.com\/da\/wp-json\/wp\/v2\/media?parent=446391"}],"wp:term":[{"taxonomy":"store","embeddable":true,"href":"https:\/\/www.pricetornado.com\/da\/wp-json\/wp\/v2\/store?post=446391"},{"taxonomy":"product_brand","embeddable":true,"href":"https:\/\/www.pricetornado.com\/da\/wp-json\/wp\/v2\/product_brand?post=446391"},{"taxonomy":"product_cat","embeddable":true,"href":"https:\/\/www.pricetornado.com\/da\/wp-json\/wp\/v2\/product_cat?post=446391"},{"taxonomy":"product_tag","embeddable":true,"href":"https:\/\/www.pricetornado.com\/da\/wp-json\/wp\/v2\/product_tag?post=446391"}],"curies":[{"name":"wp","href":"https:\/\/api.w.org\/{rel}","templated":true}]}}