{"id":446385,"date":"2025-02-26T17:24:23","date_gmt":"2025-02-26T16:24:23","guid":{"rendered":"https:\/\/www.pricetornado.com\/da\/produkt\/scanpan-to-go-termoflaske-500ml-aluminium-pampas\/"},"modified":"2026-04-20T10:20:26","modified_gmt":"2026-04-20T08:20:26","slug":"scanpan-to-go-termoflaske-500ml-aluminium-pampas","status":"publish","type":"product","link":"https:\/\/www.pricetornado.com\/da\/produkt\/scanpan-to-go-termoflaske-500ml-aluminium-pampas\/","title":{"rendered":"Scanpan To Go Termoflaske &#8211; 500ml &#8211; Aluminium &#8211; Pampas"},"content":{"rendered":"<p>K\u00f8b billig Scanpan To Go Termoflaske &#8211; 500ml &#8211; Aluminium &#8211; Pampas!<br \/>\ntermoflasker er udviklet med fokus p\u00e5 b\u00e5de mode, funktionalitet og b\u00e6redygtighed. Termoflasken p\u00e5 500 ml er genanvendelig, hvilket g\u00f8r den til det perfekte valg for dig med en aktiv livsstil \u2013 uanset om det g\u00e6lder fitness, arbejde eller n\u00e5r du er p\u00e5 farten. V\u00e6lg mellem forskellige farver og g\u00f8r din TO GO flaske til en naturlig del af dine daglige accessories.Termoflasken har effektiv vakuumisolerende teknologi, der holder dine drikkevarer kolde i op til 24 timer og varme i op til 12 timer. Det luftt\u00e6tte skruel\u00e5g beskytter mod l\u00e6kager og forhindrer gennembl\u00f8dte tasker, s\u00e5 du trygt kan tage flasken med overalt.Flasken er fremstillet af rustfrit st\u00e5l, hvilket garanterer en robust og rustfri konstruktion med lang holdbarhed. Den ridsefaste pulverlakering beskytter overfladen mod slitage, og en kondensfri yderside sikrer, at flasken forbliver t\u00f8r og behagelig at holde om \u2013 selv ved varierende temperaturer.Scanpans TO GO termoser og tilbeh\u00f8r giver dig fleksible muligheder for at matche din personlige stil og st\u00f8tte b\u00e6redygtige valg i hverdagen. Se ogs\u00e5 de andre produkter fra .<\/p>\n<p>Sammenlign priser p\u00e5 Scanpan To Go Termoflaske &#8211; 500ml &#8211; Aluminium &#8211; Pampas og k\u00f8b online til den billigste pris, samt p\u00e5 tilbud!\u00a0\u00a0Tjek den bedste pris, produkt beskrivelse, video, test, anmeldelser osv.<\/p>\n<p><strong>Brand: <\/strong>Scanpan<br \/>\n<strong>EAN: <\/strong>083421198518<br \/>\n<strong>Producentens varenr.:<\/strong> 083421198518<\/p>\n<p><strong>P.S.<\/strong><br \/>\nTilmeld dig til &#8220;Opret Gratis Prisfald Alarm&#8221;, og bliv underrettet med det samme om prisfald p\u00e5 Scanpan To Go Termoflaske &#8211; 500ml &#8211; Aluminium &#8211; Pampas, og f\u00e5 den billigste pris!<\/p>\n<p>&nbsp;<\/p>\n<p>&nbsp;<\/p>\n","protected":false},"excerpt":{"rendered":"<p>K\u00f8b billig Scanpan To Go Termoflaske &#8211; 500ml &#8211; Aluminium &#8211; Pampas! termoflasker er udviklet med fokus p\u00e5 b\u00e5de mode, funktionalitet og b\u00e6redygtighed. Termoflasken p\u00e5 500 ml er genanvendelig, hvilket g\u00f8r den til det perfekte valg for dig med en aktiv livsstil \u2013 uanset om det g\u00e6lder fitness, arbejde eller n\u00e5r du er p\u00e5 farten. [&hellip;]<\/p>\n","protected":false},"featured_media":999980000004463850,"template":"","meta":[],"store":[1272516],"product_brand":[1272521],"product_cat":[831418],"product_tag":[1272683,1275184],"class_list":{"0":"post-446385","1":"product","2":"type-product","3":"status-publish","4":"has-post-thumbnail","6":"store-butik24","7":"product_brand-scanpan","8":"product_cat-koekkenudstyr","9":"product_tag-koekkenudstyr","10":"product_tag-scanpan","11":"pa_maerke-scanpan","13":"first","14":"instock","15":"product-type-external"},"_links":{"self":[{"href":"https:\/\/www.pricetornado.com\/da\/wp-json\/wp\/v2\/product\/446385","targetHints":{"allow":["GET"]}}],"collection":[{"href":"https:\/\/www.pricetornado.com\/da\/wp-json\/wp\/v2\/product"}],"about":[{"href":"https:\/\/www.pricetornado.com\/da\/wp-json\/wp\/v2\/types\/product"}],"wp:featuredmedia":[{"embeddable":true,"href":"https:\/\/www.pricetornado.com\/da\/wp-json\/"}],"wp:attachment":[{"href":"https:\/\/www.pricetornado.com\/da\/wp-json\/wp\/v2\/media?parent=446385"}],"wp:term":[{"taxonomy":"store","embeddable":true,"href":"https:\/\/www.pricetornado.com\/da\/wp-json\/wp\/v2\/store?post=446385"},{"taxonomy":"product_brand","embeddable":true,"href":"https:\/\/www.pricetornado.com\/da\/wp-json\/wp\/v2\/product_brand?post=446385"},{"taxonomy":"product_cat","embeddable":true,"href":"https:\/\/www.pricetornado.com\/da\/wp-json\/wp\/v2\/product_cat?post=446385"},{"taxonomy":"product_tag","embeddable":true,"href":"https:\/\/www.pricetornado.com\/da\/wp-json\/wp\/v2\/product_tag?post=446385"}],"curies":[{"name":"wp","href":"https:\/\/api.w.org\/{rel}","templated":true}]}}