{"id":446382,"date":"2025-02-20T14:50:20","date_gmt":"2025-02-20T13:50:20","guid":{"rendered":"https:\/\/www.pricetornado.com\/da\/produkt\/qnect-high-speed-hdmi-kabel-2m-til-4k-med-ethernet-sort\/"},"modified":"2026-04-17T10:10:33","modified_gmt":"2026-04-17T08:10:33","slug":"qnect-high-speed-hdmi-kabel-2m-til-4k-med-ethernet-sort","status":"publish","type":"product","link":"https:\/\/www.pricetornado.com\/da\/produkt\/qnect-high-speed-hdmi-kabel-2m-til-4k-med-ethernet-sort\/","title":{"rendered":"Qnect High Speed HDMI kabel 2m til 4K med Ethernet &#8211; Sort"},"content":{"rendered":"<p>K\u00f8b billig Qnect High Speed HDMI kabel 2m til 4K med Ethernet &#8211; Sort!<br \/>\nTil Fladsk\u00e6rms TV inkl. 3D, Blu-Ray, DVD, Settop BoksHDMI A Han &#8211; Han, Guldbelagte Stik, Sort. Underst\u00f8tter HDMI version 2.0<\/p>\n<p>Sammenlign priser p\u00e5 Qnect High Speed HDMI kabel 2m til 4K med Ethernet &#8211; Sort og k\u00f8b online til den billigste pris, samt p\u00e5 tilbud!\u00a0\u00a0Tjek den bedste pris, produkt beskrivelse, video, test, anmeldelser osv.<\/p>\n<p><strong>Brand: <\/strong>Qnect<br \/>\n<strong>EAN: <\/strong>5706470039582<br \/>\n<strong>Producentens varenr.:<\/strong> 5706470039582<\/p>\n<p><strong>P.S.<\/strong><br \/>\nTilmeld dig til &#8220;Opret Gratis Prisfald Alarm&#8221;, og bliv underrettet med det samme om prisfald p\u00e5 Qnect High Speed HDMI kabel 2m til 4K med Ethernet &#8211; Sort, og f\u00e5 den billigste pris!<\/p>\n<p>&nbsp;<\/p>\n<p>&nbsp;<\/p>\n","protected":false},"excerpt":{"rendered":"<p>K\u00f8b billig Qnect High Speed HDMI kabel 2m til 4K med Ethernet &#8211; Sort! Til Fladsk\u00e6rms TV inkl. 3D, Blu-Ray, DVD, Settop BoksHDMI A Han &#8211; Han, Guldbelagte Stik, Sort. Underst\u00f8tter HDMI version 2.0 Sammenlign priser p\u00e5 Qnect High Speed HDMI kabel 2m til 4K med Ethernet &#8211; Sort og k\u00f8b online til den billigste [&hellip;]<\/p>\n","protected":false},"featured_media":999980000004463820,"template":"","meta":[],"store":[1272516],"product_brand":[1272533],"product_cat":[1272432],"product_tag":[1275193,1272789],"class_list":{"0":"post-446382","1":"product","2":"type-product","3":"status-publish","4":"has-post-thumbnail","6":"store-butik24","7":"product_brand-qnect","8":"product_cat-tv-tilbehoer","9":"product_tag-qnect","10":"product_tag-tv-tilbehoer","11":"pa_maerke-qnect","13":"first","14":"instock","15":"product-type-external"},"_links":{"self":[{"href":"https:\/\/www.pricetornado.com\/da\/wp-json\/wp\/v2\/product\/446382","targetHints":{"allow":["GET"]}}],"collection":[{"href":"https:\/\/www.pricetornado.com\/da\/wp-json\/wp\/v2\/product"}],"about":[{"href":"https:\/\/www.pricetornado.com\/da\/wp-json\/wp\/v2\/types\/product"}],"wp:featuredmedia":[{"embeddable":true,"href":"https:\/\/www.pricetornado.com\/da\/wp-json\/"}],"wp:attachment":[{"href":"https:\/\/www.pricetornado.com\/da\/wp-json\/wp\/v2\/media?parent=446382"}],"wp:term":[{"taxonomy":"store","embeddable":true,"href":"https:\/\/www.pricetornado.com\/da\/wp-json\/wp\/v2\/store?post=446382"},{"taxonomy":"product_brand","embeddable":true,"href":"https:\/\/www.pricetornado.com\/da\/wp-json\/wp\/v2\/product_brand?post=446382"},{"taxonomy":"product_cat","embeddable":true,"href":"https:\/\/www.pricetornado.com\/da\/wp-json\/wp\/v2\/product_cat?post=446382"},{"taxonomy":"product_tag","embeddable":true,"href":"https:\/\/www.pricetornado.com\/da\/wp-json\/wp\/v2\/product_tag?post=446382"}],"curies":[{"name":"wp","href":"https:\/\/api.w.org\/{rel}","templated":true}]}}