{"id":446377,"date":"2025-02-23T06:49:11","date_gmt":"2025-02-23T05:49:11","guid":{"rendered":"https:\/\/www.pricetornado.com\/da\/produkt\/philips-hd9952-00-airfryer-xxl-tilbehoerspakke-med-2-dele\/"},"modified":"2026-04-17T11:20:14","modified_gmt":"2026-04-17T09:20:14","slug":"philips-hd9952-00-airfryer-xxl-tilbehoerspakke-med-2-dele","status":"publish","type":"product","link":"https:\/\/www.pricetornado.com\/da\/produkt\/philips-hd9952-00-airfryer-xxl-tilbehoerspakke-med-2-dele\/","title":{"rendered":"Philips HD9952\/00 Airfryer XXL Tilbeh\u00f8rspakke med 2 dele"},"content":{"rendered":"<p>K\u00f8b billig Philips HD9952\/00 Airfryer XXL Tilbeh\u00f8rspakke med 2 dele!<br \/>\nUdvid dine muligheder med Philips Airfryer XXL bages\u00e6t, der g\u00f8r det nemt at bage muffins, cupcakes, madt\u00e6rter og br\u00f8d direkte i din Airfryer. S\u00e6ttet indeholder en bageform med non-stick-bel\u00e6gning samt 9 fleksible muffinsforme i lugtfri silikone, som er nemme at reng\u00f8re og genanvende. Bageformen er fremstillet i plateret st\u00e5l med non-stick bel\u00e6gning, hvilket sikrer let anvendelse og reng\u00f8ring.Bages\u00e6ttet er ikke kun velegnet til klassisk bagning \u2013 det kan ogs\u00e5 bruges til at tilberede gryderetter, ratatouille, frittata, lasagne, gratin og k\u00f8dretter med sauce. Du f\u00e5r dermed et multifunktionelt tilbeh\u00f8r, som g\u00f8r madlavningen b\u00e5de nemmere og mere varieret i din Airfryer XXL.S\u00e6ttet indeholder et inspirerende opskriftsh\u00e6fte med kokketips, begynderopskrifter samt tilberedningstider til Airfryer, s\u00e5 du hurtigt kan komme i gang og f\u00e5 succes med dine bagv\u00e6rk.Opgrader madlavningen i din Philips Airfryer XXL med dette komplette og milj\u00f8venlige bages\u00e6t, og f\u00e5 gl\u00e6de af b\u00e5de alsidighed, brugervenlighed og nem reng\u00f8ring.<\/p>\n<p>Sammenlign priser p\u00e5 Philips HD9952\/00 Airfryer XXL Tilbeh\u00f8rspakke med 2 dele og k\u00f8b online til den billigste pris, samt p\u00e5 tilbud!\u00a0\u00a0Tjek den bedste pris, produkt beskrivelse, video, test, anmeldelser osv.<\/p>\n<p><strong>Brand: <\/strong>Philips<br \/>\n<strong>EAN: <\/strong>8710103860815<br \/>\n<strong>Producentens varenr.:<\/strong> 8710103860815<\/p>\n<p><strong>P.S.<\/strong><br \/>\nTilmeld dig til &#8220;Opret Gratis Prisfald Alarm&#8221;, og bliv underrettet med det samme om prisfald p\u00e5 Philips HD9952\/00 Airfryer XXL Tilbeh\u00f8rspakke med 2 dele, og f\u00e5 den billigste pris!<\/p>\n<p>&nbsp;<\/p>\n<p>&nbsp;<\/p>\n","protected":false},"excerpt":{"rendered":"<p>K\u00f8b billig Philips HD9952\/00 Airfryer XXL Tilbeh\u00f8rspakke med 2 dele! Udvid dine muligheder med Philips Airfryer XXL bages\u00e6t, der g\u00f8r det nemt at bage muffins, cupcakes, madt\u00e6rter og br\u00f8d direkte i din Airfryer. S\u00e6ttet indeholder en bageform med non-stick-bel\u00e6gning samt 9 fleksible muffinsforme i lugtfri silikone, som er nemme at reng\u00f8re og genanvende. Bageformen er [&hellip;]<\/p>\n","protected":false},"featured_media":999980000004463770,"template":"","meta":[],"store":[1272516],"product_brand":[1272519],"product_cat":[831418],"product_tag":[1272683,1275180],"class_list":{"0":"post-446377","1":"product","2":"type-product","3":"status-publish","4":"has-post-thumbnail","6":"store-butik24","7":"product_brand-philips","8":"product_cat-koekkenudstyr","9":"product_tag-koekkenudstyr","10":"product_tag-philips","11":"pa_maerke-philips","13":"first","14":"instock","15":"product-type-external"},"_links":{"self":[{"href":"https:\/\/www.pricetornado.com\/da\/wp-json\/wp\/v2\/product\/446377","targetHints":{"allow":["GET"]}}],"collection":[{"href":"https:\/\/www.pricetornado.com\/da\/wp-json\/wp\/v2\/product"}],"about":[{"href":"https:\/\/www.pricetornado.com\/da\/wp-json\/wp\/v2\/types\/product"}],"wp:featuredmedia":[{"embeddable":true,"href":"https:\/\/www.pricetornado.com\/da\/wp-json\/"}],"wp:attachment":[{"href":"https:\/\/www.pricetornado.com\/da\/wp-json\/wp\/v2\/media?parent=446377"}],"wp:term":[{"taxonomy":"store","embeddable":true,"href":"https:\/\/www.pricetornado.com\/da\/wp-json\/wp\/v2\/store?post=446377"},{"taxonomy":"product_brand","embeddable":true,"href":"https:\/\/www.pricetornado.com\/da\/wp-json\/wp\/v2\/product_brand?post=446377"},{"taxonomy":"product_cat","embeddable":true,"href":"https:\/\/www.pricetornado.com\/da\/wp-json\/wp\/v2\/product_cat?post=446377"},{"taxonomy":"product_tag","embeddable":true,"href":"https:\/\/www.pricetornado.com\/da\/wp-json\/wp\/v2\/product_tag?post=446377"}],"curies":[{"name":"wp","href":"https:\/\/api.w.org\/{rel}","templated":true}]}}