{"id":446376,"date":"2025-02-26T19:26:29","date_gmt":"2025-02-26T18:26:29","guid":{"rendered":"https:\/\/www.pricetornado.com\/da\/produkt\/topiary-wall-lantern-black-1x60w-230v\/"},"modified":"2026-04-21T03:00:11","modified_gmt":"2026-04-21T01:00:11","slug":"topiary-wall-lantern-black-1x60w-230v","status":"publish","type":"product","link":"https:\/\/www.pricetornado.com\/da\/produkt\/topiary-wall-lantern-black-1x60w-230v\/","title":{"rendered":"Topiary wall lantern black 1x60W 230V"},"content":{"rendered":"<p>K\u00f8b billig Topiary wall lantern black 1x60W 230V!<br \/>\nOpn\u00e5 et stilfuldt og vintage-inspireret udend\u00f8rsmilj\u00f8 med den sorte Topiary v\u00e6glampe fra Philips. Den klassiske, retroinspirerede silhouet og sorte finish giver et tidl\u00f8st design, der passer perfekt til mange typer udend\u00f8rsarealer.Lampen anvender en standard E27-fatning, som underst\u00f8tter p\u00e6rer op til 60W (p\u00e6re medf\u00f8lger ikke). Det giver dig friheden til at v\u00e6lge den lyskilde, der matcher din \u00f8nskede atmosf\u00e6re og udend\u00f8rs behov.Philips Topiary v\u00e6glampe er designet til at modst\u00e5 de skiftende udend\u00f8rsforhold. Selvom de pr\u00e6cise materialer ikke er specificeret, er lampen udformet med fokus p\u00e5 holdbarhed og vejrbestandighed, hvilket sikrer lang levetid selv under danske vejrforhold.Lampens kompakte st\u00f8rrelse g\u00f8r den ideel til mellemstore udend\u00f8rsarealer, hvor den skaber b\u00e5de funktionelt lys og en hyggelig stemning.Lampen leveres med 2 \u00e5rs garanti, hvilket giver dig ekstra tryghed ved k\u00f8b og brug over tid. for flere l\u00f8sninger i klassisk design.<\/p>\n<p>Sammenlign priser p\u00e5 Topiary wall lantern black 1x60W 230V og k\u00f8b online til den billigste pris, samt p\u00e5 tilbud!\u00a0\u00a0Tjek den bedste pris, produkt beskrivelse, video, test, anmeldelser osv.<\/p>\n<p><strong>Brand: <\/strong>Philips<br \/>\n<strong>EAN: <\/strong>8718696156766<br \/>\n<strong>Producentens varenr.:<\/strong> 8718696156766<\/p>\n<p><strong>P.S.<\/strong><br \/>\nTilmeld dig til &#8220;Opret Gratis Prisfald Alarm&#8221;, og bliv underrettet med det samme om prisfald p\u00e5 Topiary wall lantern black 1x60W 230V, og f\u00e5 den billigste pris!<\/p>\n<p>&nbsp;<\/p>\n<p>&nbsp;<\/p>\n","protected":false},"excerpt":{"rendered":"<p>K\u00f8b billig Topiary wall lantern black 1x60W 230V! Opn\u00e5 et stilfuldt og vintage-inspireret udend\u00f8rsmilj\u00f8 med den sorte Topiary v\u00e6glampe fra Philips. Den klassiske, retroinspirerede silhouet og sorte finish giver et tidl\u00f8st design, der passer perfekt til mange typer udend\u00f8rsarealer.Lampen anvender en standard E27-fatning, som underst\u00f8tter p\u00e6rer op til 60W (p\u00e6re medf\u00f8lger ikke). Det giver dig [&hellip;]<\/p>\n","protected":false},"featured_media":999980000004463760,"template":"","meta":[],"store":[1272516],"product_brand":[1272519],"product_cat":[1272407],"product_tag":[1272697,1275180],"class_list":{"0":"post-446376","1":"product","2":"type-product","3":"status-publish","4":"has-post-thumbnail","6":"store-butik24","7":"product_brand-philips","8":"product_cat-belysning-2","9":"product_tag-belysning","10":"product_tag-philips","11":"pa_maerke-philips","13":"first","14":"instock","15":"product-type-external"},"_links":{"self":[{"href":"https:\/\/www.pricetornado.com\/da\/wp-json\/wp\/v2\/product\/446376","targetHints":{"allow":["GET"]}}],"collection":[{"href":"https:\/\/www.pricetornado.com\/da\/wp-json\/wp\/v2\/product"}],"about":[{"href":"https:\/\/www.pricetornado.com\/da\/wp-json\/wp\/v2\/types\/product"}],"wp:featuredmedia":[{"embeddable":true,"href":"https:\/\/www.pricetornado.com\/da\/wp-json\/"}],"wp:attachment":[{"href":"https:\/\/www.pricetornado.com\/da\/wp-json\/wp\/v2\/media?parent=446376"}],"wp:term":[{"taxonomy":"store","embeddable":true,"href":"https:\/\/www.pricetornado.com\/da\/wp-json\/wp\/v2\/store?post=446376"},{"taxonomy":"product_brand","embeddable":true,"href":"https:\/\/www.pricetornado.com\/da\/wp-json\/wp\/v2\/product_brand?post=446376"},{"taxonomy":"product_cat","embeddable":true,"href":"https:\/\/www.pricetornado.com\/da\/wp-json\/wp\/v2\/product_cat?post=446376"},{"taxonomy":"product_tag","embeddable":true,"href":"https:\/\/www.pricetornado.com\/da\/wp-json\/wp\/v2\/product_tag?post=446376"}],"curies":[{"name":"wp","href":"https:\/\/api.w.org\/{rel}","templated":true}]}}