{"id":446374,"date":"2025-02-26T23:49:28","date_gmt":"2025-02-26T22:49:28","guid":{"rendered":"https:\/\/www.pricetornado.com\/da\/produkt\/scanpan-suppeske-32-cm-classic\/"},"modified":"2026-04-20T08:30:30","modified_gmt":"2026-04-20T06:30:30","slug":"scanpan-suppeske-32-cm-classic","status":"publish","type":"product","link":"https:\/\/www.pricetornado.com\/da\/produkt\/scanpan-suppeske-32-cm-classic\/","title":{"rendered":"Scanpan Suppeske 32 cm &#8211; Classic"},"content":{"rendered":"<p>K\u00f8b billig Scanpan Suppeske 32 cm &#8211; Classic!<br \/>\nSuppeskeen fra Scanpan Classic-serien er et praktisk og holdbart valg til mange opgaver i dit k\u00f8kken. Det elegante design i b\u00f8rstet st\u00e5l kombineres med et sort h\u00e5ndtag, der sikrer et godt ergonomisk greb under madlavningen. V\u00e6lg mellem suppeskeer med hoved i st\u00e5l eller silikone, hvor silikonevarianten er varmeresistent op til 230\u00b0C \u2013 perfekt til kr\u00e6vende opgaver ved h\u00f8je temperaturer.Scanpan Classic-serien er kendt for b\u00e6redygtighed og kvalitet i alle led. Kogegrejet fremstilles af 93\u201396% genanvendt aluminium, h\u00e5ndlavet i Danmark, og udstyres med holdbare non-stick Stratanium-bel\u00e6gninger, som er PFOA-fri for at sikre b\u00e5de milj\u00f8 og sundhed. Selvom selve suppeskeen ikke har bel\u00e6gning eller induktionsbund, er den designet til at matche og supplere Scanpans \u00f8vrige k\u00f8kkenredskaber og gryder i serien, hvor fokus er p\u00e5 energieffektivitet og lang levetid. for at fuldende dit k\u00f8kken.<\/p>\n<p>Sammenlign priser p\u00e5 Scanpan Suppeske 32 cm &#8211; Classic og k\u00f8b online til den billigste pris, samt p\u00e5 tilbud!\u00a0\u00a0Tjek den bedste pris, produkt beskrivelse, video, test, anmeldelser osv.<\/p>\n<p><strong>Brand: <\/strong>Scanpan<br \/>\n<strong>EAN: <\/strong>083421179777<br \/>\n<strong>Producentens varenr.:<\/strong> 083421179777<\/p>\n<p><strong>P.S.<\/strong><br \/>\nTilmeld dig til &#8220;Opret Gratis Prisfald Alarm&#8221;, og bliv underrettet med det samme om prisfald p\u00e5 Scanpan Suppeske 32 cm &#8211; Classic, og f\u00e5 den billigste pris!<\/p>\n<p>&nbsp;<\/p>\n<p>&nbsp;<\/p>\n","protected":false},"excerpt":{"rendered":"<p>K\u00f8b billig Scanpan Suppeske 32 cm &#8211; Classic! Suppeskeen fra Scanpan Classic-serien er et praktisk og holdbart valg til mange opgaver i dit k\u00f8kken. Det elegante design i b\u00f8rstet st\u00e5l kombineres med et sort h\u00e5ndtag, der sikrer et godt ergonomisk greb under madlavningen. V\u00e6lg mellem suppeskeer med hoved i st\u00e5l eller silikone, hvor silikonevarianten er [&hellip;]<\/p>\n","protected":false},"featured_media":999980000004463740,"template":"","meta":[],"store":[1272516],"product_brand":[1272521],"product_cat":[1272410],"product_tag":[1272681,1275184],"class_list":{"0":"post-446374","1":"product","2":"type-product","3":"status-publish","4":"has-post-thumbnail","6":"store-butik24","7":"product_brand-scanpan","8":"product_cat-koekkengrej","9":"product_tag-koekkengrej","10":"product_tag-scanpan","11":"pa_maerke-scanpan","13":"first","14":"instock","15":"product-type-external"},"_links":{"self":[{"href":"https:\/\/www.pricetornado.com\/da\/wp-json\/wp\/v2\/product\/446374","targetHints":{"allow":["GET"]}}],"collection":[{"href":"https:\/\/www.pricetornado.com\/da\/wp-json\/wp\/v2\/product"}],"about":[{"href":"https:\/\/www.pricetornado.com\/da\/wp-json\/wp\/v2\/types\/product"}],"wp:featuredmedia":[{"embeddable":true,"href":"https:\/\/www.pricetornado.com\/da\/wp-json\/"}],"wp:attachment":[{"href":"https:\/\/www.pricetornado.com\/da\/wp-json\/wp\/v2\/media?parent=446374"}],"wp:term":[{"taxonomy":"store","embeddable":true,"href":"https:\/\/www.pricetornado.com\/da\/wp-json\/wp\/v2\/store?post=446374"},{"taxonomy":"product_brand","embeddable":true,"href":"https:\/\/www.pricetornado.com\/da\/wp-json\/wp\/v2\/product_brand?post=446374"},{"taxonomy":"product_cat","embeddable":true,"href":"https:\/\/www.pricetornado.com\/da\/wp-json\/wp\/v2\/product_cat?post=446374"},{"taxonomy":"product_tag","embeddable":true,"href":"https:\/\/www.pricetornado.com\/da\/wp-json\/wp\/v2\/product_tag?post=446374"}],"curies":[{"name":"wp","href":"https:\/\/api.w.org\/{rel}","templated":true}]}}