{"id":446370,"date":"2025-02-26T17:22:48","date_gmt":"2025-02-26T16:22:48","guid":{"rendered":"https:\/\/www.pricetornado.com\/da\/produkt\/pbilips-tab7207-10-soundbar-2-1-med-traadloes-subwoofer\/"},"modified":"2026-04-18T01:40:36","modified_gmt":"2026-04-17T23:40:36","slug":"pbilips-tab7207-10-soundbar-2-1-med-traadloes-subwoofer","status":"publish","type":"product","link":"https:\/\/www.pricetornado.com\/da\/produkt\/pbilips-tab7207-10-soundbar-2-1-med-traadloes-subwoofer\/","title":{"rendered":"Pbilips TAB7207\/10 Soundbar 2.1 med tra\u030adl\u00f8s subwoofer"},"content":{"rendered":"<p>K\u00f8b billig Pbilips TAB7207\/10 Soundbar 2.1 med tra\u030adl\u00f8s subwoofer!<br \/>\nOplev biograflyd i stuen med Philips TAB7207\/10 Soundbar 2.1 og tr\u00e5dl\u00f8s subwoofer, der leverer detaljeret, kraftfuld og dyb lyd, s\u00e5 du kan h\u00f8re alle nuancer i musik, film og sport. Den robuste soundbar med geometrisk design og metalfront sikrer holdbarhed og optimal lydspredning, mens den tr\u00e5dl\u00f8se subwoofer med 8&quot; driver giver dynamisk bas uden kabelrod og kan placeres fleksibelt i rummet.F\u00e5 \u00e6gte biograff\u00f8lelse derhjemme med Dolby Digital Plus, der leverer imponerende surroundlyd. To vinklede diskanth\u00f8jttalere udvider lydbilledet, s\u00e5 du f\u00e5r en bredere og mere omsluttende oplevelse \u2013 perfekt til b\u00e5de film og musik.Tilslut hurtigt dine foretrukne kilder via HDMI ARC, optisk indgang, Bluetooth 5.0, lydindgang eller USB. HDMI ARC og Philips Easylink betyder, at du kan styre soundbaren med din TV-fjernbetjening for praktisk og forenklet betjening. Du kan nemt skifte mellem fire EQ-forudindstillinger \u2013 Film, Musik, Stemmer og Stadion \u2013 s\u00e5 lyden optimeres til enhver situation.Med sin karakteristiske geometriske form kan soundbaren let placeres p\u00e5 dit TV-bord, p\u00e5 v\u00e6ggen eller en flad overflade. Enheden betjenes nemt via integrerede touch-kontroller, og det stilrene design passer ind i ethvert hjem.Bluetooth 5.0 med A2DP\/AVRCP sikrer stabil og tr\u00e5dl\u00f8s musikstreamingPhilips TAB7207\/10 soundbar bringer funktionalitet, stil og fleksibilitet til din hjemmeoplevelse. Forbedr lyden i hjemmet med denne komplette l\u00f8sning, der kombinerer innovation og brugervenlighed. for flere lyd- og hjemmeelektronikl\u00f8sninger.<\/p>\n<p>Sammenlign priser p\u00e5 Pbilips TAB7207\/10 Soundbar 2.1 med tra\u030adl\u00f8s subwoofer og k\u00f8b online til den billigste pris, samt p\u00e5 tilbud!\u00a0\u00a0Tjek den bedste pris, produkt beskrivelse, video, test, anmeldelser osv.<\/p>\n<p><strong>Brand: <\/strong>Philips<br \/>\n<strong>EAN: <\/strong>4895229126497<br \/>\n<strong>Producentens varenr.:<\/strong> 4895229126497<\/p>\n<p><strong>P.S.<\/strong><br \/>\nTilmeld dig til &#8220;Opret Gratis Prisfald Alarm&#8221;, og bliv underrettet med det samme om prisfald p\u00e5 Pbilips TAB7207\/10 Soundbar 2.1 med tra\u030adl\u00f8s subwoofer, og f\u00e5 den billigste pris!<\/p>\n<p>&nbsp;<\/p>\n<p>&nbsp;<\/p>\n","protected":false},"excerpt":{"rendered":"<p>K\u00f8b billig Pbilips TAB7207\/10 Soundbar 2.1 med tra\u030adl\u00f8s subwoofer! Oplev biograflyd i stuen med Philips TAB7207\/10 Soundbar 2.1 og tr\u00e5dl\u00f8s subwoofer, der leverer detaljeret, kraftfuld og dyb lyd, s\u00e5 du kan h\u00f8re alle nuancer i musik, film og sport. Den robuste soundbar med geometrisk design og metalfront sikrer holdbarhed og optimal lydspredning, mens den tr\u00e5dl\u00f8se [&hellip;]<\/p>\n","protected":false},"featured_media":999980000004463700,"template":"","meta":[],"store":[1272516],"product_brand":[1272519],"product_cat":[1272482],"product_tag":[1275180,1272914],"class_list":{"0":"post-446370","1":"product","2":"type-product","3":"status-publish","4":"has-post-thumbnail","6":"store-butik24","7":"product_brand-philips","8":"product_cat-soundbar","9":"product_tag-philips","10":"product_tag-soundbar","11":"pa_maerke-philips","13":"first","14":"instock","15":"product-type-external"},"_links":{"self":[{"href":"https:\/\/www.pricetornado.com\/da\/wp-json\/wp\/v2\/product\/446370","targetHints":{"allow":["GET"]}}],"collection":[{"href":"https:\/\/www.pricetornado.com\/da\/wp-json\/wp\/v2\/product"}],"about":[{"href":"https:\/\/www.pricetornado.com\/da\/wp-json\/wp\/v2\/types\/product"}],"wp:featuredmedia":[{"embeddable":true,"href":"https:\/\/www.pricetornado.com\/da\/wp-json\/"}],"wp:attachment":[{"href":"https:\/\/www.pricetornado.com\/da\/wp-json\/wp\/v2\/media?parent=446370"}],"wp:term":[{"taxonomy":"store","embeddable":true,"href":"https:\/\/www.pricetornado.com\/da\/wp-json\/wp\/v2\/store?post=446370"},{"taxonomy":"product_brand","embeddable":true,"href":"https:\/\/www.pricetornado.com\/da\/wp-json\/wp\/v2\/product_brand?post=446370"},{"taxonomy":"product_cat","embeddable":true,"href":"https:\/\/www.pricetornado.com\/da\/wp-json\/wp\/v2\/product_cat?post=446370"},{"taxonomy":"product_tag","embeddable":true,"href":"https:\/\/www.pricetornado.com\/da\/wp-json\/wp\/v2\/product_tag?post=446370"}],"curies":[{"name":"wp","href":"https:\/\/api.w.org\/{rel}","templated":true}]}}