{"id":446368,"date":"2025-02-25T00:27:43","date_gmt":"2025-02-24T23:27:43","guid":{"rendered":"https:\/\/www.pricetornado.com\/da\/produkt\/philips-hr3571-90-blender-1000w\/"},"modified":"2026-04-30T05:10:23","modified_gmt":"2026-04-30T03:10:23","slug":"philips-hr3571-90-blender-1000w","status":"publish","type":"product","link":"https:\/\/www.pricetornado.com\/da\/produkt\/philips-hr3571-90-blender-1000w\/","title":{"rendered":"Philips HR3571\/90 Blender 1000W"},"content":{"rendered":"<p>K\u00f8b billig Philips HR3571\/90 Blender 1000W!<br \/>\nOplev perfekte blendingsresultater dobbelt s\u00e5 hurtigt med Philips HR3571\/90 blenderen. Den avancerede ProBlend Crush-teknologi kombinerer en energieffektiv og kraftfuld 1000 W motor med unikke, 6-stjernede knive i rustfrit st\u00e5l, som effektivt knuser is og store ingredienser til silkebl\u00f8de smoothies og fine blandinger p\u00e5 ingen tid.Blenderens hoved er fremstillet i robust metal, hvilket giver h\u00f8j stabilitet og lang levetid ved daglig brug. Den store glassk\u00e5l har et innovativt, riflet design, der forbedrer ingrediensflowet og sikrer en j\u00e6vn konsistens. Glassk\u00e5len er b\u00e5de slidst\u00e6rk og nem at reng\u00f8re.V\u00e6lg Philips blenderen for holdbarhed, optimal ydeevne og let reng\u00f8ring \u2013 oplev hvor nemt det er at lave l\u00e6kre smoothies, shakes og meget mere. Find det komplette udvalg af blendere hos Butik24.<\/p>\n<p>Sammenlign priser p\u00e5 Philips HR3571\/90 Blender 1000W og k\u00f8b online til den billigste pris, samt p\u00e5 tilbud!\u00a0\u00a0Tjek den bedste pris, produkt beskrivelse, video, test, anmeldelser osv.<\/p>\n<p><strong>Brand: <\/strong>Philips<br \/>\n<strong>EAN: <\/strong>8710103936671<br \/>\n<strong>Producentens varenr.:<\/strong> 8710103936671<\/p>\n<p><strong>P.S.<\/strong><br \/>\nTilmeld dig til &#8220;Opret Gratis Prisfald Alarm&#8221;, og bliv underrettet med det samme om prisfald p\u00e5 Philips HR3571\/90 Blender 1000W, og f\u00e5 den billigste pris!<\/p>\n<p>&nbsp;<\/p>\n<p>&nbsp;<\/p>\n","protected":false},"excerpt":{"rendered":"<p>K\u00f8b billig Philips HR3571\/90 Blender 1000W! Oplev perfekte blendingsresultater dobbelt s\u00e5 hurtigt med Philips HR3571\/90 blenderen. Den avancerede ProBlend Crush-teknologi kombinerer en energieffektiv og kraftfuld 1000 W motor med unikke, 6-stjernede knive i rustfrit st\u00e5l, som effektivt knuser is og store ingredienser til silkebl\u00f8de smoothies og fine blandinger p\u00e5 ingen tid.Blenderens hoved er fremstillet i [&hellip;]<\/p>\n","protected":false},"featured_media":999980000004463680,"template":"","meta":[],"store":[1272516],"product_brand":[1272519],"product_cat":[831418],"product_tag":[1272683,1275180],"class_list":{"0":"post-446368","1":"product","2":"type-product","3":"status-publish","4":"has-post-thumbnail","6":"store-butik24","7":"product_brand-philips","8":"product_cat-koekkenudstyr","9":"product_tag-koekkenudstyr","10":"product_tag-philips","11":"pa_maerke-philips","13":"first","14":"instock","15":"product-type-external"},"_links":{"self":[{"href":"https:\/\/www.pricetornado.com\/da\/wp-json\/wp\/v2\/product\/446368","targetHints":{"allow":["GET"]}}],"collection":[{"href":"https:\/\/www.pricetornado.com\/da\/wp-json\/wp\/v2\/product"}],"about":[{"href":"https:\/\/www.pricetornado.com\/da\/wp-json\/wp\/v2\/types\/product"}],"wp:featuredmedia":[{"embeddable":true,"href":"https:\/\/www.pricetornado.com\/da\/wp-json\/"}],"wp:attachment":[{"href":"https:\/\/www.pricetornado.com\/da\/wp-json\/wp\/v2\/media?parent=446368"}],"wp:term":[{"taxonomy":"store","embeddable":true,"href":"https:\/\/www.pricetornado.com\/da\/wp-json\/wp\/v2\/store?post=446368"},{"taxonomy":"product_brand","embeddable":true,"href":"https:\/\/www.pricetornado.com\/da\/wp-json\/wp\/v2\/product_brand?post=446368"},{"taxonomy":"product_cat","embeddable":true,"href":"https:\/\/www.pricetornado.com\/da\/wp-json\/wp\/v2\/product_cat?post=446368"},{"taxonomy":"product_tag","embeddable":true,"href":"https:\/\/www.pricetornado.com\/da\/wp-json\/wp\/v2\/product_tag?post=446368"}],"curies":[{"name":"wp","href":"https:\/\/api.w.org\/{rel}","templated":true}]}}