{"id":446362,"date":"2025-02-26T11:46:57","date_gmt":"2025-02-26T10:46:57","guid":{"rendered":"https:\/\/www.pricetornado.com\/da\/produkt\/wiz-indendoerskamera\/"},"modified":"2026-04-30T10:20:31","modified_gmt":"2026-04-30T08:20:31","slug":"wiz-indendoerskamera","status":"publish","type":"product","link":"https:\/\/www.pricetornado.com\/da\/produkt\/wiz-indendoerskamera\/","title":{"rendered":"WIZ Indend\u00f8rskamera"},"content":{"rendered":"<p>K\u00f8b billig WIZ Indend\u00f8rskamera!<br \/>\nWiZ indend\u00f8rskameraet integreres med dine WiZ lamper og samler intelligent belysning og hjemmemonitorering i \u00e9t system. Med WiZ appen kan du nemt styre b\u00e5de sikkerhed og lys \u2013 uanset om du er hjemme eller v\u00e6k. Kameraet er let og b\u00e6rbart og kan placeres fleksibelt, enten med den medf\u00f8lgende bordstander eller ved v\u00e6gmontering.WiZ indend\u00f8rskameraet udnytter SpaceSense, hvor kompatible WiZ lyskilder fungerer som bev\u00e6gelsessensorer \u2013 uden behov for ekstra hardware eller ledninger. Derved kan du:Hele dit sikkerheds- og lyssystem samles og betjenes let fra WiZ appen.Kameraet er designet til at v\u00e6re let og nemt at flytte rundt, s\u00e5 du kan v\u00e6lge den bedste placering i hjemmet. Systemet beskytter dine data og dit privatliv, s\u00e5 du trygt kan overv\u00e5ge og styre din bolig. for at tilf\u00f8je endnu mere komfort og tryghed til dit hjem.<\/p>\n<p>Sammenlign priser p\u00e5 WIZ Indend\u00f8rskamera og k\u00f8b online til den billigste pris, samt p\u00e5 tilbud!\u00a0\u00a0Tjek den bedste pris, produkt beskrivelse, video, test, anmeldelser osv.<\/p>\n<p><strong>Brand: <\/strong>Wiz<br \/>\n<strong>EAN: <\/strong>8720169072039<br \/>\n<strong>Producentens varenr.:<\/strong> 8720169072039<\/p>\n<p><strong>P.S.<\/strong><br \/>\nTilmeld dig til &#8220;Opret Gratis Prisfald Alarm&#8221;, og bliv underrettet med det samme om prisfald p\u00e5 WIZ Indend\u00f8rskamera, og f\u00e5 den billigste pris!<\/p>\n<p>&nbsp;<\/p>\n<p>&nbsp;<\/p>\n","protected":false},"excerpt":{"rendered":"<p>K\u00f8b billig WIZ Indend\u00f8rskamera! WiZ indend\u00f8rskameraet integreres med dine WiZ lamper og samler intelligent belysning og hjemmemonitorering i \u00e9t system. Med WiZ appen kan du nemt styre b\u00e5de sikkerhed og lys \u2013 uanset om du er hjemme eller v\u00e6k. Kameraet er let og b\u00e6rbart og kan placeres fleksibelt, enten med den medf\u00f8lgende bordstander eller ved [&hellip;]<\/p>\n","protected":false},"featured_media":999980000004463620,"template":"","meta":[],"store":[1272516],"product_brand":[1272522],"product_cat":[1272462],"product_tag":[1272692,1275183],"class_list":{"0":"post-446362","1":"product","2":"type-product","3":"status-publish","4":"has-post-thumbnail","6":"store-butik24","7":"product_brand-wiz","8":"product_cat-smart-home","9":"product_tag-smart-home","10":"product_tag-wiz","11":"pa_maerke-wiz","13":"first","14":"instock","15":"product-type-external"},"_links":{"self":[{"href":"https:\/\/www.pricetornado.com\/da\/wp-json\/wp\/v2\/product\/446362","targetHints":{"allow":["GET"]}}],"collection":[{"href":"https:\/\/www.pricetornado.com\/da\/wp-json\/wp\/v2\/product"}],"about":[{"href":"https:\/\/www.pricetornado.com\/da\/wp-json\/wp\/v2\/types\/product"}],"wp:featuredmedia":[{"embeddable":true,"href":"https:\/\/www.pricetornado.com\/da\/wp-json\/"}],"wp:attachment":[{"href":"https:\/\/www.pricetornado.com\/da\/wp-json\/wp\/v2\/media?parent=446362"}],"wp:term":[{"taxonomy":"store","embeddable":true,"href":"https:\/\/www.pricetornado.com\/da\/wp-json\/wp\/v2\/store?post=446362"},{"taxonomy":"product_brand","embeddable":true,"href":"https:\/\/www.pricetornado.com\/da\/wp-json\/wp\/v2\/product_brand?post=446362"},{"taxonomy":"product_cat","embeddable":true,"href":"https:\/\/www.pricetornado.com\/da\/wp-json\/wp\/v2\/product_cat?post=446362"},{"taxonomy":"product_tag","embeddable":true,"href":"https:\/\/www.pricetornado.com\/da\/wp-json\/wp\/v2\/product_tag?post=446362"}],"curies":[{"name":"wp","href":"https:\/\/api.w.org\/{rel}","templated":true}]}}