{"id":446360,"date":"2025-02-22T19:41:31","date_gmt":"2025-02-22T18:41:31","guid":{"rendered":"https:\/\/www.pricetornado.com\/da\/produkt\/philips-s1142-00-elektrisk-shaver-1000-series\/"},"modified":"2026-04-17T12:20:24","modified_gmt":"2026-04-17T10:20:24","slug":"philips-s1142-00-elektrisk-shaver-1000-series","status":"publish","type":"product","link":"https:\/\/www.pricetornado.com\/da\/produkt\/philips-s1142-00-elektrisk-shaver-1000-series\/","title":{"rendered":"Philips S1142\/00 Elektrisk shaver 1000 Series"},"content":{"rendered":"<p>K\u00f8b billig Philips S1142\/00 Elektrisk shaver 1000 Series!<br \/>\nOplev en hurtig, effektiv og komfortabel barbering med Philips S1142\/00 Elektrisk shaver 1000 Series. Denne barbermaskine er designet til at levere en konsekvent glat barbering og giver god v\u00e6rdi for pengene. Den kombinerer avancerede funktioner med ergonomisk design, hvilket g\u00f8r den ideel til b\u00e5de v\u00e5d og t\u00f8r brug.Shaveren er udstyret med 27 selvslibende PowerCut-knive, som garanterer en skarp og j\u00e6vn barbering, der holder op til to \u00e5r. De fleksible 4D-hoveder tilpasser sig ansigtets konturer i fire retninger, hvilket sikrer behagelig kontakt og minimerer hudirritation.Philips S1142\/00 tilbyder op til 40 minutters ledningsfri barbering efter otte timers opladning via USB-A. En indbygget batteriindikator viser opladningsstatus, s\u00e5 du undg\u00e5r uventet str\u00f8msvigt.V\u00e6lg Philips S1142\/00 Elektrisk shaver 1000 Series for en p\u00e5lidelig, brugervenlig og milj\u00f8bevidst barberingsoplevelse. Find flere Philips produkter i -kollektionen hos Butik24.<\/p>\n<p>Sammenlign priser p\u00e5 Philips S1142\/00 Elektrisk shaver 1000 Series og k\u00f8b online til den billigste pris, samt p\u00e5 tilbud!\u00a0\u00a0Tjek den bedste pris, produkt beskrivelse, video, test, anmeldelser osv.<\/p>\n<p><strong>Brand: <\/strong>Philips<br \/>\n<strong>EAN: <\/strong>8720689018821<br \/>\n<strong>Producentens varenr.:<\/strong> 8720689018821<\/p>\n<p><strong>P.S.<\/strong><br \/>\nTilmeld dig til &#8220;Opret Gratis Prisfald Alarm&#8221;, og bliv underrettet med det samme om prisfald p\u00e5 Philips S1142\/00 Elektrisk shaver 1000 Series, og f\u00e5 den billigste pris!<\/p>\n<p>&nbsp;<\/p>\n<p>&nbsp;<\/p>\n","protected":false},"excerpt":{"rendered":"<p>K\u00f8b billig Philips S1142\/00 Elektrisk shaver 1000 Series! Oplev en hurtig, effektiv og komfortabel barbering med Philips S1142\/00 Elektrisk shaver 1000 Series. Denne barbermaskine er designet til at levere en konsekvent glat barbering og giver god v\u00e6rdi for pengene. Den kombinerer avancerede funktioner med ergonomisk design, hvilket g\u00f8r den ideel til b\u00e5de v\u00e5d og t\u00f8r [&hellip;]<\/p>\n","protected":false},"featured_media":999980000004463600,"template":"","meta":[],"store":[1272516],"product_brand":[1272519],"product_cat":[1272429,1272413],"product_tag":[1272711,1272706,1275180],"class_list":{"0":"post-446360","1":"product","2":"type-product","3":"status-publish","4":"has-post-thumbnail","6":"store-butik24","7":"product_brand-philips","8":"product_cat-maend-personlig-pleje","9":"product_cat-personlig-pleje","10":"product_tag-maend","11":"product_tag-personlig-pleje","12":"product_tag-philips","13":"pa_maerke-philips","15":"first","16":"instock","17":"product-type-external"},"_links":{"self":[{"href":"https:\/\/www.pricetornado.com\/da\/wp-json\/wp\/v2\/product\/446360","targetHints":{"allow":["GET"]}}],"collection":[{"href":"https:\/\/www.pricetornado.com\/da\/wp-json\/wp\/v2\/product"}],"about":[{"href":"https:\/\/www.pricetornado.com\/da\/wp-json\/wp\/v2\/types\/product"}],"wp:featuredmedia":[{"embeddable":true,"href":"https:\/\/www.pricetornado.com\/da\/wp-json\/"}],"wp:attachment":[{"href":"https:\/\/www.pricetornado.com\/da\/wp-json\/wp\/v2\/media?parent=446360"}],"wp:term":[{"taxonomy":"store","embeddable":true,"href":"https:\/\/www.pricetornado.com\/da\/wp-json\/wp\/v2\/store?post=446360"},{"taxonomy":"product_brand","embeddable":true,"href":"https:\/\/www.pricetornado.com\/da\/wp-json\/wp\/v2\/product_brand?post=446360"},{"taxonomy":"product_cat","embeddable":true,"href":"https:\/\/www.pricetornado.com\/da\/wp-json\/wp\/v2\/product_cat?post=446360"},{"taxonomy":"product_tag","embeddable":true,"href":"https:\/\/www.pricetornado.com\/da\/wp-json\/wp\/v2\/product_tag?post=446360"}],"curies":[{"name":"wp","href":"https:\/\/api.w.org\/{rel}","templated":true}]}}