{"id":446359,"date":"2025-02-21T03:11:33","date_gmt":"2025-02-21T02:11:33","guid":{"rendered":"https:\/\/www.pricetornado.com\/da\/produkt\/gastronoma-sous-vide-stav-m-wifim-sort-soelv-1000w\/"},"modified":"2026-04-17T10:00:17","modified_gmt":"2026-04-17T08:00:17","slug":"gastronoma-sous-vide-stav-m-wifim-sort-soelv-1000w","status":"publish","type":"product","link":"https:\/\/www.pricetornado.com\/da\/produkt\/gastronoma-sous-vide-stav-m-wifim-sort-soelv-1000w\/","title":{"rendered":"Gastronoma Sous Vide stav m\/WIFI,m sort\/s\u00f8lv, 1000W"},"content":{"rendered":"<p>K\u00f8b billig Gastronoma Sous Vide stav m\/WIFI,m sort\/s\u00f8lv, 1000W!<br \/>\nMed Gastronoma Sous Vide opn\u00e5r du perfekte resultater hver gang, uanset om du tilbereder k\u00f8d, gr\u00f8ntsager, laver bearnaisesauce eller tempererer chokolade. Denne sous vide-maskine byder p\u00e5 mange muligheder og kombinerer praktiske funktioner med et holdbart og stilrent design i b\u00f8rstet rustfrit st\u00e5l, der sikrer h\u00f8j slidstyrke og nem reng\u00f8ring.App-styring g\u00f8r det muligt at overv\u00e5ge og kontrollere din sous vide-tilberedning direkte fra din smartphone, uanset hvor du befinder dig. Hent \u201cCTO sous vide\u201d appen til enten iOS eller Android, og juster tids- og temperaturindstillingerne under tilberedningen. App\u2019en kan anvendes p\u00e5 b\u00e5de engelsk og tysk.Maskinen tilbyder en fleksibel og pr\u00e6cis temperaturstyring fra 0\u00b0C til 90\u00b0C og har en justerbar timerfunktion, der kan indstilles op til 99 timer og 59 minutter \u2013 perfekt til b\u00e5de korte og langvarige sous vide-sessioner uden behov for overv\u00e5gning.Det magnetiske vandcirkulationssystem sikrer en ensartet temperatur gennem hele tilberedningen, hvilket giver et optimalt resultat hver gang. Den kompakte maskine m\u00e5ler 83 mm i h\u00f8jden, 508 mm i bredden og 325 mm i dybden, og vejer blot 1000 gram, hvilket g\u00f8r den let at placere og h\u00e5ndtere. Maskinens design tager hensyn til sikker brug, herunder anbefalinger for b\u00f8rn over 8 \u00e5r samt personer med nedsat f\u00f8lsomhed eller funktionsneds\u00e6ttelser.Oplev nem og pr\u00e6cis sous vide-tilberedning med Gastronoma \u2013 ideel til b\u00e5de hverdagsmad og festlige lejligheder. Bestil din sous vide-maskine i dag og f\u00e5 fuld kontrol over din kulinariske oplevelse.<\/p>\n<p>Sammenlign priser p\u00e5 Gastronoma Sous Vide stav m\/WIFI,m sort\/s\u00f8lv, 1000W og k\u00f8b online til den billigste pris, samt p\u00e5 tilbud!\u00a0\u00a0Tjek den bedste pris, produkt beskrivelse, video, test, anmeldelser osv.<\/p>\n<p><strong>Brand: <\/strong>Gastronoma<br \/>\n<strong>EAN: <\/strong>5707442001699<br \/>\n<strong>Producentens varenr.:<\/strong> 5707442001699<\/p>\n<p><strong>P.S.<\/strong><br \/>\nTilmeld dig til &#8220;Opret Gratis Prisfald Alarm&#8221;, og bliv underrettet med det samme om prisfald p\u00e5 Gastronoma Sous Vide stav m\/WIFI,m sort\/s\u00f8lv, 1000W, og f\u00e5 den billigste pris!<\/p>\n<p>&nbsp;<\/p>\n<p>&nbsp;<\/p>\n","protected":false},"excerpt":{"rendered":"<p>K\u00f8b billig Gastronoma Sous Vide stav m\/WIFI,m sort\/s\u00f8lv, 1000W! Med Gastronoma Sous Vide opn\u00e5r du perfekte resultater hver gang, uanset om du tilbereder k\u00f8d, gr\u00f8ntsager, laver bearnaisesauce eller tempererer chokolade. Denne sous vide-maskine byder p\u00e5 mange muligheder og kombinerer praktiske funktioner med et holdbart og stilrent design i b\u00f8rstet rustfrit st\u00e5l, der sikrer h\u00f8j slidstyrke [&hellip;]<\/p>\n","protected":false},"featured_media":999980000004463590,"template":"","meta":[],"store":[1272516],"product_brand":[1272524],"product_cat":[831418],"product_tag":[1275185,1272683],"class_list":{"0":"post-446359","1":"product","2":"type-product","3":"status-publish","4":"has-post-thumbnail","6":"store-butik24","7":"product_brand-gastronoma","8":"product_cat-koekkenudstyr","9":"product_tag-gastronoma","10":"product_tag-koekkenudstyr","11":"pa_maerke-gastronoma","13":"first","14":"instock","15":"product-type-external"},"_links":{"self":[{"href":"https:\/\/www.pricetornado.com\/da\/wp-json\/wp\/v2\/product\/446359","targetHints":{"allow":["GET"]}}],"collection":[{"href":"https:\/\/www.pricetornado.com\/da\/wp-json\/wp\/v2\/product"}],"about":[{"href":"https:\/\/www.pricetornado.com\/da\/wp-json\/wp\/v2\/types\/product"}],"wp:featuredmedia":[{"embeddable":true,"href":"https:\/\/www.pricetornado.com\/da\/wp-json\/"}],"wp:attachment":[{"href":"https:\/\/www.pricetornado.com\/da\/wp-json\/wp\/v2\/media?parent=446359"}],"wp:term":[{"taxonomy":"store","embeddable":true,"href":"https:\/\/www.pricetornado.com\/da\/wp-json\/wp\/v2\/store?post=446359"},{"taxonomy":"product_brand","embeddable":true,"href":"https:\/\/www.pricetornado.com\/da\/wp-json\/wp\/v2\/product_brand?post=446359"},{"taxonomy":"product_cat","embeddable":true,"href":"https:\/\/www.pricetornado.com\/da\/wp-json\/wp\/v2\/product_cat?post=446359"},{"taxonomy":"product_tag","embeddable":true,"href":"https:\/\/www.pricetornado.com\/da\/wp-json\/wp\/v2\/product_tag?post=446359"}],"curies":[{"name":"wp","href":"https:\/\/api.w.org\/{rel}","templated":true}]}}