{"id":446353,"date":"2025-02-24T15:39:19","date_gmt":"2025-02-24T14:39:19","guid":{"rendered":"https:\/\/www.pricetornado.com\/da\/produkt\/philips-hue-white-filament-paere-st72-e27-filament-edison\/"},"modified":"2026-04-19T06:09:51","modified_gmt":"2026-04-19T04:09:51","slug":"philips-hue-white-filament-paere-st72-e27-filament-edison","status":"publish","type":"product","link":"https:\/\/www.pricetornado.com\/da\/produkt\/philips-hue-white-filament-paere-st72-e27-filament-edison\/","title":{"rendered":"Philips Hue White Filament P\u00e6re ST72 E27 Filament Edison"},"content":{"rendered":"<p>K\u00f8b billig Philips Hue White Filament P\u00e6re ST72 E27 Filament Edison!<br \/>\nOplev den st\u00f8rre version af den ikoniske Edison vintagep\u00e6re: Philips Hue White Filament ST72 E27. Denne elegante LED-p\u00e6re kombinerer et klassisk, vintage-inspireret design med intelligent belysning \u2013 perfekt til dekorativ og stemningsfuld belysning i hjemmet. Den snoede gl\u00f8detr\u00e5d og den gyldne amber bel\u00e6gning giver et tidl\u00f8st udtryk, mens LED-teknologien sikrer b\u00e5de energieffektivitet og lang levetid.P\u00e6ren har indbygget Bluetooth, s\u00e5 du nemt kan betjene op til 10 lyskilder i \u00e9t rum direkte fra Hue appen p\u00e5 din smartphone. Du f\u00e5r mulighed for \u00f8jeblikkelig d\u00e6mpning og t\u00e6nd\/sluk, uden behov for ekstra hub. Tilslut en Hue Bridge (s\u00e6lges separat) for at f\u00e5 adgang til avancerede funktioner: styr op til 50 lyskilder i hele hjemmet, indstil automatiske rutiner, fjernstyr lyskilderne uanset hvor du er, og integrer med bev\u00e6gelsessensorer og intelligente kontakter.P\u00e6ren underst\u00f8tter ogs\u00e5 stemmestyring via Google Assistant eller Amazon Alexa, s\u00e5 du kan betjene lyset h\u00e5ndfrit med enkle kommandoer.Philips Hue Filament ST72 leverer et varmt, bl\u00f8dt hvidt lys, der kan d\u00e6mpes fra klart dagslys til d\u00e6mpet natlys. P\u00e6ren t\u00e6nder omg\u00e5ende med fuld lysstyrke og giver mulighed for dyb d\u00e6mpning, s\u00e5 du altid kan skabe den rette stemning \u2013 uanset tidspunkt.Op til 15.000 timers levetid og 50.000 t\u00e6nd\/sluk-cyklusserDen intelligente filament p\u00e6re forener retro \u00e6stetik med nutidens avancerede teknologi. Brug Hue appen eller din stemme til at styre lyset pr\u00e6cis, som du \u00f8nsker, og f\u00e5 den perfekte kombination af hygge, fleksibilitet og energieffektivitet. p\u00e6rer og lad dig inspirere til smart belysning i din bolig.<\/p>\n<p>Sammenlign priser p\u00e5 Philips Hue White Filament P\u00e6re ST72 E27 Filament Edison og k\u00f8b online til den billigste pris, samt p\u00e5 tilbud!\u00a0\u00a0Tjek den bedste pris, produkt beskrivelse, video, test, anmeldelser osv.<\/p>\n<p><strong>Brand: <\/strong>Philips Hue<br \/>\n<strong>EAN: <\/strong>8719514343061<br \/>\n<strong>Producentens varenr.:<\/strong> 8719514343061<\/p>\n<p><strong>P.S.<\/strong><br \/>\nTilmeld dig til &#8220;Opret Gratis Prisfald Alarm&#8221;, og bliv underrettet med det samme om prisfald p\u00e5 Philips Hue White Filament P\u00e6re ST72 E27 Filament Edison, og f\u00e5 den billigste pris!<\/p>\n<p>&nbsp;<\/p>\n<p>&nbsp;<\/p>\n","protected":false},"excerpt":{"rendered":"<p>K\u00f8b billig Philips Hue White Filament P\u00e6re ST72 E27 Filament Edison! Oplev den st\u00f8rre version af den ikoniske Edison vintagep\u00e6re: Philips Hue White Filament ST72 E27. Denne elegante LED-p\u00e6re kombinerer et klassisk, vintage-inspireret design med intelligent belysning \u2013 perfekt til dekorativ og stemningsfuld belysning i hjemmet. Den snoede gl\u00f8detr\u00e5d og den gyldne amber bel\u00e6gning giver [&hellip;]<\/p>\n","protected":false},"featured_media":999980000004463530,"template":"","meta":[],"store":[1272516],"product_brand":[1272523],"product_cat":[1272422],"product_tag":[1272767],"class_list":{"0":"post-446353","1":"product","2":"type-product","3":"status-publish","4":"has-post-thumbnail","6":"store-butik24","7":"product_brand-philips-hue","8":"product_cat-philips-hue","9":"product_tag-philips-hue","10":"pa_maerke-philips-hue","12":"first","13":"instock","14":"product-type-external"},"_links":{"self":[{"href":"https:\/\/www.pricetornado.com\/da\/wp-json\/wp\/v2\/product\/446353","targetHints":{"allow":["GET"]}}],"collection":[{"href":"https:\/\/www.pricetornado.com\/da\/wp-json\/wp\/v2\/product"}],"about":[{"href":"https:\/\/www.pricetornado.com\/da\/wp-json\/wp\/v2\/types\/product"}],"wp:featuredmedia":[{"embeddable":true,"href":"https:\/\/www.pricetornado.com\/da\/wp-json\/"}],"wp:attachment":[{"href":"https:\/\/www.pricetornado.com\/da\/wp-json\/wp\/v2\/media?parent=446353"}],"wp:term":[{"taxonomy":"store","embeddable":true,"href":"https:\/\/www.pricetornado.com\/da\/wp-json\/wp\/v2\/store?post=446353"},{"taxonomy":"product_brand","embeddable":true,"href":"https:\/\/www.pricetornado.com\/da\/wp-json\/wp\/v2\/product_brand?post=446353"},{"taxonomy":"product_cat","embeddable":true,"href":"https:\/\/www.pricetornado.com\/da\/wp-json\/wp\/v2\/product_cat?post=446353"},{"taxonomy":"product_tag","embeddable":true,"href":"https:\/\/www.pricetornado.com\/da\/wp-json\/wp\/v2\/product_tag?post=446353"}],"curies":[{"name":"wp","href":"https:\/\/api.w.org\/{rel}","templated":true}]}}