{"id":446352,"date":"2025-02-24T07:50:44","date_gmt":"2025-02-24T06:50:44","guid":{"rendered":"https:\/\/www.pricetornado.com\/da\/produkt\/philips-led-lysroer-t8-corepro-em-mains-standard-output-14-5w-1600lm-865-dagslys-120cm-erstatter-36w\/"},"modified":"2026-04-21T07:00:37","modified_gmt":"2026-04-21T05:00:37","slug":"philips-led-lysroer-t8-corepro-em-mains-standard-output-14-5w-1600lm-865-dagslys-120cm-erstatter-36w","status":"publish","type":"product","link":"https:\/\/www.pricetornado.com\/da\/produkt\/philips-led-lysroer-t8-corepro-em-mains-standard-output-14-5w-1600lm-865-dagslys-120cm-erstatter-36w\/","title":{"rendered":"Philips LED Lysr\u00f8r T8 CorePro (EM\/Mains) Standard Output 14.5W 1600lm &#8211; 865 dagslys | 120cm &#8211; erstatter 36W"},"content":{"rendered":"<p>K\u00f8b billig Philips LED Lysr\u00f8r T8 CorePro (EM\/Mains) Standard Output 14.5W 1600lm &#8211; 865 dagslys | 120cm &#8211; erstatter 36W!<br \/>\nPhilips LED Lysr\u00f8r T8 CorePro (EM\/Mains) Standard Output 14.5W 1600lm &#8211; 865 dagslys | 120 cm er en energibesparende og holdbar l\u00f8sning, der erstatter traditionelle 36W T8 lysstofr\u00f8r. Det 120 cm lange LED-r\u00f8r passer direkte i standard T8-armaturer og er velegnet til almen indend\u00f8rs belysning i b\u00e5de hjem og erhverv.Med et forbrug p\u00e5 kun 14,5W reduceres energiforbruget med over 50 % sammenlignet med almindelige 36W lysstofr\u00f8r. Lysr\u00f8ret holder op til 30.000 timer \u2013 tre gange l\u00e6ngere end et konventionelt lysstofr\u00f8r \u2013 hvilket betyder markant f\u00e6rre udskiftninger og lavere vedligeholdelse.Lysr\u00f8ret udsender 1600 lumen ved en farvetemperatur p\u00e5 6500K (farvekode 865) og sikrer et klart, naturligt dagslys til enhver arbejdsplads eller rum. T\u00e6ndes \u00f8jeblikkeligt og n\u00e5r 60 % af fuld lysstyrke inden for 0,5 sekunder \u2013 ingen ventetid p\u00e5 opvarmning.-udledning. Det giver dig markante energibesparelser og en b\u00e6redygtig l\u00f8sning sammenlignet med traditionelle 36W lysstofr\u00f8r.Har du sp\u00f8rgsm\u00e5l eller brug for hj\u00e6lp, er du velkommen til at kontakte vores lys-team for r\u00e5dgivning og support.<\/p>\n<p>Sammenlign priser p\u00e5 Philips LED Lysr\u00f8r T8 CorePro (EM\/Mains) Standard Output 14.5W 1600lm &#8211; 865 dagslys | 120cm &#8211; erstatter 36W og k\u00f8b online til den billigste pris, samt p\u00e5 tilbud!\u00a0\u00a0Tjek den bedste pris, produkt beskrivelse, video, test, anmeldelser osv.<\/p>\n<p><strong>Brand: <\/strong>Philips<br \/>\n<strong>EAN: <\/strong>8718696711095<br \/>\n<strong>Producentens varenr.:<\/strong> 8718696711095<\/p>\n<p><strong>P.S.<\/strong><br \/>\nTilmeld dig til &#8220;Opret Gratis Prisfald Alarm&#8221;, og bliv underrettet med det samme om prisfald p\u00e5 Philips LED Lysr\u00f8r T8 CorePro (EM\/Mains) Standard Output 14.5W 1600lm &#8211; 865 dagslys | 120cm &#8211; erstatter 36W, og f\u00e5 den billigste pris!<\/p>\n<p>&nbsp;<\/p>\n<p>&nbsp;<\/p>\n","protected":false},"excerpt":{"rendered":"<p>K\u00f8b billig Philips LED Lysr\u00f8r T8 CorePro (EM\/Mains) Standard Output 14.5W 1600lm &#8211; 865 dagslys | 120cm &#8211; erstatter 36W! Philips LED Lysr\u00f8r T8 CorePro (EM\/Mains) Standard Output 14.5W 1600lm &#8211; 865 dagslys | 120 cm er en energibesparende og holdbar l\u00f8sning, der erstatter traditionelle 36W T8 lysstofr\u00f8r. Det 120 cm lange LED-r\u00f8r passer direkte [&hellip;]<\/p>\n","protected":false},"featured_media":999980000004463520,"template":"","meta":[],"store":[1272516],"product_brand":[1272519],"product_cat":[1272407],"product_tag":[1272697,1275180],"class_list":{"0":"post-446352","1":"product","2":"type-product","3":"status-publish","4":"has-post-thumbnail","6":"store-butik24","7":"product_brand-philips","8":"product_cat-belysning-2","9":"product_tag-belysning","10":"product_tag-philips","11":"pa_maerke-philips","13":"first","14":"instock","15":"product-type-external"},"_links":{"self":[{"href":"https:\/\/www.pricetornado.com\/da\/wp-json\/wp\/v2\/product\/446352","targetHints":{"allow":["GET"]}}],"collection":[{"href":"https:\/\/www.pricetornado.com\/da\/wp-json\/wp\/v2\/product"}],"about":[{"href":"https:\/\/www.pricetornado.com\/da\/wp-json\/wp\/v2\/types\/product"}],"wp:featuredmedia":[{"embeddable":true,"href":"https:\/\/www.pricetornado.com\/da\/wp-json\/"}],"wp:attachment":[{"href":"https:\/\/www.pricetornado.com\/da\/wp-json\/wp\/v2\/media?parent=446352"}],"wp:term":[{"taxonomy":"store","embeddable":true,"href":"https:\/\/www.pricetornado.com\/da\/wp-json\/wp\/v2\/store?post=446352"},{"taxonomy":"product_brand","embeddable":true,"href":"https:\/\/www.pricetornado.com\/da\/wp-json\/wp\/v2\/product_brand?post=446352"},{"taxonomy":"product_cat","embeddable":true,"href":"https:\/\/www.pricetornado.com\/da\/wp-json\/wp\/v2\/product_cat?post=446352"},{"taxonomy":"product_tag","embeddable":true,"href":"https:\/\/www.pricetornado.com\/da\/wp-json\/wp\/v2\/product_tag?post=446352"}],"curies":[{"name":"wp","href":"https:\/\/api.w.org\/{rel}","templated":true}]}}