{"id":446351,"date":"2025-02-25T10:59:03","date_gmt":"2025-02-25T09:59:03","guid":{"rendered":"https:\/\/www.pricetornado.com\/da\/produkt\/philips-hue-white-ambiance-1600lm-e27-paere\/"},"modified":"2026-04-18T03:00:34","modified_gmt":"2026-04-18T01:00:34","slug":"philips-hue-white-ambiance-1600lm-e27-paere","status":"publish","type":"product","link":"https:\/\/www.pricetornado.com\/da\/produkt\/philips-hue-white-ambiance-1600lm-e27-paere\/","title":{"rendered":"Philips Hue White Ambiance 1600lm E27 p\u00e6re"},"content":{"rendered":"<p>K\u00f8b billig Philips Hue White Ambiance 1600lm E27 p\u00e6re!<br \/>\nDenne intelligente Philips Hue White Ambiance E27 LED-p\u00e6re er den klareste i Hue-sortimentet og leverer en lysstyrke, der kan sammenlignes med en traditionel 100 W p\u00e6re. Den er perfekt til oplysning af store rum og giver dig mulighed for at justere det hvide lys fra varmt til k\u00f8ligt (2200K-6500K), s\u00e5 du altid kan skabe den \u00f8nskede stemning.P\u00e6ren er fuldt d\u00e6mpbar og kan nemt styres via Philips Hue appen, kompatible kontakter eller fjernbetjeninger. Den er kompatibel med standard E27 fatninger og kan opdateres med nye funktioner via Bluetooth appen eller Hue Bridge, s\u00e5 du altid har adgang til de nyeste softwareopdateringer.Bruger kun 15 W str\u00f8m, men leverer lysstyrke svarende til en 100 W gl\u00f8dep\u00e6re.Forventet levetid p\u00e5 op til 25.000 timer og kan klare op til 50.000 t\u00e6nd\/sluk-cyklusser.Designet til sikker og p\u00e5lidelig drift ved temperaturer fra -20\u00b0C til 45\u00b0C og luftfugtighed mellem 5 % og 95 % (ikke-kondenserende).Philips Hue White Ambiance E27-p\u00e6ren passer i de fleste armaturer med E27 fatning og kan let integreres i dit smarte hjem via Hue systemet. Oplev flere smarte belysningsl\u00f8sninger i vores store udvalg af .<\/p>\n<p>Sammenlign priser p\u00e5 Philips Hue White Ambiance 1600lm E27 p\u00e6re og k\u00f8b online til den billigste pris, samt p\u00e5 tilbud!\u00a0\u00a0Tjek den bedste pris, produkt beskrivelse, video, test, anmeldelser osv.<\/p>\n<p><strong>Brand: <\/strong>Philips Hue<br \/>\n<strong>EAN: <\/strong>8719514288195<br \/>\n<strong>Producentens varenr.:<\/strong> 8719514288195<\/p>\n<p><strong>P.S.<\/strong><br \/>\nTilmeld dig til &#8220;Opret Gratis Prisfald Alarm&#8221;, og bliv underrettet med det samme om prisfald p\u00e5 Philips Hue White Ambiance 1600lm E27 p\u00e6re, og f\u00e5 den billigste pris!<\/p>\n<p>&nbsp;<\/p>\n<p>&nbsp;<\/p>\n","protected":false},"excerpt":{"rendered":"<p>K\u00f8b billig Philips Hue White Ambiance 1600lm E27 p\u00e6re! Denne intelligente Philips Hue White Ambiance E27 LED-p\u00e6re er den klareste i Hue-sortimentet og leverer en lysstyrke, der kan sammenlignes med en traditionel 100 W p\u00e6re. Den er perfekt til oplysning af store rum og giver dig mulighed for at justere det hvide lys fra varmt [&hellip;]<\/p>\n","protected":false},"featured_media":999980000004463510,"template":"","meta":[],"store":[1272516],"product_brand":[1272523],"product_cat":[1272407],"product_tag":[1272697,1272767],"class_list":{"0":"post-446351","1":"product","2":"type-product","3":"status-publish","4":"has-post-thumbnail","6":"store-butik24","7":"product_brand-philips-hue","8":"product_cat-belysning-2","9":"product_tag-belysning","10":"product_tag-philips-hue","11":"pa_maerke-philips-hue","13":"first","14":"instock","15":"product-type-external"},"_links":{"self":[{"href":"https:\/\/www.pricetornado.com\/da\/wp-json\/wp\/v2\/product\/446351","targetHints":{"allow":["GET"]}}],"collection":[{"href":"https:\/\/www.pricetornado.com\/da\/wp-json\/wp\/v2\/product"}],"about":[{"href":"https:\/\/www.pricetornado.com\/da\/wp-json\/wp\/v2\/types\/product"}],"wp:featuredmedia":[{"embeddable":true,"href":"https:\/\/www.pricetornado.com\/da\/wp-json\/"}],"wp:attachment":[{"href":"https:\/\/www.pricetornado.com\/da\/wp-json\/wp\/v2\/media?parent=446351"}],"wp:term":[{"taxonomy":"store","embeddable":true,"href":"https:\/\/www.pricetornado.com\/da\/wp-json\/wp\/v2\/store?post=446351"},{"taxonomy":"product_brand","embeddable":true,"href":"https:\/\/www.pricetornado.com\/da\/wp-json\/wp\/v2\/product_brand?post=446351"},{"taxonomy":"product_cat","embeddable":true,"href":"https:\/\/www.pricetornado.com\/da\/wp-json\/wp\/v2\/product_cat?post=446351"},{"taxonomy":"product_tag","embeddable":true,"href":"https:\/\/www.pricetornado.com\/da\/wp-json\/wp\/v2\/product_tag?post=446351"}],"curies":[{"name":"wp","href":"https:\/\/api.w.org\/{rel}","templated":true}]}}