{"id":446348,"date":"2025-02-26T19:55:15","date_gmt":"2025-02-26T18:55:15","guid":{"rendered":"https:\/\/www.pricetornado.com\/da\/produkt\/nedis-vccs600bu-ledningsfri-haandstoevsuger\/"},"modified":"2026-04-21T09:50:50","modified_gmt":"2026-04-21T07:50:50","slug":"nedis-vccs600bu-ledningsfri-haandstoevsuger","status":"publish","type":"product","link":"https:\/\/www.pricetornado.com\/da\/produkt\/nedis-vccs600bu-ledningsfri-haandstoevsuger\/","title":{"rendered":"Nedis VCCS600BU Ledningsfri H\u00e5ndst\u00f8vsuger"},"content":{"rendered":"<p>K\u00f8b billig Nedis VCCS600BU Ledningsfri H\u00e5ndst\u00f8vsuger!<br \/>\n200 W | 22.2 VAC | Motoriseret bl\u00f8d b\u00f8rste med integreret belysning | 17000 Pa | HEPA luftfilter | Bl\u00e5 \/ Gr\u00e5St\u00f8vsugning af dit hjem bliver meget nemmere med denne ledningsfri Nedis-st\u00f8vsuger. Den har et genopladeligt litiumbatteri, der fungerer i op til 55 minutter i Eco-tilstand og har nok sugeevne til at fjerne let snavs s\u00e5som st\u00f8v eller sand. Eller skift til h\u00f8j styrke, og f\u00e5 14 minutters ledningsfri betjening og maksimal sugeevne &#8211; med en lydsvag motor med st\u00f8jniveau p\u00e5 kun 78 dB.Det tager 4,5 timer at genoplade batteriet, der giver dig optimal bev\u00e6gelsesfrihed, n\u00e5r du g\u00f8r rent, da st\u00f8vsugeren fungerer helt uden ledning.L\u00e6g hertil en v\u00e6gt p\u00e5 kun 2,2 kg, muligheden for at konvertere den fra stang\u2011 til h\u00e5ndst\u00f8vsuger, det medf\u00f8lgende mundstykke til reng\u00f8ring af vanskeligt tilg\u00e6ngelige hj\u00f8rner &#8211; s\u00e5 kommer du inden l\u00e6nge til at bruge st\u00f8vsugeren til en omgang st\u00f8vsugning efter morgenmaden, til reng\u00f8ring af v\u00e6gge og endda lofter &#8211; dens 1,5 l kapacitet f\u00e5r dig godt igennem alle opgaver.St\u00f8vsugeren har ogs\u00e5 indbygget LED-belysning i det motoriserede b\u00f8rstehoved, s\u00e5 du nemt kan se st\u00f8vet, selv i d\u00e5rligt oplyste hj\u00f8rner.F\u00e6rdig med at st\u00f8vsuge? S\u00e5 kan du bare t\u00f8mme st\u00f8vbeholderen med et enkelt klik og s\u00e6tte den i ladestationen, der nemt kan s\u00e6ttes op p\u00e5 v\u00e6ggen. Dens skaftdesign sikrer, at den ikke fylder meget under opbevaring, hvilket er perfekt til selv de mindste hjem.\u2022 Inkl. mundstykke<\/p>\n<p>Sammenlign priser p\u00e5 Nedis VCCS600BU Ledningsfri H\u00e5ndst\u00f8vsuger og k\u00f8b online til den billigste pris, samt p\u00e5 tilbud!\u00a0\u00a0Tjek den bedste pris, produkt beskrivelse, video, test, anmeldelser osv.<\/p>\n<p><strong>Brand: <\/strong>Nedis<br \/>\n<strong>EAN: <\/strong>5412810317660<br \/>\n<strong>Producentens varenr.:<\/strong> 5412810317660<\/p>\n<p><strong>P.S.<\/strong><br \/>\nTilmeld dig til &#8220;Opret Gratis Prisfald Alarm&#8221;, og bliv underrettet med det samme om prisfald p\u00e5 Nedis VCCS600BU Ledningsfri H\u00e5ndst\u00f8vsuger, og f\u00e5 den billigste pris!<\/p>\n<p>&nbsp;<\/p>\n<p>&nbsp;<\/p>\n","protected":false},"excerpt":{"rendered":"<p>K\u00f8b billig Nedis VCCS600BU Ledningsfri H\u00e5ndst\u00f8vsuger! 200 W | 22.2 VAC | Motoriseret bl\u00f8d b\u00f8rste med integreret belysning | 17000 Pa | HEPA luftfilter | Bl\u00e5 \/ Gr\u00e5St\u00f8vsugning af dit hjem bliver meget nemmere med denne ledningsfri Nedis-st\u00f8vsuger. Den har et genopladeligt litiumbatteri, der fungerer i op til 55 minutter i Eco-tilstand og har nok [&hellip;]<\/p>\n","protected":false},"featured_media":999980000004463480,"template":"","meta":[],"store":[1272516],"product_brand":[1272517],"product_cat":[1272411],"product_tag":[1275178,1272720],"class_list":{"0":"post-446348","1":"product","2":"type-product","3":"status-publish","4":"has-post-thumbnail","6":"store-butik24","7":"product_brand-nedis","8":"product_cat-stoevsugere","9":"product_tag-nedis","10":"product_tag-stoevsugere","11":"pa_maerke-nedis","13":"first","14":"instock","15":"product-type-external"},"_links":{"self":[{"href":"https:\/\/www.pricetornado.com\/da\/wp-json\/wp\/v2\/product\/446348","targetHints":{"allow":["GET"]}}],"collection":[{"href":"https:\/\/www.pricetornado.com\/da\/wp-json\/wp\/v2\/product"}],"about":[{"href":"https:\/\/www.pricetornado.com\/da\/wp-json\/wp\/v2\/types\/product"}],"wp:featuredmedia":[{"embeddable":true,"href":"https:\/\/www.pricetornado.com\/da\/wp-json\/"}],"wp:attachment":[{"href":"https:\/\/www.pricetornado.com\/da\/wp-json\/wp\/v2\/media?parent=446348"}],"wp:term":[{"taxonomy":"store","embeddable":true,"href":"https:\/\/www.pricetornado.com\/da\/wp-json\/wp\/v2\/store?post=446348"},{"taxonomy":"product_brand","embeddable":true,"href":"https:\/\/www.pricetornado.com\/da\/wp-json\/wp\/v2\/product_brand?post=446348"},{"taxonomy":"product_cat","embeddable":true,"href":"https:\/\/www.pricetornado.com\/da\/wp-json\/wp\/v2\/product_cat?post=446348"},{"taxonomy":"product_tag","embeddable":true,"href":"https:\/\/www.pricetornado.com\/da\/wp-json\/wp\/v2\/product_tag?post=446348"}],"curies":[{"name":"wp","href":"https:\/\/api.w.org\/{rel}","templated":true}]}}