{"id":446347,"date":"2025-02-20T09:26:50","date_gmt":"2025-02-20T08:26:50","guid":{"rendered":"https:\/\/www.pricetornado.com\/da\/produkt\/vogels-tvm-3215-tv-vaegbeslag-med-vippefunktion\/"},"modified":"2026-04-17T02:30:02","modified_gmt":"2026-04-17T00:30:02","slug":"vogels-tvm-3215-tv-vaegbeslag-med-vippefunktion","status":"publish","type":"product","link":"https:\/\/www.pricetornado.com\/da\/produkt\/vogels-tvm-3215-tv-vaegbeslag-med-vippefunktion\/","title":{"rendered":"Vogels TVM 3215 Tv-v\u00e6gbeslag med vippefunktion"},"content":{"rendered":"<p>K\u00f8b billig Vogels TVM 3215 Tv-v\u00e6gbeslag med vippefunktion!<br \/>\nVogels TVM 3215 er et stilfuldt og sikkert TV-v\u00e6gbeslag, der passer til TV\u2019er fra 19&quot; til 43&quot; med en maksimal v\u00e6gt p\u00e5 15 kg. Det tiltbare design g\u00f8r det ideelt til montering af TV\u2019et lidt h\u00f8jere p\u00e5 v\u00e6ggen, for eksempel i sovev\u00e6relset. Du kan tilte dit TV op til 20\u00b0, s\u00e5 du undg\u00e5r generende refleksioner og opn\u00e5r den bedste betragtningsvinkel \u2013 til gl\u00e6de for hele familien.V\u00e6goph\u00e6nget er T\u00dcV-certificeret og testet til at modst\u00e5 tre gange sin maksimale v\u00e6gtkapacitet, hvilket sikrer maksimal sikkerhed og holdbarhed, selv ved intensiv brug. Med det unikke ClickLoc\u2122-system l\u00e5ses dit TV fast i beslaget med et h\u00f8rbart klik, s\u00e5 du altid kan v\u00e6re tryg ved, at det sidder sikkert. Bl\u00f8de, beskyttende puder p\u00e5 beslaget beskytter bagsiden af dit TV mod ridser og skader under og efter installation.Installationen er let og ligetil. Beslaget leveres komplet med boreskabelon, skruer og Fischer\u00ae DuoPower rawlplugs, s\u00e5 du har alt, du skal bruge. Et integreret vaterpas hj\u00e6lper dig med at sikre, at monteringen bliver helt lige. Du f\u00e5r b\u00e5de en lyninstallationsvejledning og adgang til en detaljeret manual samt installationsvideo online for ekstra hj\u00e6lp.Vogels TVM 3215 er kompatibelt med VESA-standarderne fra 75&#215;75 mm til 200&#215;200 mm, hvilket sikrer fleksibel anvendelse med de fleste TV\u2019er i st\u00f8rrelsen 19-43&quot;. Produktet er udviklet med omtanke for milj\u00f8et og har et dokumenteret CO\u2082-aftryk p\u00e5 kun 5,1 kg, s\u00e5 du kan f\u00f8le dig godt tilpas med dit valg af v\u00e6gbeslag.Med Vogels TVM 3215 f\u00e5r du et p\u00e5lideligt, funktionelt og sikkert TV-v\u00e6gbeslag, der giver dig den bedste visningsoplevelse og tryghed i hjemmet. Se vores og find det perfekte match til dit TV.<\/p>\n<p>Sammenlign priser p\u00e5 Vogels TVM 3215 Tv-v\u00e6gbeslag med vippefunktion og k\u00f8b online til den billigste pris, samt p\u00e5 tilbud!\u00a0\u00a0Tjek den bedste pris, produkt beskrivelse, video, test, anmeldelser osv.<\/p>\n<p><strong>Brand: <\/strong>Vogels<br \/>\n<strong>EAN: <\/strong>8712285347641<br \/>\n<strong>Producentens varenr.:<\/strong> 8712285347641<\/p>\n<p><strong>P.S.<\/strong><br \/>\nTilmeld dig til &#8220;Opret Gratis Prisfald Alarm&#8221;, og bliv underrettet med det samme om prisfald p\u00e5 Vogels TVM 3215 Tv-v\u00e6gbeslag med vippefunktion, og f\u00e5 den billigste pris!<\/p>\n<p>&nbsp;<\/p>\n<p>&nbsp;<\/p>\n","protected":false},"excerpt":{"rendered":"<p>K\u00f8b billig Vogels TVM 3215 Tv-v\u00e6gbeslag med vippefunktion! Vogels TVM 3215 er et stilfuldt og sikkert TV-v\u00e6gbeslag, der passer til TV\u2019er fra 19&quot; til 43&quot; med en maksimal v\u00e6gt p\u00e5 15 kg. Det tiltbare design g\u00f8r det ideelt til montering af TV\u2019et lidt h\u00f8jere p\u00e5 v\u00e6ggen, for eksempel i sovev\u00e6relset. Du kan tilte dit TV [&hellip;]<\/p>\n","protected":false},"featured_media":999980000004463470,"template":"","meta":[],"store":[1272516],"product_brand":[1272527],"product_cat":[1272432],"product_tag":[1272789,1275191],"class_list":{"0":"post-446347","1":"product","2":"type-product","3":"status-publish","4":"has-post-thumbnail","6":"store-butik24","7":"product_brand-vogels","8":"product_cat-tv-tilbehoer","9":"product_tag-tv-tilbehoer","10":"product_tag-vogels","11":"pa_maerke-vogels","13":"first","14":"instock","15":"product-type-external"},"_links":{"self":[{"href":"https:\/\/www.pricetornado.com\/da\/wp-json\/wp\/v2\/product\/446347","targetHints":{"allow":["GET"]}}],"collection":[{"href":"https:\/\/www.pricetornado.com\/da\/wp-json\/wp\/v2\/product"}],"about":[{"href":"https:\/\/www.pricetornado.com\/da\/wp-json\/wp\/v2\/types\/product"}],"wp:featuredmedia":[{"embeddable":true,"href":"https:\/\/www.pricetornado.com\/da\/wp-json\/"}],"wp:attachment":[{"href":"https:\/\/www.pricetornado.com\/da\/wp-json\/wp\/v2\/media?parent=446347"}],"wp:term":[{"taxonomy":"store","embeddable":true,"href":"https:\/\/www.pricetornado.com\/da\/wp-json\/wp\/v2\/store?post=446347"},{"taxonomy":"product_brand","embeddable":true,"href":"https:\/\/www.pricetornado.com\/da\/wp-json\/wp\/v2\/product_brand?post=446347"},{"taxonomy":"product_cat","embeddable":true,"href":"https:\/\/www.pricetornado.com\/da\/wp-json\/wp\/v2\/product_cat?post=446347"},{"taxonomy":"product_tag","embeddable":true,"href":"https:\/\/www.pricetornado.com\/da\/wp-json\/wp\/v2\/product_tag?post=446347"}],"curies":[{"name":"wp","href":"https:\/\/api.w.org\/{rel}","templated":true}]}}