{"id":446346,"date":"2025-02-21T23:29:53","date_gmt":"2025-02-21T22:29:53","guid":{"rendered":"https:\/\/www.pricetornado.com\/da\/produkt\/philips-hue-go-baerbar-bordlampe-hvid\/"},"modified":"2026-05-01T04:30:15","modified_gmt":"2026-05-01T02:30:15","slug":"philips-hue-go-baerbar-bordlampe-hvid","status":"publish","type":"product","link":"https:\/\/www.pricetornado.com\/da\/produkt\/philips-hue-go-baerbar-bordlampe-hvid\/","title":{"rendered":"Philips Hue Go b\u00e6rbar bordlampe &#8211; Hvid"},"content":{"rendered":"<p>K\u00f8b billig Philips Hue Go b\u00e6rbar bordlampe &#8211; Hvid!<br \/>\nPhilips Hue Go er en b\u00e6rbar og intelligent bordlampe i hvid, designet til b\u00e5de indend\u00f8rs og udend\u00f8rs brug. Lampen har et robust metalhus, der giver \u00f8get holdbarhed, og et salviegr\u00f8nt silikonegreb, som g\u00f8r den nem at flytte rundt og placere pr\u00e6cis, hvor der er mest brug for lys \u2013 for eksempel til l\u00e6sning indend\u00f8rs eller stemningsfulde middage udend\u00f8rs.Lampen er genopladelig og leveres med en ladebase, s\u00e5 du nemt kan oplade den efter behov. Philips Hue Go kan styres direkte via Philips Hue-appen, hvilket giver dig fuld kontrol over lysets farver og lysstyrke, uanset hvor du befinder dig. Den alsidige lampe tilbyder et bredt udvalg af farver og lysindstillinger, s\u00e5 du kan tilpasse belysningen til enhver situation.Philips Hue Go er fremstillet i metal for \u00f8get robusthed og anvender LED-teknologi, som sikrer energieffektiv belysning. Lampen er vandt\u00e6t, s\u00e5 du trygt kan bruge den i fugtige omgivelser uden bekymringer. Med beskyttelsesklasse II og III er lampen dobbeltisoleret og kr\u00e6ver ingen jordforbindelse, hvilket \u00f8ger sikkerheden i brug.Skab fleksible og stemningsfulde lysmilj\u00f8er med Philips Hue Go \u2014 b\u00e5de inde og ude. Se flere muligheder i for at f\u00e5 mest ud af dit intelligente belysningssystem.<\/p>\n<p>Sammenlign priser p\u00e5 Philips Hue Go b\u00e6rbar bordlampe &#8211; Hvid og k\u00f8b online til den billigste pris, samt p\u00e5 tilbud!\u00a0\u00a0Tjek den bedste pris, produkt beskrivelse, video, test, anmeldelser osv.<\/p>\n<p><strong>Brand: <\/strong>Philips Hue<br \/>\n<strong>EAN: <\/strong>8719514404571<br \/>\n<strong>Producentens varenr.:<\/strong> 8719514404571<\/p>\n<p><strong>P.S.<\/strong><br \/>\nTilmeld dig til &#8220;Opret Gratis Prisfald Alarm&#8221;, og bliv underrettet med det samme om prisfald p\u00e5 Philips Hue Go b\u00e6rbar bordlampe &#8211; Hvid, og f\u00e5 den billigste pris!<\/p>\n<p>&nbsp;<\/p>\n<p>&nbsp;<\/p>\n","protected":false},"excerpt":{"rendered":"<p>K\u00f8b billig Philips Hue Go b\u00e6rbar bordlampe &#8211; Hvid! Philips Hue Go er en b\u00e6rbar og intelligent bordlampe i hvid, designet til b\u00e5de indend\u00f8rs og udend\u00f8rs brug. Lampen har et robust metalhus, der giver \u00f8get holdbarhed, og et salviegr\u00f8nt silikonegreb, som g\u00f8r den nem at flytte rundt og placere pr\u00e6cis, hvor der er mest brug [&hellip;]<\/p>\n","protected":false},"featured_media":999980000004463460,"template":"","meta":[],"store":[1272516],"product_brand":[1272523],"product_cat":[1272407],"product_tag":[1272697,1272767],"class_list":{"0":"post-446346","1":"product","2":"type-product","3":"status-publish","4":"has-post-thumbnail","6":"store-butik24","7":"product_brand-philips-hue","8":"product_cat-belysning-2","9":"product_tag-belysning","10":"product_tag-philips-hue","11":"pa_maerke-philips-hue","13":"first","14":"instock","15":"product-type-external"},"_links":{"self":[{"href":"https:\/\/www.pricetornado.com\/da\/wp-json\/wp\/v2\/product\/446346","targetHints":{"allow":["GET"]}}],"collection":[{"href":"https:\/\/www.pricetornado.com\/da\/wp-json\/wp\/v2\/product"}],"about":[{"href":"https:\/\/www.pricetornado.com\/da\/wp-json\/wp\/v2\/types\/product"}],"wp:featuredmedia":[{"embeddable":true,"href":"https:\/\/www.pricetornado.com\/da\/wp-json\/"}],"wp:attachment":[{"href":"https:\/\/www.pricetornado.com\/da\/wp-json\/wp\/v2\/media?parent=446346"}],"wp:term":[{"taxonomy":"store","embeddable":true,"href":"https:\/\/www.pricetornado.com\/da\/wp-json\/wp\/v2\/store?post=446346"},{"taxonomy":"product_brand","embeddable":true,"href":"https:\/\/www.pricetornado.com\/da\/wp-json\/wp\/v2\/product_brand?post=446346"},{"taxonomy":"product_cat","embeddable":true,"href":"https:\/\/www.pricetornado.com\/da\/wp-json\/wp\/v2\/product_cat?post=446346"},{"taxonomy":"product_tag","embeddable":true,"href":"https:\/\/www.pricetornado.com\/da\/wp-json\/wp\/v2\/product_tag?post=446346"}],"curies":[{"name":"wp","href":"https:\/\/api.w.org\/{rel}","templated":true}]}}