{"id":446345,"date":"2025-02-26T16:53:38","date_gmt":"2025-02-26T15:53:38","guid":{"rendered":"https:\/\/www.pricetornado.com\/da\/produkt\/philips-hue-ensis-pendel-sort\/"},"modified":"2026-04-19T02:30:03","modified_gmt":"2026-04-19T00:30:03","slug":"philips-hue-ensis-pendel-sort","status":"publish","type":"product","link":"https:\/\/www.pricetornado.com\/da\/produkt\/philips-hue-ensis-pendel-sort\/","title":{"rendered":"Philips HUE Ensis pendel &#8211; Sort"},"content":{"rendered":"<p>K\u00f8b billig Philips HUE Ensis pendel &#8211; Sort!<br \/>\nPhilips Hue Ensis pendel forener et slankt og moderne design i sortlakeret metal med avanceret smart belysning. Pendlen udsender b\u00e5de opad- og nedadvendt lys, der skaber en harmonisk kombination af funktionelt og stemningsskabende lys, ideel som enten solit\u00e6r lampe eller integreret som del af et intelligent Philips Hue-system.Styr op til 10 Philips Hue lyskilder i \u00e9t rum via Hue Bluetooth appen p\u00e5 din smartphone (iOS\/Android). Med Hue Bridge (s\u00e6lges separat) f\u00e5r du udvidet kontrol og kan styre op til 50 lyskilder p\u00e5 tv\u00e6rs af hele hjemmet og automatisere din belysning.Lampen kan desuden betjenes med stemmen gennem Amazon Alexa eller Google Assistant, n\u00e5r du bruger den sammen med en kompatibel enhed som Google Nest eller Amazon Echo. Indstil belysning, t\u00e6nd og sluk \u2013 helt uden h\u00e6nder.Opn\u00e5 pr\u00e6cis den \u00f8nskede stemning med mere end 16 millioner farver.V\u00e6lg mellem varmt til k\u00f8ligt hvidt lys (2000\u20136500K) \u2013 perfekt til enhver situation.Integrerede LED-moduler leverer op til 5.500 lumen ved 4000K (4.750 lumen ved 2700K).LED\u2019erne er ikke-udskiftelige, men har en levetid p\u00e5 op til 25.000 timer. opkvikkende, k\u00f8ligt lys til en god start p\u00e5 dagen. optimalt, k\u00f8ligere lys til fokus og koncentration. bl\u00f8dt, hvidt lys til hyggelig l\u00e6sning. varmt lys til afslapning og velv\u00e6re.Ensis pendlen har energieffektivitetsklasse G og bruger 79W ved maksimal lysstyrke. Den er designet udelukkende til indend\u00f8rs brug med IP20-certificering og klasse I elektrisk beskyttelse (jordet). LED-lys og kontrolenhed kan udskiftes af fagfolk for bedre holdbarhed.F\u00e5 det fulde udbytte af Philips Hue-systemet ved at tilf\u00f8je en Hue Bridge (s\u00e6lges separat), s\u00e5 du kan styre din belysning uanset, hvor du befinder dig, og integrere ekstraudstyr som bev\u00e6gelsessensorer og intelligente kontakter. Oplev hele udvalget af produkter hos Butik24 og skab det perfekte lys til enhver stemning.<\/p>\n<p>Sammenlign priser p\u00e5 Philips HUE Ensis pendel &#8211; Sort og k\u00f8b online til den billigste pris, samt p\u00e5 tilbud!\u00a0\u00a0Tjek den bedste pris, produkt beskrivelse, video, test, anmeldelser osv.<\/p>\n<p><strong>Brand: <\/strong>Philips Hue<br \/>\n<strong>EAN: <\/strong>8719514343368<br \/>\n<strong>Producentens varenr.:<\/strong> 8719514343368<\/p>\n<p><strong>P.S.<\/strong><br \/>\nTilmeld dig til &#8220;Opret Gratis Prisfald Alarm&#8221;, og bliv underrettet med det samme om prisfald p\u00e5 Philips HUE Ensis pendel &#8211; Sort, og f\u00e5 den billigste pris!<\/p>\n<p>&nbsp;<\/p>\n<p>&nbsp;<\/p>\n","protected":false},"excerpt":{"rendered":"<p>K\u00f8b billig Philips HUE Ensis pendel &#8211; Sort! Philips Hue Ensis pendel forener et slankt og moderne design i sortlakeret metal med avanceret smart belysning. Pendlen udsender b\u00e5de opad- og nedadvendt lys, der skaber en harmonisk kombination af funktionelt og stemningsskabende lys, ideel som enten solit\u00e6r lampe eller integreret som del af et intelligent Philips [&hellip;]<\/p>\n","protected":false},"featured_media":999980000004463450,"template":"","meta":[],"store":[1272516],"product_brand":[1272523],"product_cat":[1272407],"product_tag":[1272697,1272767],"class_list":{"0":"post-446345","1":"product","2":"type-product","3":"status-publish","4":"has-post-thumbnail","6":"store-butik24","7":"product_brand-philips-hue","8":"product_cat-belysning-2","9":"product_tag-belysning","10":"product_tag-philips-hue","11":"pa_maerke-philips-hue","13":"first","14":"instock","15":"product-type-external"},"_links":{"self":[{"href":"https:\/\/www.pricetornado.com\/da\/wp-json\/wp\/v2\/product\/446345","targetHints":{"allow":["GET"]}}],"collection":[{"href":"https:\/\/www.pricetornado.com\/da\/wp-json\/wp\/v2\/product"}],"about":[{"href":"https:\/\/www.pricetornado.com\/da\/wp-json\/wp\/v2\/types\/product"}],"wp:featuredmedia":[{"embeddable":true,"href":"https:\/\/www.pricetornado.com\/da\/wp-json\/"}],"wp:attachment":[{"href":"https:\/\/www.pricetornado.com\/da\/wp-json\/wp\/v2\/media?parent=446345"}],"wp:term":[{"taxonomy":"store","embeddable":true,"href":"https:\/\/www.pricetornado.com\/da\/wp-json\/wp\/v2\/store?post=446345"},{"taxonomy":"product_brand","embeddable":true,"href":"https:\/\/www.pricetornado.com\/da\/wp-json\/wp\/v2\/product_brand?post=446345"},{"taxonomy":"product_cat","embeddable":true,"href":"https:\/\/www.pricetornado.com\/da\/wp-json\/wp\/v2\/product_cat?post=446345"},{"taxonomy":"product_tag","embeddable":true,"href":"https:\/\/www.pricetornado.com\/da\/wp-json\/wp\/v2\/product_tag?post=446345"}],"curies":[{"name":"wp","href":"https:\/\/api.w.org\/{rel}","templated":true}]}}