{"id":446344,"date":"2025-02-23T10:41:09","date_gmt":"2025-02-23T09:41:09","guid":{"rendered":"https:\/\/www.pricetornado.com\/da\/produkt\/alecto-senior-dect-telefon-med-store-taster-og-1-haandsaet-sort-fx-6000\/"},"modified":"2026-04-17T09:20:17","modified_gmt":"2026-04-17T07:20:17","slug":"alecto-senior-dect-telefon-med-store-taster-og-1-haandsaet-sort-fx-6000","status":"publish","type":"product","link":"https:\/\/www.pricetornado.com\/da\/produkt\/alecto-senior-dect-telefon-med-store-taster-og-1-haandsaet-sort-fx-6000\/","title":{"rendered":"Alecto &#8211; Senior DECT-telefon med store taster og 1 h\u00e5nds\u00e6t, sort &#8211; FX-6000"},"content":{"rendered":"<p>K\u00f8b billig Alecto &#8211; Senior DECT-telefon med store taster og 1 h\u00e5nds\u00e6t, sort &#8211; FX-6000!<br \/>\nDenne DECT-telefon med store taster er skabt til nem og komfortabel telekommunikation. Telefonen har ekstra store, tydelige nummertaster og et stort, oplyst display, hvilket g\u00f8r den s\u00e6rligt velegnet til personer med nedsat syn eller h\u00f8relse. Lydkvaliteten er fremragende, og det elegante design passer diskret ind i ethvert hjem.Ud over de tydelige taster og display byder telefonen p\u00e5 flere tekniske funktioner. Du kan parre flere h\u00e5nds\u00e6t til samme base, og med et tryk p\u00e5 sideknappen f\u00e5r du h\u00e5nds\u00e6ttet til at bippe og blinke \u2013 s\u00e5 du nemt kan finde det igen.Telefonen er designet til at sikre en samtale, der er let at f\u00f8lge for begge parter \u2013 ogs\u00e5 for brugere med h\u00f8reapparat eller nedsat h\u00f8relse. Samtalevolumen kan let justeres, og en praktisk boost-funktion g\u00f8r det muligt at skrue hurtigt op for lyden med \u00e9n knap, hvis forbindelsen skulle v\u00e6re svag. Telefonen g\u00f8r det desuden muligt at d\u00e6mpe eller forst\u00e6rke b\u00e5de h\u00f8je og lave toner under opkaldet, s\u00e5 lydindstillingerne kan tilpasses individuelt. DECT-telefonen fungerer uden forstyrrelser for folk med h\u00f8reapparat og kan bruges med teleslynge for at minimere baggrundsst\u00f8j.Brugervenlighed er i fokus: Du kan tale h\u00e5ndfrit, og telefonen tilbyder plads til tre hurtigvalgsnumre, s\u00e5 det er nemt at ringe til familie, l\u00e6ge eller n\u00f8dopkald. Derudover kan du gemme op til 50 ekstra kontakter i telefonbogen, hvilket g\u00f8r det let hurtigt at finde de \u00f8nskede numre.Ligesom alle andre DECT-enheder af denne type har telefonen en Eco friendly-funktion, hvilket betyder et meget lavt str\u00e5lingsniveau under brug.Med denne DECT-telefon f\u00e5r du et gennemt\u00e6nkt, brugervenligt kvalitetsprodukt, der g\u00f8r det lettere og sjovere at ringe op \u2013 ogs\u00e5 for dem, der har brug for lidt ekstra st\u00f8tte til syn eller h\u00f8relse.<\/p>\n<p>Sammenlign priser p\u00e5 Alecto &#8211; Senior DECT-telefon med store taster og 1 h\u00e5nds\u00e6t, sort &#8211; FX-6000 og k\u00f8b online til den billigste pris, samt p\u00e5 tilbud!\u00a0\u00a0Tjek den bedste pris, produkt beskrivelse, video, test, anmeldelser osv.<\/p>\n<p><strong>Brand: <\/strong>Alecto<br \/>\n<strong>EAN: <\/strong>8712412552917<br \/>\n<strong>Producentens varenr.:<\/strong> 8712412552917<\/p>\n<p><strong>P.S.<\/strong><br \/>\nTilmeld dig til &#8220;Opret Gratis Prisfald Alarm&#8221;, og bliv underrettet med det samme om prisfald p\u00e5 Alecto &#8211; Senior DECT-telefon med store taster og 1 h\u00e5nds\u00e6t, sort &#8211; FX-6000, og f\u00e5 den billigste pris!<\/p>\n<p>&nbsp;<\/p>\n<p>&nbsp;<\/p>\n","protected":false},"excerpt":{"rendered":"<p>K\u00f8b billig Alecto &#8211; Senior DECT-telefon med store taster og 1 h\u00e5nds\u00e6t, sort &#8211; FX-6000! Denne DECT-telefon med store taster er skabt til nem og komfortabel telekommunikation. Telefonen har ekstra store, tydelige nummertaster og et stort, oplyst display, hvilket g\u00f8r den s\u00e6rligt velegnet til personer med nedsat syn eller h\u00f8relse. Lydkvaliteten er fremragende, og det [&hellip;]<\/p>\n","protected":false},"featured_media":999980000004463440,"template":"","meta":[],"store":[1272516],"product_brand":[1272518],"product_cat":[1272470],"product_tag":[1275186,1272841],"class_list":{"0":"post-446344","1":"product","2":"type-product","3":"status-publish","4":"has-post-thumbnail","6":"store-butik24","7":"product_brand-alecto","8":"product_cat-telefon-og-tablet","9":"product_tag-alecto","10":"product_tag-telefon-og-tablet","11":"pa_maerke-alecto","13":"first","14":"instock","15":"product-type-external"},"_links":{"self":[{"href":"https:\/\/www.pricetornado.com\/da\/wp-json\/wp\/v2\/product\/446344","targetHints":{"allow":["GET"]}}],"collection":[{"href":"https:\/\/www.pricetornado.com\/da\/wp-json\/wp\/v2\/product"}],"about":[{"href":"https:\/\/www.pricetornado.com\/da\/wp-json\/wp\/v2\/types\/product"}],"wp:featuredmedia":[{"embeddable":true,"href":"https:\/\/www.pricetornado.com\/da\/wp-json\/"}],"wp:attachment":[{"href":"https:\/\/www.pricetornado.com\/da\/wp-json\/wp\/v2\/media?parent=446344"}],"wp:term":[{"taxonomy":"store","embeddable":true,"href":"https:\/\/www.pricetornado.com\/da\/wp-json\/wp\/v2\/store?post=446344"},{"taxonomy":"product_brand","embeddable":true,"href":"https:\/\/www.pricetornado.com\/da\/wp-json\/wp\/v2\/product_brand?post=446344"},{"taxonomy":"product_cat","embeddable":true,"href":"https:\/\/www.pricetornado.com\/da\/wp-json\/wp\/v2\/product_cat?post=446344"},{"taxonomy":"product_tag","embeddable":true,"href":"https:\/\/www.pricetornado.com\/da\/wp-json\/wp\/v2\/product_tag?post=446344"}],"curies":[{"name":"wp","href":"https:\/\/api.w.org\/{rel}","templated":true}]}}