{"id":446332,"date":"2025-02-25T08:58:49","date_gmt":"2025-02-25T07:58:49","guid":{"rendered":"https:\/\/www.pricetornado.com\/da\/produkt\/nedis-kabt510egy-broedrister-graa\/"},"modified":"2026-04-18T02:10:16","modified_gmt":"2026-04-18T00:10:16","slug":"nedis-kabt510egy-broedrister-graa","status":"publish","type":"product","link":"https:\/\/www.pricetornado.com\/da\/produkt\/nedis-kabt510egy-broedrister-graa\/","title":{"rendered":"Nedis KABT510EGY Br\u00f8drister &#8211; Gr\u00e5"},"content":{"rendered":"<p>K\u00f8b billig Nedis KABT510EGY Br\u00f8drister &#8211; Gr\u00e5!<br \/>\nOpgrader dit k\u00f8kken med denne elektriske Nedis-br\u00f8drister, der forener funktionalitet, stil og sikkerhed. De ekstra brede br\u00f8dholdere g\u00f8r det nemt at riste b\u00e5de skivesk\u00e5ret br\u00f8d, h\u00e5ndsk\u00e5ret br\u00f8d, bagels og muffins \u2013 uanset tykkelse springer br\u00f8det altid op perfekt ristet. Kombineret med et elegant design i rustfrit st\u00e5l, tr\u00e6- og gummifinish, passer denne br\u00f8drister harmonisk ind i enhver moderne bolig.V\u00e6lg mellem seks forskellige bruningsindstillinger for at tilpasse resultatet til netop dine pr\u00e6ferencer. Betjeningsknapper til stop, genopvarmning og opt\u00f8ning giver dig fuld kontrol over processen, s\u00e5 du nemt kan riste, genopvarme eller t\u00f8 br\u00f8d op uden besv\u00e6r.En aftagelig krummebakke g\u00f8r reng\u00f8ringen hurtig og ubesv\u00e6ret, s\u00e5 din br\u00f8drister altid fremst\u00e5r p\u00e6n. For ekstra sikkerhed er apparatet udstyret med overophetningsbeskyttelse og et varmeisoleret kabinet, der sikrer behagelig overfladetemperatur under brug. Non-slip f\u00f8dder giver stabilitet p\u00e5 k\u00f8kkenbordet.Med Nedis elektriske br\u00f8drister f\u00e5r du et alsidigt og sikkert k\u00f8kkenapparat, der g\u00f8r morgenmaden b\u00e5de nemmere og mere l\u00e6kker. Udforsk resten af sortimentet for flere innovative produkter til hjemmet.<\/p>\n<p>Sammenlign priser p\u00e5 Nedis KABT510EGY Br\u00f8drister &#8211; Gr\u00e5 og k\u00f8b online til den billigste pris, samt p\u00e5 tilbud!\u00a0\u00a0Tjek den bedste pris, produkt beskrivelse, video, test, anmeldelser osv.<\/p>\n<p><strong>Brand: <\/strong>Nedis<br \/>\n<strong>EAN: <\/strong>5412810273782<br \/>\n<strong>Producentens varenr.:<\/strong> 5412810273782<\/p>\n<p><strong>P.S.<\/strong><br \/>\nTilmeld dig til &#8220;Opret Gratis Prisfald Alarm&#8221;, og bliv underrettet med det samme om prisfald p\u00e5 Nedis KABT510EGY Br\u00f8drister &#8211; Gr\u00e5, og f\u00e5 den billigste pris!<\/p>\n<p>&nbsp;<\/p>\n<p>&nbsp;<\/p>\n","protected":false},"excerpt":{"rendered":"<p>K\u00f8b billig Nedis KABT510EGY Br\u00f8drister &#8211; Gr\u00e5! Opgrader dit k\u00f8kken med denne elektriske Nedis-br\u00f8drister, der forener funktionalitet, stil og sikkerhed. De ekstra brede br\u00f8dholdere g\u00f8r det nemt at riste b\u00e5de skivesk\u00e5ret br\u00f8d, h\u00e5ndsk\u00e5ret br\u00f8d, bagels og muffins \u2013 uanset tykkelse springer br\u00f8det altid op perfekt ristet. Kombineret med et elegant design i rustfrit st\u00e5l, tr\u00e6- [&hellip;]<\/p>\n","protected":false},"featured_media":999980000004463320,"template":"","meta":[],"store":[1272516],"product_brand":[1272517],"product_cat":[831418],"product_tag":[1272683,1275178],"class_list":{"0":"post-446332","1":"product","2":"type-product","3":"status-publish","4":"has-post-thumbnail","6":"store-butik24","7":"product_brand-nedis","8":"product_cat-koekkenudstyr","9":"product_tag-koekkenudstyr","10":"product_tag-nedis","11":"pa_maerke-nedis","13":"first","14":"instock","15":"product-type-external"},"_links":{"self":[{"href":"https:\/\/www.pricetornado.com\/da\/wp-json\/wp\/v2\/product\/446332","targetHints":{"allow":["GET"]}}],"collection":[{"href":"https:\/\/www.pricetornado.com\/da\/wp-json\/wp\/v2\/product"}],"about":[{"href":"https:\/\/www.pricetornado.com\/da\/wp-json\/wp\/v2\/types\/product"}],"wp:featuredmedia":[{"embeddable":true,"href":"https:\/\/www.pricetornado.com\/da\/wp-json\/"}],"wp:attachment":[{"href":"https:\/\/www.pricetornado.com\/da\/wp-json\/wp\/v2\/media?parent=446332"}],"wp:term":[{"taxonomy":"store","embeddable":true,"href":"https:\/\/www.pricetornado.com\/da\/wp-json\/wp\/v2\/store?post=446332"},{"taxonomy":"product_brand","embeddable":true,"href":"https:\/\/www.pricetornado.com\/da\/wp-json\/wp\/v2\/product_brand?post=446332"},{"taxonomy":"product_cat","embeddable":true,"href":"https:\/\/www.pricetornado.com\/da\/wp-json\/wp\/v2\/product_cat?post=446332"},{"taxonomy":"product_tag","embeddable":true,"href":"https:\/\/www.pricetornado.com\/da\/wp-json\/wp\/v2\/product_tag?post=446332"}],"curies":[{"name":"wp","href":"https:\/\/api.w.org\/{rel}","templated":true}]}}