{"id":446324,"date":"2025-02-20T22:01:00","date_gmt":"2025-02-20T21:01:00","guid":{"rendered":"https:\/\/www.pricetornado.com\/da\/produkt\/scanpan-to-go-termoflaske-sunshine-500-ml\/"},"modified":"2026-04-17T11:20:19","modified_gmt":"2026-04-17T09:20:19","slug":"scanpan-to-go-termoflaske-sunshine-500-ml","status":"publish","type":"product","link":"https:\/\/www.pricetornado.com\/da\/produkt\/scanpan-to-go-termoflaske-sunshine-500-ml\/","title":{"rendered":"Scanpan TO GO Termoflaske, Sunshine- 500 ml"},"content":{"rendered":"<p>K\u00f8b billig Scanpan TO GO Termoflaske, Sunshine- 500 ml!<br \/>\nScanpan TO GO termoflaske, Sunshine, kombinerer mode og funktionalitet og er skabt til dig med en aktiv livsstil. Den er perfekt som f\u00f8lgesvend uanset om du er p\u00e5 vej i fitnesscentret, til arbejde eller bare er p\u00e5 farten. Flasken matcher enhver lejlighed og tilf\u00f8rer b\u00e5de stil og praktisk anvendelighed til din hverdag.Termoflasken er fremstillet i rustfrit st\u00e5l, hvilket sikrer lang holdbarhed og robusthed. Den effektive vakuumisolering holder dine drikkevarer kolde eller varme i lang tid, s\u00e5 du kan nyde dem pr\u00e6cis, n\u00e5r du \u00f8nsker det.F\u00e5s i 24 forskellige farver, inkl. den flotte \u201dSunshine\u201dVi anbefaler at vaske termoflasken i h\u00e5nden for at bevare materialets kvalitet og flaskens levetid. Den passer til alle situationer og er nem at matche med andet tilbeh\u00f8r. Scanpan TO GO termoflaske er dit ideelle valg, n\u00e5r b\u00e5de funktion og \u00e6stetik er i h\u00f8js\u00e6det.<\/p>\n<p>Sammenlign priser p\u00e5 Scanpan TO GO Termoflaske, Sunshine- 500 ml og k\u00f8b online til den billigste pris, samt p\u00e5 tilbud!\u00a0\u00a0Tjek den bedste pris, produkt beskrivelse, video, test, anmeldelser osv.<\/p>\n<p><strong>Brand: <\/strong>Scanpan<br \/>\n<strong>EAN: <\/strong>083421213464<br \/>\n<strong>Producentens varenr.:<\/strong> 083421213464<\/p>\n<p><strong>P.S.<\/strong><br \/>\nTilmeld dig til &#8220;Opret Gratis Prisfald Alarm&#8221;, og bliv underrettet med det samme om prisfald p\u00e5 Scanpan TO GO Termoflaske, Sunshine- 500 ml, og f\u00e5 den billigste pris!<\/p>\n<p>&nbsp;<\/p>\n<p>&nbsp;<\/p>\n","protected":false},"excerpt":{"rendered":"<p>K\u00f8b billig Scanpan TO GO Termoflaske, Sunshine- 500 ml! Scanpan TO GO termoflaske, Sunshine, kombinerer mode og funktionalitet og er skabt til dig med en aktiv livsstil. Den er perfekt som f\u00f8lgesvend uanset om du er p\u00e5 vej i fitnesscentret, til arbejde eller bare er p\u00e5 farten. Flasken matcher enhver lejlighed og tilf\u00f8rer b\u00e5de stil [&hellip;]<\/p>\n","protected":false},"featured_media":999980000004463240,"template":"","meta":[],"store":[1272516],"product_brand":[1272521],"product_cat":[1272428],"product_tag":[1275184,1272773],"class_list":{"0":"post-446324","1":"product","2":"type-product","3":"status-publish","4":"has-post-thumbnail","6":"store-butik24","7":"product_brand-scanpan","8":"product_cat-termoflaske","9":"product_tag-scanpan","10":"product_tag-termoflaske","11":"pa_maerke-scanpan","13":"first","14":"instock","15":"product-type-external"},"_links":{"self":[{"href":"https:\/\/www.pricetornado.com\/da\/wp-json\/wp\/v2\/product\/446324","targetHints":{"allow":["GET"]}}],"collection":[{"href":"https:\/\/www.pricetornado.com\/da\/wp-json\/wp\/v2\/product"}],"about":[{"href":"https:\/\/www.pricetornado.com\/da\/wp-json\/wp\/v2\/types\/product"}],"wp:featuredmedia":[{"embeddable":true,"href":"https:\/\/www.pricetornado.com\/da\/wp-json\/"}],"wp:attachment":[{"href":"https:\/\/www.pricetornado.com\/da\/wp-json\/wp\/v2\/media?parent=446324"}],"wp:term":[{"taxonomy":"store","embeddable":true,"href":"https:\/\/www.pricetornado.com\/da\/wp-json\/wp\/v2\/store?post=446324"},{"taxonomy":"product_brand","embeddable":true,"href":"https:\/\/www.pricetornado.com\/da\/wp-json\/wp\/v2\/product_brand?post=446324"},{"taxonomy":"product_cat","embeddable":true,"href":"https:\/\/www.pricetornado.com\/da\/wp-json\/wp\/v2\/product_cat?post=446324"},{"taxonomy":"product_tag","embeddable":true,"href":"https:\/\/www.pricetornado.com\/da\/wp-json\/wp\/v2\/product_tag?post=446324"}],"curies":[{"name":"wp","href":"https:\/\/api.w.org\/{rel}","templated":true}]}}