{"id":446323,"date":"2025-02-20T21:48:32","date_gmt":"2025-02-20T20:48:32","guid":{"rendered":"https:\/\/www.pricetornado.com\/da\/produkt\/philips-avent-baby-care-saet-alle-de-vigtige-ting-til-babypleje\/"},"modified":"2026-05-01T11:20:43","modified_gmt":"2026-05-01T09:20:43","slug":"philips-avent-baby-care-saet-alle-de-vigtige-ting-til-babypleje","status":"publish","type":"product","link":"https:\/\/www.pricetornado.com\/da\/produkt\/philips-avent-baby-care-saet-alle-de-vigtige-ting-til-babypleje\/","title":{"rendered":"Philips Avent Baby Care-s\u00e6t Alle de vigtige ting til babypleje"},"content":{"rendered":"<p>K\u00f8b billig Philips Avent Baby Care-s\u00e6t Alle de vigtige ting til babypleje!<br \/>\nMed Philips Avent babyplejes\u00e6t f\u00e5r du alle de essentielle redskaber til daglig og tryg pleje af din baby samlet i \u00e9t kompakt og praktisk s\u00e6t. S\u00e6ttet er ideelt b\u00e5de til nyf\u00f8dte og st\u00f8rre babyer og hj\u00e6lper dig med nemt at holde barnets hud, negle og h\u00e5r velplejede og rene. Perfekt til hjemmebrug og n\u00e5r I er p\u00e5 farten.Det medf\u00f8lgende kompakte etui har lynl\u00e5s, elastikb\u00e5nd og netlommer, der sikrer organiseret og sikker opbevaring af alle redskaber. S\u00e6ttet er nemt at tage med, hvilket g\u00f8r det til en perfekt gaveid\u00e9 eller rejseledsager for nye for\u00e6ldre.Alle plejeredskaber er fremstillet af baby-sikre materialer med ergonomisk udformning for maksimal komfort og sikkerhed. S\u00e6ttets design l\u00e6gger v\u00e6gt p\u00e5 sk\u00e5nsomhed mod sart babyhud og luftveje, s\u00e5 plejen bliver tryg og behagelig. Det robuste etui g\u00f8r det nemt at have alle de n\u00f8dvendige plejeartikler samlet \u00e9t sted \u2013 b\u00e5de hjemme og under rejser. til praktisk hverdag og babypleje.<\/p>\n<p>Sammenlign priser p\u00e5 Philips Avent Baby Care-s\u00e6t Alle de vigtige ting til babypleje og k\u00f8b online til den billigste pris, samt p\u00e5 tilbud!\u00a0\u00a0Tjek den bedste pris, produkt beskrivelse, video, test, anmeldelser osv.<\/p>\n<p><strong>Brand: <\/strong>Philips<br \/>\n<strong>EAN: <\/strong>8720689021944<br \/>\n<strong>Producentens varenr.:<\/strong> 8720689021944<\/p>\n<p><strong>P.S.<\/strong><br \/>\nTilmeld dig til &#8220;Opret Gratis Prisfald Alarm&#8221;, og bliv underrettet med det samme om prisfald p\u00e5 Philips Avent Baby Care-s\u00e6t Alle de vigtige ting til babypleje, og f\u00e5 den billigste pris!<\/p>\n<p>&nbsp;<\/p>\n<p>&nbsp;<\/p>\n","protected":false},"excerpt":{"rendered":"<p>K\u00f8b billig Philips Avent Baby Care-s\u00e6t Alle de vigtige ting til babypleje! Med Philips Avent babyplejes\u00e6t f\u00e5r du alle de essentielle redskaber til daglig og tryg pleje af din baby samlet i \u00e9t kompakt og praktisk s\u00e6t. S\u00e6ttet er ideelt b\u00e5de til nyf\u00f8dte og st\u00f8rre babyer og hj\u00e6lper dig med nemt at holde barnets hud, [&hellip;]<\/p>\n","protected":false},"featured_media":999980000004463230,"template":"","meta":[],"store":[1272516],"product_brand":[1272519],"product_cat":[1272414,1272413],"product_tag":[1272709,1272706,1275180],"class_list":{"0":"post-446323","1":"product","2":"type-product","3":"status-publish","4":"has-post-thumbnail","6":"store-butik24","7":"product_brand-philips","8":"product_cat-baby-personlig-pleje","9":"product_cat-personlig-pleje","10":"product_tag-baby","11":"product_tag-personlig-pleje","12":"product_tag-philips","13":"pa_maerke-philips","15":"first","16":"instock","17":"product-type-external"},"_links":{"self":[{"href":"https:\/\/www.pricetornado.com\/da\/wp-json\/wp\/v2\/product\/446323","targetHints":{"allow":["GET"]}}],"collection":[{"href":"https:\/\/www.pricetornado.com\/da\/wp-json\/wp\/v2\/product"}],"about":[{"href":"https:\/\/www.pricetornado.com\/da\/wp-json\/wp\/v2\/types\/product"}],"wp:featuredmedia":[{"embeddable":true,"href":"https:\/\/www.pricetornado.com\/da\/wp-json\/"}],"wp:attachment":[{"href":"https:\/\/www.pricetornado.com\/da\/wp-json\/wp\/v2\/media?parent=446323"}],"wp:term":[{"taxonomy":"store","embeddable":true,"href":"https:\/\/www.pricetornado.com\/da\/wp-json\/wp\/v2\/store?post=446323"},{"taxonomy":"product_brand","embeddable":true,"href":"https:\/\/www.pricetornado.com\/da\/wp-json\/wp\/v2\/product_brand?post=446323"},{"taxonomy":"product_cat","embeddable":true,"href":"https:\/\/www.pricetornado.com\/da\/wp-json\/wp\/v2\/product_cat?post=446323"},{"taxonomy":"product_tag","embeddable":true,"href":"https:\/\/www.pricetornado.com\/da\/wp-json\/wp\/v2\/product_tag?post=446323"}],"curies":[{"name":"wp","href":"https:\/\/api.w.org\/{rel}","templated":true}]}}