{"id":446311,"date":"2025-02-24T12:21:33","date_gmt":"2025-02-24T11:21:33","guid":{"rendered":"https:\/\/www.pricetornado.com\/da\/produkt\/philips-led-classic-filament-40w-kerte-e14-varm-hvid-klar-daempbar-1-pak\/"},"modified":"2026-04-18T10:50:18","modified_gmt":"2026-04-18T08:50:18","slug":"philips-led-classic-filament-40w-kerte-e14-varm-hvid-klar-daempbar-1-pak","status":"publish","type":"product","link":"https:\/\/www.pricetornado.com\/da\/produkt\/philips-led-classic-filament-40w-kerte-e14-varm-hvid-klar-daempbar-1-pak\/","title":{"rendered":"PHILIPS LED Classic Filament 40W kerte E14, varm hvid klar d\u00e6mpbar, 1 pak"},"content":{"rendered":"<p>K\u00f8b billig PHILIPS LED Classic Filament 40W kerte E14, varm hvid klar d\u00e6mpbar, 1 pak!<br \/>\nPhilips LED klar kerte udsender smukke, funklende lyseffekter og har ualmindelig lang levetid. P\u00e6ren er smuk, uanset om den er t\u00e6ndt eller ej \u2013 et perfekt match til dekorative lysekroner med sm\u00e5 E14-fatninger. Den har et klassisk, ikke-retningsbestemt kerte-design, der giver et varmt og ensartet lys, ideelt til b\u00e5de stemningsfuld og dekorativ belysning.Med moderne LED-teknologi tilbyder denne kerte fra Philips markant lavere str\u00f8mforbrug og l\u00e6ngere levetid sammenlignet med traditionelle gl\u00f8dep\u00e6rer. LED-p\u00e6rer t\u00e5ler flere t\u00e6nd\/sluk-cyklusser, hvilket g\u00f8r dem til et \u00f8konomisk og b\u00e6redygtigt valg til hjemmet.Kerten kan d\u00e6mpes med kompatible d\u00e6mpere, s\u00e5 lyset nemt kan tilpasses efter stemning og behov. Det g\u00f8r p\u00e6ren s\u00e6rligt alsidig til forskellige belysningsmilj\u00f8er.Philips LED kerte kombinerer \u00e6stetik og funktion og er b\u00e5de smuk alene og i brug. Opgrader din belysning med en p\u00e5lidelig, energieffektiv l\u00f8sning til dit hjem. Se ogs\u00e5 vores udvalg af produkter for flere energibesparende belysningsmuligheder.<\/p>\n<p>Sammenlign priser p\u00e5 PHILIPS LED Classic Filament 40W kerte E14, varm hvid klar d\u00e6mpbar, 1 pak og k\u00f8b online til den billigste pris, samt p\u00e5 tilbud!\u00a0\u00a0Tjek den bedste pris, produkt beskrivelse, video, test, anmeldelser osv.<\/p>\n<p><strong>Brand: <\/strong>Philips<br \/>\n<strong>EAN: <\/strong>8719514324213<br \/>\n<strong>Producentens varenr.:<\/strong> 8719514324213<\/p>\n<p><strong>P.S.<\/strong><br \/>\nTilmeld dig til &#8220;Opret Gratis Prisfald Alarm&#8221;, og bliv underrettet med det samme om prisfald p\u00e5 PHILIPS LED Classic Filament 40W kerte E14, varm hvid klar d\u00e6mpbar, 1 pak, og f\u00e5 den billigste pris!<\/p>\n<p>&nbsp;<\/p>\n<p>&nbsp;<\/p>\n","protected":false},"excerpt":{"rendered":"<p>K\u00f8b billig PHILIPS LED Classic Filament 40W kerte E14, varm hvid klar d\u00e6mpbar, 1 pak! Philips LED klar kerte udsender smukke, funklende lyseffekter og har ualmindelig lang levetid. P\u00e6ren er smuk, uanset om den er t\u00e6ndt eller ej \u2013 et perfekt match til dekorative lysekroner med sm\u00e5 E14-fatninger. Den har et klassisk, ikke-retningsbestemt kerte-design, der [&hellip;]<\/p>\n","protected":false},"featured_media":999980000004463110,"template":"","meta":[],"store":[1272516],"product_brand":[1272519],"product_cat":[1272407],"product_tag":[1272697,1275180],"class_list":{"0":"post-446311","1":"product","2":"type-product","3":"status-publish","4":"has-post-thumbnail","6":"store-butik24","7":"product_brand-philips","8":"product_cat-belysning-2","9":"product_tag-belysning","10":"product_tag-philips","11":"pa_maerke-philips","13":"first","14":"instock","15":"product-type-external"},"_links":{"self":[{"href":"https:\/\/www.pricetornado.com\/da\/wp-json\/wp\/v2\/product\/446311","targetHints":{"allow":["GET"]}}],"collection":[{"href":"https:\/\/www.pricetornado.com\/da\/wp-json\/wp\/v2\/product"}],"about":[{"href":"https:\/\/www.pricetornado.com\/da\/wp-json\/wp\/v2\/types\/product"}],"wp:featuredmedia":[{"embeddable":true,"href":"https:\/\/www.pricetornado.com\/da\/wp-json\/"}],"wp:attachment":[{"href":"https:\/\/www.pricetornado.com\/da\/wp-json\/wp\/v2\/media?parent=446311"}],"wp:term":[{"taxonomy":"store","embeddable":true,"href":"https:\/\/www.pricetornado.com\/da\/wp-json\/wp\/v2\/store?post=446311"},{"taxonomy":"product_brand","embeddable":true,"href":"https:\/\/www.pricetornado.com\/da\/wp-json\/wp\/v2\/product_brand?post=446311"},{"taxonomy":"product_cat","embeddable":true,"href":"https:\/\/www.pricetornado.com\/da\/wp-json\/wp\/v2\/product_cat?post=446311"},{"taxonomy":"product_tag","embeddable":true,"href":"https:\/\/www.pricetornado.com\/da\/wp-json\/wp\/v2\/product_tag?post=446311"}],"curies":[{"name":"wp","href":"https:\/\/api.w.org\/{rel}","templated":true}]}}