{"id":446308,"date":"2025-02-26T05:00:42","date_gmt":"2025-02-26T04:00:42","guid":{"rendered":"https:\/\/www.pricetornado.com\/da\/produkt\/imperial-dabman-i200-multifunktionel-stereoradio-dab-fm-internet-i-traelook-22-230-00\/"},"modified":"2026-04-17T02:20:40","modified_gmt":"2026-04-17T00:20:40","slug":"imperial-dabman-i200-multifunktionel-stereoradio-dab-fm-internet-i-traelook-22-230-00","status":"publish","type":"product","link":"https:\/\/www.pricetornado.com\/da\/produkt\/imperial-dabman-i200-multifunktionel-stereoradio-dab-fm-internet-i-traelook-22-230-00\/","title":{"rendered":"Imperial &#8211; DABMAN i200 Multifunktionel stereoradio DAB+\/FM\/internet i tr\u00e6look &#8211; 22-230-00"},"content":{"rendered":"<p>K\u00f8b billig Imperial &#8211; DABMAN i200 Multifunktionel stereoradio DAB+\/FM\/internet i tr\u00e6look &#8211; 22-230-00!<br \/>\nImperial DABMAN i200 er en alsidig og robust stereoradio, der kombinerer b\u00e5de DAB+, FM RDS og internetradiomodtagelse i et kompakt og elegant kabinet med tr\u00e6look. Med adgang til over 25.000 internetradiostationer via Wi-Fi eller Ethernet f\u00e5r du et enormt udvalg af musik og nyheder direkte ind i dit hjem. Den kompakte konstruktion (32 x 13,5 x 10,3 cm) og v\u00e6gten p\u00e5 1,8 kg sikrer stabilitet og et stilrent udtryk.DABMAN i200 underst\u00f8tter UPnP\/DLNA, s\u00e5 du nemt kan afspille musikfiler i forskellige formater fra andre enheder p\u00e5 dit netv\u00e6rk. Derudover kan du spille musik via USB (MP3-support). Radioen er kompatibel med Spotify Connect \u2013 Spotify Premium-abonnement kr\u00e6ves for brugen af denne funktion.En 2,8&quot; TFT farvesk\u00e6rm med fler-sproget menu sikrer enkel navigation, og med AirMusic Control appen til b\u00e5de iOS og Android kan du styre radioen tr\u00e5dl\u00f8st fra din smartphone, hvilket \u00f8ger brugervenligheden v\u00e6sentligt.De to integrerede 3&apos;&apos; h\u00f8jttalere (2 x 10W, samlet 20W) leverer en imponerende og volumin\u00f8s stereolyd. Lyden kan tilpasses via forskellige equalizer-indstillinger, s\u00e5 du f\u00e5r en personlig lytteoplevelse. Der findes b\u00e5de analoge udgange og hovedtelefonudgang til ekstern lydtilslutning.Denne radio fungerer ikke kun som musikcenter, men ogs\u00e5 som en praktisk hverdagshj\u00e6lper med flere nyttige daglige funktioner.DABMAN i200 er designet med funktionel holdbarhed for \u00f8je. Den faste antenne og kablede forbindelsesmuligheder via USB, Ethernet og AUX giver p\u00e5lidelig brug og fleksibilitet. Enheden leveres med str\u00f8mforsyning i henhold til g\u00e6ldende elektriske standarder.Med Imperial DABMAN i200 f\u00e5r du et komplet lydsystem, der kombinerer traditionel og moderne radioteknologi med omfattende netv\u00e6rks- og streamingmuligheder. Se hele sortimentet af produkter og find den perfekte radio til dit hjem.<\/p>\n<p>Sammenlign priser p\u00e5 Imperial &#8211; DABMAN i200 Multifunktionel stereoradio DAB+\/FM\/internet i tr\u00e6look &#8211; 22-230-00 og k\u00f8b online til den billigste pris, samt p\u00e5 tilbud!\u00a0\u00a0Tjek den bedste pris, produkt beskrivelse, video, test, anmeldelser osv.<\/p>\n<p><strong>Brand: <\/strong>Imperial<br \/>\n<strong>EAN: <\/strong>4024035222301<br \/>\n<strong>Producentens varenr.:<\/strong> 4024035222301<\/p>\n<p><strong>P.S.<\/strong><br \/>\nTilmeld dig til &#8220;Opret Gratis Prisfald Alarm&#8221;, og bliv underrettet med det samme om prisfald p\u00e5 Imperial &#8211; DABMAN i200 Multifunktionel stereoradio DAB+\/FM\/internet i tr\u00e6look &#8211; 22-230-00, og f\u00e5 den billigste pris!<\/p>\n<p>&nbsp;<\/p>\n<p>&nbsp;<\/p>\n","protected":false},"excerpt":{"rendered":"<p>K\u00f8b billig Imperial &#8211; DABMAN i200 Multifunktionel stereoradio DAB+\/FM\/internet i tr\u00e6look &#8211; 22-230-00! Imperial DABMAN i200 er en alsidig og robust stereoradio, der kombinerer b\u00e5de DAB+, FM RDS og internetradiomodtagelse i et kompakt og elegant kabinet med tr\u00e6look. Med adgang til over 25.000 internetradiostationer via Wi-Fi eller Ethernet f\u00e5r du et enormt udvalg af musik [&hellip;]<\/p>\n","protected":false},"featured_media":999980000004463080,"template":"","meta":[],"store":[1272516],"product_brand":[1272525],"product_cat":[1272439],"product_tag":[1275182,1272694],"class_list":{"0":"post-446308","1":"product","2":"type-product","3":"status-publish","4":"has-post-thumbnail","6":"store-butik24","7":"product_brand-imperial","8":"product_cat-radio-2","9":"product_tag-imperial","10":"product_tag-radio","11":"pa_maerke-imperial","13":"first","14":"instock","15":"product-type-external"},"_links":{"self":[{"href":"https:\/\/www.pricetornado.com\/da\/wp-json\/wp\/v2\/product\/446308","targetHints":{"allow":["GET"]}}],"collection":[{"href":"https:\/\/www.pricetornado.com\/da\/wp-json\/wp\/v2\/product"}],"about":[{"href":"https:\/\/www.pricetornado.com\/da\/wp-json\/wp\/v2\/types\/product"}],"wp:featuredmedia":[{"embeddable":true,"href":"https:\/\/www.pricetornado.com\/da\/wp-json\/"}],"wp:attachment":[{"href":"https:\/\/www.pricetornado.com\/da\/wp-json\/wp\/v2\/media?parent=446308"}],"wp:term":[{"taxonomy":"store","embeddable":true,"href":"https:\/\/www.pricetornado.com\/da\/wp-json\/wp\/v2\/store?post=446308"},{"taxonomy":"product_brand","embeddable":true,"href":"https:\/\/www.pricetornado.com\/da\/wp-json\/wp\/v2\/product_brand?post=446308"},{"taxonomy":"product_cat","embeddable":true,"href":"https:\/\/www.pricetornado.com\/da\/wp-json\/wp\/v2\/product_cat?post=446308"},{"taxonomy":"product_tag","embeddable":true,"href":"https:\/\/www.pricetornado.com\/da\/wp-json\/wp\/v2\/product_tag?post=446308"}],"curies":[{"name":"wp","href":"https:\/\/api.w.org\/{rel}","templated":true}]}}