{"id":446304,"date":"2025-02-23T16:52:00","date_gmt":"2025-02-23T15:52:00","guid":{"rendered":"https:\/\/www.pricetornado.com\/da\/produkt\/philips-hue-being-loftslampe-2\/"},"modified":"2026-04-19T05:40:30","modified_gmt":"2026-04-19T03:40:30","slug":"philips-hue-being-loftslampe-2","status":"publish","type":"product","link":"https:\/\/www.pricetornado.com\/da\/produkt\/philips-hue-being-loftslampe-2\/","title":{"rendered":"Philips HUE Being loftslampe"},"content":{"rendered":"<p>K\u00f8b billig Philips HUE Being loftslampe!<br \/>\nOplev den diskrete og moderne gl\u00f8d fra Philips Hue White Ambiance Being loftslampe i s\u00f8lv. Lampen er fremstillet af holdbart metal og plastik, hvilket sikrer b\u00e5de lang levetid og stabilitet \u2013 perfekt til stue, sovev\u00e6relse eller k\u00f8kken. De slanke aluminiumcirkler spreder et diffust, j\u00e6vnt lys i tre retninger og tilpasser sig nemt dit hjems indretning.Med den medf\u00f8lgende tr\u00e5dl\u00f8se Hue Dimmer switch f\u00e5r du \u00f8jeblikkelig kontrol. T\u00e6nd, sluk, d\u00e6mp eller v\u00e6lg mellem fire specialudviklede belysningsscener ved \u00e9t tryk. Kontakten er hurtig at montere og kan placeres, hvor det passer dig. Brug ogs\u00e5 Hue Bluetooth appen til at betjene op til 10 intelligente lyskilder tr\u00e5dl\u00f8st i \u00e9t rum direkte fra din smartphone.Tilf\u00f8j en Philips Hue Bridge (s\u00e6lges separat) for at f\u00e5 adgang til alle avancerede funktioner inden for smart belysning. Styr op til 50 lyskilder overalt i hjemmet, ops\u00e6t rutiner til automatisering, fjernbetjen belysningen, og udvid systemet med tilbeh\u00f8r som bev\u00e6gelsessensorer og intelligente kontakter. Hue Being er kompatibel med ZigBee Light Link for nem integration.Lampen tilbyder trinl\u00f8s d\u00e6mpning og hele spektret fra varmt til k\u00f8ligt hvidt lys (2200-6500 Kelvin). Brug forudindstillede scenarier \u2013 F\u00e5 energi, koncentrer dig, l\u00e6s eller slap af \u2013 der hj\u00e6lper dig med alt fra morgenrutinen til afslapning om aftenen. Den integrerede LED-teknologi sikrer energieffektivitet og lavt str\u00f8mforbrug.Normeret levetid p\u00e5 op til 25.000 timerPhilips Hue Being underst\u00f8tter stemmestyring via Amazon Alexa og Google Assistant, n\u00e5r den er koblet med kompatible enheder som Google Nest eller Amazon Echo. Betjen lampen helelektronisk og h\u00e6nderne fri \u2013 nemt og intuitivt.Nyd et fleksibelt, stilrent og intelligent belysningssystem med Philips Hue Being loftslampe og oplev fuldt udbytte af smarthome-teknologi. Kombiner den med flere produkter fra for en komplet, tilpasset l\u00f8sning til dit hjem.<\/p>\n<p>Sammenlign priser p\u00e5 Philips HUE Being loftslampe og k\u00f8b online til den billigste pris, samt p\u00e5 tilbud!\u00a0\u00a0Tjek den bedste pris, produkt beskrivelse, video, test, anmeldelser osv.<\/p>\n<p><strong>Brand: <\/strong>Philips Hue<br \/>\n<strong>EAN: <\/strong>8719514341111<br \/>\n<strong>Producentens varenr.:<\/strong> 8719514341111<\/p>\n<p><strong>P.S.<\/strong><br \/>\nTilmeld dig til &#8220;Opret Gratis Prisfald Alarm&#8221;, og bliv underrettet med det samme om prisfald p\u00e5 Philips HUE Being loftslampe, og f\u00e5 den billigste pris!<\/p>\n<p>&nbsp;<\/p>\n<p>&nbsp;<\/p>\n","protected":false},"excerpt":{"rendered":"<p>K\u00f8b billig Philips HUE Being loftslampe! Oplev den diskrete og moderne gl\u00f8d fra Philips Hue White Ambiance Being loftslampe i s\u00f8lv. Lampen er fremstillet af holdbart metal og plastik, hvilket sikrer b\u00e5de lang levetid og stabilitet \u2013 perfekt til stue, sovev\u00e6relse eller k\u00f8kken. De slanke aluminiumcirkler spreder et diffust, j\u00e6vnt lys i tre retninger og [&hellip;]<\/p>\n","protected":false},"featured_media":999980000004463040,"template":"","meta":[],"store":[1272516],"product_brand":[1272523],"product_cat":[1272407],"product_tag":[1272697,1272767],"class_list":{"0":"post-446304","1":"product","2":"type-product","3":"status-publish","4":"has-post-thumbnail","6":"store-butik24","7":"product_brand-philips-hue","8":"product_cat-belysning-2","9":"product_tag-belysning","10":"product_tag-philips-hue","11":"pa_maerke-philips-hue","13":"first","14":"instock","15":"product-type-external"},"_links":{"self":[{"href":"https:\/\/www.pricetornado.com\/da\/wp-json\/wp\/v2\/product\/446304","targetHints":{"allow":["GET"]}}],"collection":[{"href":"https:\/\/www.pricetornado.com\/da\/wp-json\/wp\/v2\/product"}],"about":[{"href":"https:\/\/www.pricetornado.com\/da\/wp-json\/wp\/v2\/types\/product"}],"wp:featuredmedia":[{"embeddable":true,"href":"https:\/\/www.pricetornado.com\/da\/wp-json\/"}],"wp:attachment":[{"href":"https:\/\/www.pricetornado.com\/da\/wp-json\/wp\/v2\/media?parent=446304"}],"wp:term":[{"taxonomy":"store","embeddable":true,"href":"https:\/\/www.pricetornado.com\/da\/wp-json\/wp\/v2\/store?post=446304"},{"taxonomy":"product_brand","embeddable":true,"href":"https:\/\/www.pricetornado.com\/da\/wp-json\/wp\/v2\/product_brand?post=446304"},{"taxonomy":"product_cat","embeddable":true,"href":"https:\/\/www.pricetornado.com\/da\/wp-json\/wp\/v2\/product_cat?post=446304"},{"taxonomy":"product_tag","embeddable":true,"href":"https:\/\/www.pricetornado.com\/da\/wp-json\/wp\/v2\/product_tag?post=446304"}],"curies":[{"name":"wp","href":"https:\/\/api.w.org\/{rel}","templated":true}]}}