{"id":446302,"date":"2025-02-23T23:16:40","date_gmt":"2025-02-23T22:16:40","guid":{"rendered":"https:\/\/www.pricetornado.com\/da\/produkt\/philips-hue-lily-xl-udendoers-spot\/"},"modified":"2026-04-20T02:20:44","modified_gmt":"2026-04-20T00:20:44","slug":"philips-hue-lily-xl-udendoers-spot","status":"publish","type":"product","link":"https:\/\/www.pricetornado.com\/da\/produkt\/philips-hue-lily-xl-udendoers-spot\/","title":{"rendered":"Philips HUE Lily XL udend\u00f8rs spot"},"content":{"rendered":"<p>K\u00f8b billig Philips HUE Lily XL udend\u00f8rs spot!<br \/>\nPhilips Hue Lily XL udend\u00f8rs spot giver dig b\u00e5de et elegant design og et kraftigt, energibesparende lys \u2013 perfekt til at fremh\u00e6ve haver, stier eller specifikke omr\u00e5der i dit udend\u00f8rsareal. Lampen er fremstillet af robust aluminium med sort finish, hvilket sikrer lang holdbarhed selv under udfordrende vejrbetingelser.Lily XL er baseret p\u00e5 lavvoltssystem (klasse III) og er sikker og nem at installere. Du kan opbygge og udvide dit udend\u00f8rsbelysningssystem pr\u00e6cis, som du vil \u2013 op til seks spots pr. 100W str\u00f8mforsyning (str\u00f8mforsyning medf\u00f8lger ikke). Den aftagelige afsk\u00e6rmning giver dig mulighed for at justere og fokusere lyset, s\u00e5 du kan fremh\u00e6ve stier, havefunktioner eller andre s\u00e6rlige omr\u00e5der.Philips Hue Lily XL er designet specifikt til udend\u00f8rs brug med en IP65-klassificering, der giver fuld beskyttelse mod st\u00f8v og lavtryksvandstr\u00e5ler. Det g\u00f8r spotlyset ideelt til placering t\u00e6t p\u00e5 jorden eller i omr\u00e5der med behov for ekstra beskyttelse mod vejrlig. Kombinationen af aluminium og avancerede syntetiske materialer sikrer stabil ydeevne og optimal tr\u00e5dl\u00f8s forbindelse.F\u00e5 fuld kontrol over belysningen med Philips Hue appen til Android og iOS. Skift mellem 16 millioner farver og et bredt udvalg af hvide nuancer (2000-6500K) \u2013 gem dine favoritscenarier, og genskab stemningen med \u00e9t tryk. Integr\u00e9r lyset med Philips Hue Bridge for adgang til avancerede funktioner s\u00e5som: Lily XL anvender en energieffektiv 15W integreret LED med en lysstyrke p\u00e5 op til 1060 lumen ved 4000K og en forventet levetid p\u00e5 cirka 25.000 timer. Dette sikrer dig b\u00e5de lavt energiforbrug og langvarig, p\u00e5lidelig belysning af dit udend\u00f8rsomr\u00e5de.Med Philips Hue Lily XL kan du skabe den perfekte atmosf\u00e6re, uanset om det er til hverdag, h\u00f8jtider eller s\u00e6rlige lejligheder. Brug forskellige farvekombinationer for at matche eksempelvis jul, for\u00e5r eller halloween og giv din have eller terrasse et personligt, stemningsfuldt udtryk. sortimentet og g\u00f8r dit uderum levende med intelligent LED-belysning.<\/p>\n<p>Sammenlign priser p\u00e5 Philips HUE Lily XL udend\u00f8rs spot og k\u00f8b online til den billigste pris, samt p\u00e5 tilbud!\u00a0\u00a0Tjek den bedste pris, produkt beskrivelse, video, test, anmeldelser osv.<\/p>\n<p><strong>Brand: <\/strong>Philips Hue<br \/>\n<strong>EAN: <\/strong>8718696174364<br \/>\n<strong>Producentens varenr.:<\/strong> 8718696174364<\/p>\n<p><strong>P.S.<\/strong><br \/>\nTilmeld dig til &#8220;Opret Gratis Prisfald Alarm&#8221;, og bliv underrettet med det samme om prisfald p\u00e5 Philips HUE Lily XL udend\u00f8rs spot, og f\u00e5 den billigste pris!<\/p>\n<p>&nbsp;<\/p>\n<p>&nbsp;<\/p>\n","protected":false},"excerpt":{"rendered":"<p>K\u00f8b billig Philips HUE Lily XL udend\u00f8rs spot! Philips Hue Lily XL udend\u00f8rs spot giver dig b\u00e5de et elegant design og et kraftigt, energibesparende lys \u2013 perfekt til at fremh\u00e6ve haver, stier eller specifikke omr\u00e5der i dit udend\u00f8rsareal. Lampen er fremstillet af robust aluminium med sort finish, hvilket sikrer lang holdbarhed selv under udfordrende vejrbetingelser.Lily [&hellip;]<\/p>\n","protected":false},"featured_media":999980000004463020,"template":"","meta":[],"store":[1272516],"product_brand":[1272523],"product_cat":[1272407],"product_tag":[1272697,1272767],"class_list":{"0":"post-446302","1":"product","2":"type-product","3":"status-publish","4":"has-post-thumbnail","6":"store-butik24","7":"product_brand-philips-hue","8":"product_cat-belysning-2","9":"product_tag-belysning","10":"product_tag-philips-hue","11":"pa_maerke-philips-hue","13":"first","14":"instock","15":"product-type-external"},"_links":{"self":[{"href":"https:\/\/www.pricetornado.com\/da\/wp-json\/wp\/v2\/product\/446302","targetHints":{"allow":["GET"]}}],"collection":[{"href":"https:\/\/www.pricetornado.com\/da\/wp-json\/wp\/v2\/product"}],"about":[{"href":"https:\/\/www.pricetornado.com\/da\/wp-json\/wp\/v2\/types\/product"}],"wp:featuredmedia":[{"embeddable":true,"href":"https:\/\/www.pricetornado.com\/da\/wp-json\/"}],"wp:attachment":[{"href":"https:\/\/www.pricetornado.com\/da\/wp-json\/wp\/v2\/media?parent=446302"}],"wp:term":[{"taxonomy":"store","embeddable":true,"href":"https:\/\/www.pricetornado.com\/da\/wp-json\/wp\/v2\/store?post=446302"},{"taxonomy":"product_brand","embeddable":true,"href":"https:\/\/www.pricetornado.com\/da\/wp-json\/wp\/v2\/product_brand?post=446302"},{"taxonomy":"product_cat","embeddable":true,"href":"https:\/\/www.pricetornado.com\/da\/wp-json\/wp\/v2\/product_cat?post=446302"},{"taxonomy":"product_tag","embeddable":true,"href":"https:\/\/www.pricetornado.com\/da\/wp-json\/wp\/v2\/product_tag?post=446302"}],"curies":[{"name":"wp","href":"https:\/\/api.w.org\/{rel}","templated":true}]}}