{"id":446300,"date":"2025-02-20T04:58:19","date_gmt":"2025-02-20T03:58:19","guid":{"rendered":"https:\/\/www.pricetornado.com\/da\/produkt\/philips-hue-turaco-udendoers-vaeglampe\/"},"modified":"2026-05-01T04:10:27","modified_gmt":"2026-05-01T02:10:27","slug":"philips-hue-turaco-udendoers-vaeglampe","status":"publish","type":"product","link":"https:\/\/www.pricetornado.com\/da\/produkt\/philips-hue-turaco-udendoers-vaeglampe\/","title":{"rendered":"Philips HUE Turaco udend\u00f8rs v\u00e6glampe"},"content":{"rendered":"<p>K\u00f8b billig Philips HUE Turaco udend\u00f8rs v\u00e6glampe!<br \/>\nUdvid din Philips Hue-belysning til udend\u00f8rsarealer med Turaco v\u00e6glampen. Denne moderne udend\u00f8rslampe forbindes til din eksisterende Hue Bridge (s\u00e6lges separat), s\u00e5 du f\u00e5r adgang til alle smarte funktioner, herunder appstyring, stemmestyring og sikre automatiseringer. Betjen lyset nemt via Philips Hue appen fra smartphone eller tablet, uanset hvor du befinder dig. Du kan indstille lamperne til at t\u00e6nde, n\u00e5r du kommer hjem, og slukke, n\u00e5r du tager af sted \u2013 alt efter dine pr\u00e6ferencer med hjemme\/ude-funktion eller GPS-geofencing.Philips Hue Turaco giver dig mulighed for at indstille timere efter eget \u00f8nske, s\u00e5 lyset for eksempel t\u00e6nder automatisk efter solnedgang, eller n\u00e5r du skal ud om aftenen. Du kan ogs\u00e5 planl\u00e6gge, hvorn\u00e5r belysningen slukkes igen, s\u00e5 du aldrig beh\u00f8ver spekulere p\u00e5, om lyset er slukket. Alt kan administreres nemt via appen \u2013 eller med stemmen.Styr din udend\u00f8rsbelysning pr\u00e6cis, som du vil: via Philips Hue appen, din smartphone\/tablet eller med stemmestyring gennem Amazon Alexa, Apple HomeKit og Google Assistant. Du kan ogs\u00e5 oprette rutiner og scenarier, s\u00e5 det virker som om, du er hjemme, selv n\u00e5r du ikke er det.Philips Hue garanterer problemfri d\u00e6mpning uden behov for ombygning eller ekstra ledningsf\u00f8ring. Just\u00e9r nemt lysstyrken, s\u00e5 du altid har det rette lys \u2013 hverken for kraftigt eller for svagt.Turaco v\u00e6glampen er fremstillet i holdbart aluminium med en antracitfinish, der er modstandsdygtig over for det danske vejr. Lampen har IP44-klassificering, hvilket betyder beskyttelse mod vandspr\u00f8jt fra alle retninger og g\u00f8r den ideel til udend\u00f8rs brug. Dobbeltisolering (klasse II) sikrer ekstra elektrisk sikkerhed uden krav om jordforbindelse.Lampen leveres med en 9W Hue White Ambiance LED E27-p\u00e6re, der afgiver et varmt, hvidt lys p\u00e5 806 lumen ved 2700K. P\u00e6ren kan udskiftes, og armaturet underst\u00f8tter energieffektive p\u00e6rer i energiklasse A-G. Med en levetid p\u00e5 op til 25.000 timer og 2 \u00e5rs garanti er du sikret langtidsholdbare og energivenlige l\u00f8sninger.Levetid op til 25.000 timer og 2 \u00e5rs garanti og f\u00e5 en fleksibel, sikker og stemningsfuld lysoplevelse til haven, indk\u00f8rslen eller terrassen.<\/p>\n<p>Sammenlign priser p\u00e5 Philips HUE Turaco udend\u00f8rs v\u00e6glampe og k\u00f8b online til den billigste pris, samt p\u00e5 tilbud!\u00a0\u00a0Tjek den bedste pris, produkt beskrivelse, video, test, anmeldelser osv.<\/p>\n<p><strong>Brand: <\/strong>Philips Hue<br \/>\n<strong>EAN: <\/strong>8718696154465<br \/>\n<strong>Producentens varenr.:<\/strong> 8718696154465<\/p>\n<p><strong>P.S.<\/strong><br \/>\nTilmeld dig til &#8220;Opret Gratis Prisfald Alarm&#8221;, og bliv underrettet med det samme om prisfald p\u00e5 Philips HUE Turaco udend\u00f8rs v\u00e6glampe, og f\u00e5 den billigste pris!<\/p>\n<p>&nbsp;<\/p>\n<p>&nbsp;<\/p>\n","protected":false},"excerpt":{"rendered":"<p>K\u00f8b billig Philips HUE Turaco udend\u00f8rs v\u00e6glampe! Udvid din Philips Hue-belysning til udend\u00f8rsarealer med Turaco v\u00e6glampen. Denne moderne udend\u00f8rslampe forbindes til din eksisterende Hue Bridge (s\u00e6lges separat), s\u00e5 du f\u00e5r adgang til alle smarte funktioner, herunder appstyring, stemmestyring og sikre automatiseringer. Betjen lyset nemt via Philips Hue appen fra smartphone eller tablet, uanset hvor du [&hellip;]<\/p>\n","protected":false},"featured_media":999980000004463000,"template":"","meta":[],"store":[1272516],"product_brand":[1272523],"product_cat":[1272407],"product_tag":[1272697,1272767],"class_list":{"0":"post-446300","1":"product","2":"type-product","3":"status-publish","4":"has-post-thumbnail","6":"store-butik24","7":"product_brand-philips-hue","8":"product_cat-belysning-2","9":"product_tag-belysning","10":"product_tag-philips-hue","11":"pa_maerke-philips-hue","13":"first","14":"instock","15":"product-type-external"},"_links":{"self":[{"href":"https:\/\/www.pricetornado.com\/da\/wp-json\/wp\/v2\/product\/446300","targetHints":{"allow":["GET"]}}],"collection":[{"href":"https:\/\/www.pricetornado.com\/da\/wp-json\/wp\/v2\/product"}],"about":[{"href":"https:\/\/www.pricetornado.com\/da\/wp-json\/wp\/v2\/types\/product"}],"wp:featuredmedia":[{"embeddable":true,"href":"https:\/\/www.pricetornado.com\/da\/wp-json\/"}],"wp:attachment":[{"href":"https:\/\/www.pricetornado.com\/da\/wp-json\/wp\/v2\/media?parent=446300"}],"wp:term":[{"taxonomy":"store","embeddable":true,"href":"https:\/\/www.pricetornado.com\/da\/wp-json\/wp\/v2\/store?post=446300"},{"taxonomy":"product_brand","embeddable":true,"href":"https:\/\/www.pricetornado.com\/da\/wp-json\/wp\/v2\/product_brand?post=446300"},{"taxonomy":"product_cat","embeddable":true,"href":"https:\/\/www.pricetornado.com\/da\/wp-json\/wp\/v2\/product_cat?post=446300"},{"taxonomy":"product_tag","embeddable":true,"href":"https:\/\/www.pricetornado.com\/da\/wp-json\/wp\/v2\/product_tag?post=446300"}],"curies":[{"name":"wp","href":"https:\/\/api.w.org\/{rel}","templated":true}]}}