{"id":446295,"date":"2025-02-25T09:47:35","date_gmt":"2025-02-25T08:47:35","guid":{"rendered":"https:\/\/www.pricetornado.com\/da\/produkt\/nedis-kahm100cwt-haandmixer-200w-5-hastighedsindstilling\/"},"modified":"2026-04-21T10:50:40","modified_gmt":"2026-04-21T08:50:40","slug":"nedis-kahm100cwt-haandmixer-200w-5-hastighedsindstilling","status":"publish","type":"product","link":"https:\/\/www.pricetornado.com\/da\/produkt\/nedis-kahm100cwt-haandmixer-200w-5-hastighedsindstilling\/","title":{"rendered":"Nedis KAHM100CWT H\u00e5ndmixer 200W 5 hastighedsindstilling"},"content":{"rendered":"<p>K\u00f8b billig Nedis KAHM100CWT H\u00e5ndmixer 200W 5 hastighedsindstilling!<br \/>\nBagning bliver nemt og effektivt med denne elegante h\u00e5ndmixer fra Nedis. Uanset om du tilbereder sm\u00e5kager, kager eller butterdej, f\u00e5r du pr\u00e6cise resultater takket v\u00e6re mixeren med 5 hastighedsindstillinger samt en kraftfuld turbofunktion. Den 200 W st\u00e6rke motor giver dig tilstr\u00e6kkelig kraft til at \u00e6lte og blande forskellige ingredienser uden besv\u00e6r.H\u00e5ndmixeren er designet for maksimal brugervenlighed. Med den smarte eject-knap kan du nemt og hurtigt udskifte eller fjerne de medf\u00f8lgende piskeris og dejkroge. Tilbeh\u00f8ret er fremstillet i rustfrit st\u00e5l og t\u00e5ler opvaskemaskine, hvilket g\u00f8r reng\u00f8ringen b\u00e5de hurtig og bekvem. Mixerens lette plastikhus g\u00f8r den behagelig at h\u00e5ndtere. hos Butik24 og g\u00f8r dit arbejde i k\u00f8kkenet nemmere og mere effektivt.<\/p>\n<p>Sammenlign priser p\u00e5 Nedis KAHM100CWT H\u00e5ndmixer 200W 5 hastighedsindstilling og k\u00f8b online til den billigste pris, samt p\u00e5 tilbud!\u00a0\u00a0Tjek den bedste pris, produkt beskrivelse, video, test, anmeldelser osv.<\/p>\n<p><strong>Brand: <\/strong>Nedis<br \/>\n<strong>EAN: <\/strong>5412810330218<br \/>\n<strong>Producentens varenr.:<\/strong> 5412810330218<\/p>\n<p><strong>P.S.<\/strong><br \/>\nTilmeld dig til &#8220;Opret Gratis Prisfald Alarm&#8221;, og bliv underrettet med det samme om prisfald p\u00e5 Nedis KAHM100CWT H\u00e5ndmixer 200W 5 hastighedsindstilling, og f\u00e5 den billigste pris!<\/p>\n<p>&nbsp;<\/p>\n<p>&nbsp;<\/p>\n","protected":false},"excerpt":{"rendered":"<p>K\u00f8b billig Nedis KAHM100CWT H\u00e5ndmixer 200W 5 hastighedsindstilling! Bagning bliver nemt og effektivt med denne elegante h\u00e5ndmixer fra Nedis. Uanset om du tilbereder sm\u00e5kager, kager eller butterdej, f\u00e5r du pr\u00e6cise resultater takket v\u00e6re mixeren med 5 hastighedsindstillinger samt en kraftfuld turbofunktion. Den 200 W st\u00e6rke motor giver dig tilstr\u00e6kkelig kraft til at \u00e6lte og blande [&hellip;]<\/p>\n","protected":false},"featured_media":999980000004462950,"template":"","meta":[],"store":[1272516],"product_brand":[1272517],"product_cat":[831418],"product_tag":[1272683,1275178],"class_list":{"0":"post-446295","1":"product","2":"type-product","3":"status-publish","4":"has-post-thumbnail","6":"store-butik24","7":"product_brand-nedis","8":"product_cat-koekkenudstyr","9":"product_tag-koekkenudstyr","10":"product_tag-nedis","11":"pa_maerke-nedis","13":"first","14":"instock","15":"product-type-external"},"_links":{"self":[{"href":"https:\/\/www.pricetornado.com\/da\/wp-json\/wp\/v2\/product\/446295","targetHints":{"allow":["GET"]}}],"collection":[{"href":"https:\/\/www.pricetornado.com\/da\/wp-json\/wp\/v2\/product"}],"about":[{"href":"https:\/\/www.pricetornado.com\/da\/wp-json\/wp\/v2\/types\/product"}],"wp:featuredmedia":[{"embeddable":true,"href":"https:\/\/www.pricetornado.com\/da\/wp-json\/"}],"wp:attachment":[{"href":"https:\/\/www.pricetornado.com\/da\/wp-json\/wp\/v2\/media?parent=446295"}],"wp:term":[{"taxonomy":"store","embeddable":true,"href":"https:\/\/www.pricetornado.com\/da\/wp-json\/wp\/v2\/store?post=446295"},{"taxonomy":"product_brand","embeddable":true,"href":"https:\/\/www.pricetornado.com\/da\/wp-json\/wp\/v2\/product_brand?post=446295"},{"taxonomy":"product_cat","embeddable":true,"href":"https:\/\/www.pricetornado.com\/da\/wp-json\/wp\/v2\/product_cat?post=446295"},{"taxonomy":"product_tag","embeddable":true,"href":"https:\/\/www.pricetornado.com\/da\/wp-json\/wp\/v2\/product_tag?post=446295"}],"curies":[{"name":"wp","href":"https:\/\/api.w.org\/{rel}","templated":true}]}}