{"id":446294,"date":"2025-02-20T10:18:47","date_gmt":"2025-02-20T09:18:47","guid":{"rendered":"https:\/\/www.pricetornado.com\/da\/produkt\/vogels-tvm3445-fuldt-bevaegeligt-tv-vaegbeslag-comfort-serie\/"},"modified":"2026-04-17T01:50:40","modified_gmt":"2026-04-16T23:50:40","slug":"vogels-tvm3445-fuldt-bevaegeligt-tv-vaegbeslag-comfort-serie","status":"publish","type":"product","link":"https:\/\/www.pricetornado.com\/da\/produkt\/vogels-tvm3445-fuldt-bevaegeligt-tv-vaegbeslag-comfort-serie\/","title":{"rendered":"Vogels TVM3445 Fuldt bev\u00e6geligt tv-v\u00e6gbeslag COMFORT Serie"},"content":{"rendered":"<p>K\u00f8b billig Vogels TVM3445 Fuldt bev\u00e6geligt tv-v\u00e6gbeslag COMFORT Serie!<br \/>\nVogels TVM3445 fra COMFORT-serien er et stilfuldt og robust TV-v\u00e6gbeslag, der passer til fladsk\u00e6rme fra 32 til 65 tommer og op til 25 kg. Med dette v\u00e6gbeslag monteres dit TV sikkert og diskret p\u00e5 v\u00e6ggen, samtidig med at du f\u00e5r fleksibilitet til at nyde perfekt udsyn fra ethvert hj\u00f8rne af rummet. Beslaget er ideelt for familier, da det b\u00e5de sikrer lang holdbarhed og et elegant udtryk i hjemmet.Vogels TVM3445 er T\u00dcV-certificeret og testet til at b\u00e6re tre gange den maksimale v\u00e6gtkapacitet. Beslaget garanterer h\u00f8j sikkerhed og stabilitet, hvilket g\u00f8r det ideelt til hverdagsbrug i hjem med b\u00f8rn. Du f\u00e5r yderligere tryghed med 10 \u00e5rs garanti og materialer, der er designet til mange \u00e5rs intensiv brug.Med Vogels TVM3445 v\u00e6gbeslag f\u00e5r du den perfekte kombination af funktionalitet, sikkerhed og design. G\u00f8r det nemt og sikkert at montere dit TV og f\u00e5 gl\u00e6de af optimal komfort i alle rum. Se vores og find en l\u00f8sning, der passer til dit hjem.<\/p>\n<p>Sammenlign priser p\u00e5 Vogels TVM3445 Fuldt bev\u00e6geligt tv-v\u00e6gbeslag COMFORT Serie og k\u00f8b online til den billigste pris, samt p\u00e5 tilbud!\u00a0\u00a0Tjek den bedste pris, produkt beskrivelse, video, test, anmeldelser osv.<\/p>\n<p><strong>Brand: <\/strong>Vogels<br \/>\n<strong>EAN: <\/strong>8712285347788<br \/>\n<strong>Producentens varenr.:<\/strong> 8712285347788<\/p>\n<p><strong>P.S.<\/strong><br \/>\nTilmeld dig til &#8220;Opret Gratis Prisfald Alarm&#8221;, og bliv underrettet med det samme om prisfald p\u00e5 Vogels TVM3445 Fuldt bev\u00e6geligt tv-v\u00e6gbeslag COMFORT Serie, og f\u00e5 den billigste pris!<\/p>\n<p>&nbsp;<\/p>\n<p>&nbsp;<\/p>\n","protected":false},"excerpt":{"rendered":"<p>K\u00f8b billig Vogels TVM3445 Fuldt bev\u00e6geligt tv-v\u00e6gbeslag COMFORT Serie! Vogels TVM3445 fra COMFORT-serien er et stilfuldt og robust TV-v\u00e6gbeslag, der passer til fladsk\u00e6rme fra 32 til 65 tommer og op til 25 kg. Med dette v\u00e6gbeslag monteres dit TV sikkert og diskret p\u00e5 v\u00e6ggen, samtidig med at du f\u00e5r fleksibilitet til at nyde perfekt udsyn [&hellip;]<\/p>\n","protected":false},"featured_media":999980000004462940,"template":"","meta":[],"store":[1272516],"product_brand":[1272527],"product_cat":[1272432],"product_tag":[1272789,1275191],"class_list":{"0":"post-446294","1":"product","2":"type-product","3":"status-publish","4":"has-post-thumbnail","6":"store-butik24","7":"product_brand-vogels","8":"product_cat-tv-tilbehoer","9":"product_tag-tv-tilbehoer","10":"product_tag-vogels","11":"pa_maerke-vogels","13":"first","14":"instock","15":"product-type-external"},"_links":{"self":[{"href":"https:\/\/www.pricetornado.com\/da\/wp-json\/wp\/v2\/product\/446294","targetHints":{"allow":["GET"]}}],"collection":[{"href":"https:\/\/www.pricetornado.com\/da\/wp-json\/wp\/v2\/product"}],"about":[{"href":"https:\/\/www.pricetornado.com\/da\/wp-json\/wp\/v2\/types\/product"}],"wp:featuredmedia":[{"embeddable":true,"href":"https:\/\/www.pricetornado.com\/da\/wp-json\/"}],"wp:attachment":[{"href":"https:\/\/www.pricetornado.com\/da\/wp-json\/wp\/v2\/media?parent=446294"}],"wp:term":[{"taxonomy":"store","embeddable":true,"href":"https:\/\/www.pricetornado.com\/da\/wp-json\/wp\/v2\/store?post=446294"},{"taxonomy":"product_brand","embeddable":true,"href":"https:\/\/www.pricetornado.com\/da\/wp-json\/wp\/v2\/product_brand?post=446294"},{"taxonomy":"product_cat","embeddable":true,"href":"https:\/\/www.pricetornado.com\/da\/wp-json\/wp\/v2\/product_cat?post=446294"},{"taxonomy":"product_tag","embeddable":true,"href":"https:\/\/www.pricetornado.com\/da\/wp-json\/wp\/v2\/product_tag?post=446294"}],"curies":[{"name":"wp","href":"https:\/\/api.w.org\/{rel}","templated":true}]}}