{"id":446287,"date":"2025-02-22T00:01:29","date_gmt":"2025-02-21T23:01:29","guid":{"rendered":"https:\/\/www.pricetornado.com\/da\/produkt\/alecto-ekstra-kamera-til-alecto-dvm2050-baby-monitor-hd-videokvalitet-med-4x-digital-zoom-hvid-dvm2050c\/"},"modified":"2026-04-16T10:09:57","modified_gmt":"2026-04-16T08:09:57","slug":"alecto-ekstra-kamera-til-alecto-dvm2050-baby-monitor-hd-videokvalitet-med-4x-digital-zoom-hvid-dvm2050c","status":"publish","type":"product","link":"https:\/\/www.pricetornado.com\/da\/produkt\/alecto-ekstra-kamera-til-alecto-dvm2050-baby-monitor-hd-videokvalitet-med-4x-digital-zoom-hvid-dvm2050c\/","title":{"rendered":"Alecto &#8211; Ekstra kamera til Alecto DVM2050 Baby Monitor, HD-videokvalitet med 4x digital zoom Hvid &#8211; DVM2050C"},"content":{"rendered":"<p>K\u00f8b billig Alecto &#8211; Ekstra kamera til Alecto DVM2050 Baby Monitor, HD-videokvalitet med 4x digital zoom Hvid &#8211; DVM2050C!<br \/>\nMed dette ekstra HD-kamera kan du udvide dit Alecto DVM2050 babymonitor-system, s\u00e5 du nemt kan overv\u00e5ge flere rum eller flere b\u00f8rn p\u00e5 samme tid. Kameraet har et let plastikhus, der g\u00f8r monteringen enkel og fleksibel, s\u00e5 du hurtigt kan tilpasse overv\u00e5gningen efter familiens behov.Kameraet leverer 720p HD-billedkvalitet for tydelige og skarpe billeder. Med 4x digital zoom kan du se detaljer t\u00e6ttere p\u00e5 uden at miste billedkvalitet. Den fjernstyrede pan\/tilt-funktion g\u00f8r det muligt at dreje kameraet vandret og lodret \u2013 uden at forstyrre barnet \u2013 s\u00e5 du altid har det bedste overblik.Takket v\u00e6re den indbyggede infrar\u00f8de natvision kan du overv\u00e5ge dit barn klart, selv i komplet m\u00f8rke. Kameraet har desuden et integreret natlys, der kan justeres eller slukkes via for\u00e6ldreenheden og skaber en tryg stemning i rummet. To-vejs kommunikation lader dig berolige eller tale til dit barn direkte gennem kameraets h\u00f8jttaler. M\u00e5ler og overv\u00e5ger temperaturen og advarer, hvis den overskrider forudindstillede gr\u00e6nser. Digital 2.4GHz FHSS-teknologi sikrer en stabil, privat og interferensfri forbindelse. Op til 50 meter indend\u00f8rs og 300 meter udend\u00f8rs, velegnet til de fleste boliger. Tilslut op til fire kameraer til \u00e9n for\u00e6ldreenhed for maksimal fleksibilitet. Energioptimeret drift for reduceret str\u00f8mforbrug og l\u00e6ngere batteritid.Det ekstra kamera har 5 forudindl\u00e6ste vuggeviser og 4 naturlyde, der hj\u00e6lper med at skabe en rolig atmosf\u00e6re for dit barn.Opgrader sikkerheden og fleksibiliteten i din daglige overv\u00e5gning med dette ekstra HD-kamera til Alecto DVM2050 babymonitor.<\/p>\n<p>Sammenlign priser p\u00e5 Alecto &#8211; Ekstra kamera til Alecto DVM2050 Baby Monitor, HD-videokvalitet med 4x digital zoom Hvid &#8211; DVM2050C og k\u00f8b online til den billigste pris, samt p\u00e5 tilbud!\u00a0\u00a0Tjek den bedste pris, produkt beskrivelse, video, test, anmeldelser osv.<\/p>\n<p><strong>Brand: <\/strong>Alecto<br \/>\n<strong>EAN: <\/strong>8711902087533<br \/>\n<strong>Producentens varenr.:<\/strong> 8711902087533<\/p>\n<p><strong>P.S.<\/strong><br \/>\nTilmeld dig til &#8220;Opret Gratis Prisfald Alarm&#8221;, og bliv underrettet med det samme om prisfald p\u00e5 Alecto &#8211; Ekstra kamera til Alecto DVM2050 Baby Monitor, HD-videokvalitet med 4x digital zoom Hvid &#8211; DVM2050C, og f\u00e5 den billigste pris!<\/p>\n<p>&nbsp;<\/p>\n<p>&nbsp;<\/p>\n","protected":false},"excerpt":{"rendered":"<p>K\u00f8b billig Alecto &#8211; Ekstra kamera til Alecto DVM2050 Baby Monitor, HD-videokvalitet med 4x digital zoom Hvid &#8211; DVM2050C! Med dette ekstra HD-kamera kan du udvide dit Alecto DVM2050 babymonitor-system, s\u00e5 du nemt kan overv\u00e5ge flere rum eller flere b\u00f8rn p\u00e5 samme tid. Kameraet har et let plastikhus, der g\u00f8r monteringen enkel og fleksibel, s\u00e5 [&hellip;]<\/p>\n","protected":false},"featured_media":999980000004462870,"template":"","meta":[],"store":[1272516],"product_brand":[1272518],"product_cat":[1272510],"product_tag":[1275186,1272728],"class_list":{"0":"post-446287","1":"product","2":"type-product","3":"status-publish","4":"has-post-thumbnail","6":"store-butik24","7":"product_brand-alecto","8":"product_cat-babypleje","9":"product_tag-alecto","10":"product_tag-babypleje","11":"pa_maerke-alecto","13":"first","14":"instock","15":"product-type-external"},"_links":{"self":[{"href":"https:\/\/www.pricetornado.com\/da\/wp-json\/wp\/v2\/product\/446287","targetHints":{"allow":["GET"]}}],"collection":[{"href":"https:\/\/www.pricetornado.com\/da\/wp-json\/wp\/v2\/product"}],"about":[{"href":"https:\/\/www.pricetornado.com\/da\/wp-json\/wp\/v2\/types\/product"}],"wp:featuredmedia":[{"embeddable":true,"href":"https:\/\/www.pricetornado.com\/da\/wp-json\/"}],"wp:attachment":[{"href":"https:\/\/www.pricetornado.com\/da\/wp-json\/wp\/v2\/media?parent=446287"}],"wp:term":[{"taxonomy":"store","embeddable":true,"href":"https:\/\/www.pricetornado.com\/da\/wp-json\/wp\/v2\/store?post=446287"},{"taxonomy":"product_brand","embeddable":true,"href":"https:\/\/www.pricetornado.com\/da\/wp-json\/wp\/v2\/product_brand?post=446287"},{"taxonomy":"product_cat","embeddable":true,"href":"https:\/\/www.pricetornado.com\/da\/wp-json\/wp\/v2\/product_cat?post=446287"},{"taxonomy":"product_tag","embeddable":true,"href":"https:\/\/www.pricetornado.com\/da\/wp-json\/wp\/v2\/product_tag?post=446287"}],"curies":[{"name":"wp","href":"https:\/\/api.w.org\/{rel}","templated":true}]}}