{"id":446285,"date":"2025-02-22T17:08:39","date_gmt":"2025-02-22T16:08:39","guid":{"rendered":"https:\/\/www.pricetornado.com\/da\/produkt\/nedis-tv-gulv-stand-37-75-maksimal-vaegt-40-kg-bauhaus-design-justerbare-forudfastsatte-hoejder-mdf-staal-brun-sort-tvsm6200bk\/"},"modified":"2026-04-17T09:00:17","modified_gmt":"2026-04-17T07:00:17","slug":"nedis-tv-gulv-stand-37-75-maksimal-vaegt-40-kg-bauhaus-design-justerbare-forudfastsatte-hoejder-mdf-staal-brun-sort-tvsm6200bk","status":"publish","type":"product","link":"https:\/\/www.pricetornado.com\/da\/produkt\/nedis-tv-gulv-stand-37-75-maksimal-vaegt-40-kg-bauhaus-design-justerbare-forudfastsatte-hoejder-mdf-staal-brun-sort-tvsm6200bk\/","title":{"rendered":"Nedis &#8211; TV Gulv Stand | 37 &#8211; 75 &quot; | Maksimal v\u00e6gt: 40 kg | Bauhaus Design | Justerbare forudfastsatte h\u00f8jder | MDF \/ St\u00e5l | Brun \/ Sort &#8211; TVSM6200BK"},"content":{"rendered":"<p>K\u00f8b billig Nedis &#8211; TV Gulv Stand | 37 &#8211; 75 &quot; | Maksimal v\u00e6gt: 40 kg | Bauhaus Design | Justerbare forudfastsatte h\u00f8jder | MDF \/ St\u00e5l | Brun \/ Sort &#8211; TVSM6200BK!<br \/>\nDette hj\u00f8rnebordsgulvstativ fra Nedis er inspireret af den ikoniske Bauhaus-stil og kombinerer kunst og modernisme med harmonisk afbalancerede, geometriske former. Det str\u00f8mlinede stativ udstr\u00e5ler b\u00e5de elegance og funktionalitet og giver et raffineret pr\u00e6g til din stue, dit kontor eller dit detailomr\u00e5de.Gulvstativet er fremstillet af en solid kombination af st\u00e5l og MDF (Medium-Density Fibreboard). St\u00e5let sikrer styrke og holdbarhed, mens MDF&apos;en bidrager til et glat finish og et gennemf\u00f8rt look. Konstruktionen garanterer stabilitet og g\u00f8r det muligt at b\u00e6re TV-sk\u00e6rme fra 37&quot; til 75&quot; med en maksimal v\u00e6gt p\u00e5 40 kg.Du kan tilpasse stativets forudindstillede h\u00f8jder og h\u00e6ldning, s\u00e5 du opn\u00e5r den perfekte synsvinkel til din underholdningsoplevelse. Stativet leveres med to organiserende m\u00f8rke valn\u00f8dhylder: en nederste hylde med rigelig plads til st\u00f8rre genstande samt en \u00f8verste hylde, der er ideel til at opbevare fjernbetjeninger og spiltilbeh\u00f8r.Et integreret kabelstyringssystem holder alle dine ledninger organiseret og skjult, hvilket fremmer b\u00e5de sikkerhed og \u00e6stetik ved at reducere risikoen for sammenfiltrede kabler og risiko for at snuble. Skridsikre gummipuder beskytter dine gulve mod ridser og skrammer, samtidig med at de sikrer, at stativet forbliver stabilt og ikke glider.Dette gulvstativ underst\u00f8tter VESA-standarderne 200&#215;200, 300&#215;200, 400&#215;200, 300&#215;300, 400&#215;300, 400&#215;400 og 600&#215;400, hvilket g\u00f8r det til en alsidig l\u00f8sning til forskellige TV-m\u00e6rker og modeller.Opgrader dit hjem eller kontor med et elegant og alsidigt Nedis gulvstativ til TV, hvor stil, sikkerhed og praktiske funktioner g\u00e5r h\u00e5nd i h\u00e5nd.<\/p>\n<p>Sammenlign priser p\u00e5 Nedis &#8211; TV Gulv Stand | 37 &#8211; 75 &quot; | Maksimal v\u00e6gt: 40 kg | Bauhaus Design | Justerbare forudfastsatte h\u00f8jder | MDF \/ St\u00e5l | Brun \/ Sort &#8211; TVSM6200BK og k\u00f8b online til den billigste pris, samt p\u00e5 tilbud!\u00a0\u00a0Tjek den bedste pris, produkt beskrivelse, video, test, anmeldelser osv.<\/p>\n<p><strong>Brand: <\/strong>Nedis<br \/>\n<strong>EAN: <\/strong>5412810450534<br \/>\n<strong>Producentens varenr.:<\/strong> 5412810450534<\/p>\n<p><strong>P.S.<\/strong><br \/>\nTilmeld dig til &#8220;Opret Gratis Prisfald Alarm&#8221;, og bliv underrettet med det samme om prisfald p\u00e5 Nedis &#8211; TV Gulv Stand | 37 &#8211; 75 &quot; | Maksimal v\u00e6gt: 40 kg | Bauhaus Design | Justerbare forudfastsatte h\u00f8jder | MDF \/ St\u00e5l | Brun \/ Sort &#8211; TVSM6200BK, og f\u00e5 den billigste pris!<\/p>\n<p>&nbsp;<\/p>\n<p>&nbsp;<\/p>\n","protected":false},"excerpt":{"rendered":"<p>K\u00f8b billig Nedis &#8211; TV Gulv Stand | 37 &#8211; 75 &quot; | Maksimal v\u00e6gt: 40 kg | Bauhaus Design | Justerbare forudfastsatte h\u00f8jder | MDF \/ St\u00e5l | Brun \/ Sort &#8211; TVSM6200BK! Dette hj\u00f8rnebordsgulvstativ fra Nedis er inspireret af den ikoniske Bauhaus-stil og kombinerer kunst og modernisme med harmonisk afbalancerede, geometriske former. Det [&hellip;]<\/p>\n","protected":false},"featured_media":999980000004462850,"template":"","meta":[],"store":[1272516],"product_brand":[1272517],"product_cat":[1272427],"product_tag":[1272678,1275178],"class_list":{"0":"post-446285","1":"product","2":"type-product","3":"status-publish","4":"has-post-thumbnail","6":"store-butik24","7":"product_brand-nedis","8":"product_cat-beslag","9":"product_tag-beslag","10":"product_tag-nedis","11":"pa_maerke-nedis","13":"first","14":"instock","15":"product-type-external"},"_links":{"self":[{"href":"https:\/\/www.pricetornado.com\/da\/wp-json\/wp\/v2\/product\/446285","targetHints":{"allow":["GET"]}}],"collection":[{"href":"https:\/\/www.pricetornado.com\/da\/wp-json\/wp\/v2\/product"}],"about":[{"href":"https:\/\/www.pricetornado.com\/da\/wp-json\/wp\/v2\/types\/product"}],"wp:featuredmedia":[{"embeddable":true,"href":"https:\/\/www.pricetornado.com\/da\/wp-json\/"}],"wp:attachment":[{"href":"https:\/\/www.pricetornado.com\/da\/wp-json\/wp\/v2\/media?parent=446285"}],"wp:term":[{"taxonomy":"store","embeddable":true,"href":"https:\/\/www.pricetornado.com\/da\/wp-json\/wp\/v2\/store?post=446285"},{"taxonomy":"product_brand","embeddable":true,"href":"https:\/\/www.pricetornado.com\/da\/wp-json\/wp\/v2\/product_brand?post=446285"},{"taxonomy":"product_cat","embeddable":true,"href":"https:\/\/www.pricetornado.com\/da\/wp-json\/wp\/v2\/product_cat?post=446285"},{"taxonomy":"product_tag","embeddable":true,"href":"https:\/\/www.pricetornado.com\/da\/wp-json\/wp\/v2\/product_tag?post=446285"}],"curies":[{"name":"wp","href":"https:\/\/api.w.org\/{rel}","templated":true}]}}