{"id":446272,"date":"2025-02-22T12:09:42","date_gmt":"2025-02-22T11:09:42","guid":{"rendered":"https:\/\/www.pricetornado.com\/da\/produkt\/alecto-luftfugter-og-projektor-hvid-bc-21\/"},"modified":"2026-04-17T02:40:26","modified_gmt":"2026-04-17T00:40:26","slug":"alecto-luftfugter-og-projektor-hvid-bc-21","status":"publish","type":"product","link":"https:\/\/www.pricetornado.com\/da\/produkt\/alecto-luftfugter-og-projektor-hvid-bc-21\/","title":{"rendered":"Alecto &#8211; Luftfugter og projektor hvid &#8211; BC-21"},"content":{"rendered":"<p>K\u00f8b billig Alecto &#8211; Luftfugter og projektor hvid &#8211; BC-21!<br \/>\nAlecto BC-21 er en kompakt, ultralydsbaseret luftfugter kombineret med en stemningsfuld stjernehimmel-projektor. Denne praktiske enhed sikrer en behagelig luftfugtighed i b\u00f8rnev\u00e6relset og skaber samtidig et beroligende, visuelt milj\u00f8 med sine bl\u00f8de lysende stjerner. Den lydsvage drift sikrer et roligt sovemilj\u00f8 \u2013 ideelt til babys og sm\u00e5b\u00f8rns behov.Med k\u00f8lig damp-teknologi producerer luftfugteren en fin, kold t\u00e5ge, der \u00f8ger luftfugtigheden uden brug af varme, hvilket g\u00f8r den sikker og sk\u00e5nsom mod dit barns sarte hud. Den ultralydsbaserede funktion er n\u00e6rmest lydl\u00f8s og forstyrrer ikke s\u00f8vnen eller roen i rummet.Stjernehimmel-projektoren skaber et smukt nattebillede i loftet over barnets seng eller vugge. De rolige farver og blide bev\u00e6gelser underst\u00f8tter tryghed, afslapning og g\u00f8r det lettere for dit barn at falde til ro. En beroligende visuel effekt hj\u00e6lper til at barnet v\u00e5gner frisk og udhvilet \u2013 uden t\u00f8rre \u00f8jne eller irriterende hoste.Vandbeholderen er tilpasset rum p\u00e5 op til 20 m\u00b2 og giver op til otte timers kontinuerlig luftfugtning. Det er muligt at tils\u00e6tte en diskret duft, som spreder sig i rummet. Enheden slukker automatisk, n\u00e5r vandbeholderen er tom, hvilket giver tryghed og sikrer brugervenlighed for for\u00e6ldrene.Designet er inspireret af en babyfigur med runde former, der passer ind i ethvert moderne b\u00f8rnev\u00e6relse som en dekorativ og funktionel detalje.V\u00e6lg Alecto BC-21 for optimal luftfugtighed, tryghed og ro i b\u00f8rnev\u00e6relset samt en dekorativ detalje, der bidrager til barnets s\u00f8vn og velbefindende.<\/p>\n<p>Sammenlign priser p\u00e5 Alecto &#8211; Luftfugter og projektor hvid &#8211; BC-21 og k\u00f8b online til den billigste pris, samt p\u00e5 tilbud!\u00a0\u00a0Tjek den bedste pris, produkt beskrivelse, video, test, anmeldelser osv.<\/p>\n<p><strong>Brand: <\/strong>Alecto<br \/>\n<strong>EAN: <\/strong>8712412581986<br \/>\n<strong>Producentens varenr.:<\/strong> 8712412581986<\/p>\n<p><strong>P.S.<\/strong><br \/>\nTilmeld dig til &#8220;Opret Gratis Prisfald Alarm&#8221;, og bliv underrettet med det samme om prisfald p\u00e5 Alecto &#8211; Luftfugter og projektor hvid &#8211; BC-21, og f\u00e5 den billigste pris!<\/p>\n<p>&nbsp;<\/p>\n<p>&nbsp;<\/p>\n","protected":false},"excerpt":{"rendered":"<p>K\u00f8b billig Alecto &#8211; Luftfugter og projektor hvid &#8211; BC-21! Alecto BC-21 er en kompakt, ultralydsbaseret luftfugter kombineret med en stemningsfuld stjernehimmel-projektor. Denne praktiske enhed sikrer en behagelig luftfugtighed i b\u00f8rnev\u00e6relset og skaber samtidig et beroligende, visuelt milj\u00f8 med sine bl\u00f8de lysende stjerner. Den lydsvage drift sikrer et roligt sovemilj\u00f8 \u2013 ideelt til babys og [&hellip;]<\/p>\n","protected":false},"featured_media":999980000004462720,"template":"","meta":[],"store":[1272516],"product_brand":[1272518],"product_cat":[1272421],"product_tag":[1275186,1272687],"class_list":{"0":"post-446272","1":"product","2":"type-product","3":"status-publish","4":"has-post-thumbnail","6":"store-butik24","7":"product_brand-alecto","8":"product_cat-klima","9":"product_tag-alecto","10":"product_tag-klima","11":"pa_maerke-alecto","13":"first","14":"instock","15":"product-type-external"},"_links":{"self":[{"href":"https:\/\/www.pricetornado.com\/da\/wp-json\/wp\/v2\/product\/446272","targetHints":{"allow":["GET"]}}],"collection":[{"href":"https:\/\/www.pricetornado.com\/da\/wp-json\/wp\/v2\/product"}],"about":[{"href":"https:\/\/www.pricetornado.com\/da\/wp-json\/wp\/v2\/types\/product"}],"wp:featuredmedia":[{"embeddable":true,"href":"https:\/\/www.pricetornado.com\/da\/wp-json\/"}],"wp:attachment":[{"href":"https:\/\/www.pricetornado.com\/da\/wp-json\/wp\/v2\/media?parent=446272"}],"wp:term":[{"taxonomy":"store","embeddable":true,"href":"https:\/\/www.pricetornado.com\/da\/wp-json\/wp\/v2\/store?post=446272"},{"taxonomy":"product_brand","embeddable":true,"href":"https:\/\/www.pricetornado.com\/da\/wp-json\/wp\/v2\/product_brand?post=446272"},{"taxonomy":"product_cat","embeddable":true,"href":"https:\/\/www.pricetornado.com\/da\/wp-json\/wp\/v2\/product_cat?post=446272"},{"taxonomy":"product_tag","embeddable":true,"href":"https:\/\/www.pricetornado.com\/da\/wp-json\/wp\/v2\/product_tag?post=446272"}],"curies":[{"name":"wp","href":"https:\/\/api.w.org\/{rel}","templated":true}]}}