{"id":446269,"date":"2025-02-22T23:42:40","date_gmt":"2025-02-22T22:42:40","guid":{"rendered":"https:\/\/www.pricetornado.com\/da\/produkt\/alecto-bc-27-infraroedt-oeretermometer-hvid\/"},"modified":"2026-04-23T09:09:56","modified_gmt":"2026-04-23T07:09:56","slug":"alecto-bc-27-infraroedt-oeretermometer-hvid","status":"publish","type":"product","link":"https:\/\/www.pricetornado.com\/da\/produkt\/alecto-bc-27-infraroedt-oeretermometer-hvid\/","title":{"rendered":"Alecto &#8211; BC-27 Infrar\u00f8dt \u00f8retermometer hvid"},"content":{"rendered":"<p>K\u00f8b billig Alecto &#8211; BC-27 Infrar\u00f8dt \u00f8retermometer hvid!<br \/>\nFeber eller temperaturforh\u00f8jelse hos b\u00f8rn er ofte tegn p\u00e5, at kroppen bek\u00e6mper infektioner som fork\u00f8lelse, influenza eller bakterier. Derfor er det vigtigt hurtigt og pr\u00e6cist at kunne m\u00e5le temperaturen for at vurdere, om der blot er tale om behov for hvile, eller om det er n\u00f8dvendigt at kontakte en l\u00e6ge.Det infrar\u00f8de \u00f8retermometer fra Alecto giver et pr\u00e6cist m\u00e5leresultat inden for kun 2 sekunder via infrar\u00f8d teknologi. \u00d8rem\u00e5lingen anses for at v\u00e6re mere sk\u00e5nsom og behagelig for barnet, samtidig med at den mindsker risikoen for bakterieoverf\u00f8rsel.Termometeret er udstyret med et bl\u00e5t baggrundsbelyst digitaldisplay, som g\u00f8r det nemt at afl\u00e6se temperaturen \u2013 selv i m\u00f8rke omgivelser. Det gemmer automatisk de sidste 10 m\u00e5linger, s\u00e5 du nemt kan f\u00f8lge med i temperaturudviklingen og se, om feberen er stigende eller faldende.Den kompakte st\u00f8rrelse p\u00e5 11,3 cm x 3,5 cm x 2,7 cm g\u00f8r termometeret nemt at tage med, og den medf\u00f8lgende opbevaringsboks sikrer, at det holdes rent og beskyttet under transport. Displayet viser l\u00f8bende batteristatus, s\u00e5 du ved, hvorn\u00e5r det er tid til at skifte batteri.Akustisk feberalarm giver lydsignal ved forh\u00f8jet temperatur.CE-certificeret \u2013 opfylder EU\u2019s sikkerhedsstandarder for medicinsk udstyr.Fremstillet i robust kunststof (plast), som b\u00e5de er let og holdbart.Bem\u00e6rk, at \u00f8retermometeret ikke er vandt\u00e6t og ikke har genopladeligt batteri eller energisparefunktion.Dette infrar\u00f8de \u00f8retermometer er hurtigt, nemt og behageligt for barnet og sikrer p\u00e5lidelige temperaturm\u00e5linger, s\u00e5 du effektivt kan f\u00f8lge dit barns helbred. Kontakt altid l\u00e6ge ved ekstremt h\u00f8j feber (over 40,5 \u00b0C) eller hvis feberen varer ved i l\u00e6ngere tid.<\/p>\n<p>Sammenlign priser p\u00e5 Alecto &#8211; BC-27 Infrar\u00f8dt \u00f8retermometer hvid og k\u00f8b online til den billigste pris, samt p\u00e5 tilbud!\u00a0\u00a0Tjek den bedste pris, produkt beskrivelse, video, test, anmeldelser osv.<\/p>\n<p><strong>Brand: <\/strong>Alecto<br \/>\n<strong>EAN: <\/strong>8712412583713<br \/>\n<strong>Producentens varenr.:<\/strong> 8712412583713<\/p>\n<p><strong>P.S.<\/strong><br \/>\nTilmeld dig til &#8220;Opret Gratis Prisfald Alarm&#8221;, og bliv underrettet med det samme om prisfald p\u00e5 Alecto &#8211; BC-27 Infrar\u00f8dt \u00f8retermometer hvid, og f\u00e5 den billigste pris!<\/p>\n<p>&nbsp;<\/p>\n<p>&nbsp;<\/p>\n","protected":false},"excerpt":{"rendered":"<p>K\u00f8b billig Alecto &#8211; BC-27 Infrar\u00f8dt \u00f8retermometer hvid! Feber eller temperaturforh\u00f8jelse hos b\u00f8rn er ofte tegn p\u00e5, at kroppen bek\u00e6mper infektioner som fork\u00f8lelse, influenza eller bakterier. Derfor er det vigtigt hurtigt og pr\u00e6cist at kunne m\u00e5le temperaturen for at vurdere, om der blot er tale om behov for hvile, eller om det er n\u00f8dvendigt at [&hellip;]<\/p>\n","protected":false},"featured_media":999980000004462690,"template":"","meta":[],"store":[1272516],"product_brand":[1272518],"product_cat":[1272475],"product_tag":[1275186,1273154],"class_list":{"0":"post-446269","1":"product","2":"type-product","3":"status-publish","4":"has-post-thumbnail","6":"store-butik24","7":"product_brand-alecto","8":"product_cat-sundhed","9":"product_tag-alecto","10":"product_tag-sundhed","11":"pa_maerke-alecto","13":"first","14":"instock","15":"product-type-external"},"_links":{"self":[{"href":"https:\/\/www.pricetornado.com\/da\/wp-json\/wp\/v2\/product\/446269","targetHints":{"allow":["GET"]}}],"collection":[{"href":"https:\/\/www.pricetornado.com\/da\/wp-json\/wp\/v2\/product"}],"about":[{"href":"https:\/\/www.pricetornado.com\/da\/wp-json\/wp\/v2\/types\/product"}],"wp:featuredmedia":[{"embeddable":true,"href":"https:\/\/www.pricetornado.com\/da\/wp-json\/"}],"wp:attachment":[{"href":"https:\/\/www.pricetornado.com\/da\/wp-json\/wp\/v2\/media?parent=446269"}],"wp:term":[{"taxonomy":"store","embeddable":true,"href":"https:\/\/www.pricetornado.com\/da\/wp-json\/wp\/v2\/store?post=446269"},{"taxonomy":"product_brand","embeddable":true,"href":"https:\/\/www.pricetornado.com\/da\/wp-json\/wp\/v2\/product_brand?post=446269"},{"taxonomy":"product_cat","embeddable":true,"href":"https:\/\/www.pricetornado.com\/da\/wp-json\/wp\/v2\/product_cat?post=446269"},{"taxonomy":"product_tag","embeddable":true,"href":"https:\/\/www.pricetornado.com\/da\/wp-json\/wp\/v2\/product_tag?post=446269"}],"curies":[{"name":"wp","href":"https:\/\/api.w.org\/{rel}","templated":true}]}}