{"id":446257,"date":"2025-02-22T23:53:01","date_gmt":"2025-02-22T22:53:01","guid":{"rendered":"https:\/\/www.pricetornado.com\/da\/produkt\/philips-master-pl-q-28w-840-kold-hvid-4-pin\/"},"modified":"2026-04-19T06:50:26","modified_gmt":"2026-04-19T04:50:26","slug":"philips-master-pl-q-28w-840-kold-hvid-4-pin","status":"publish","type":"product","link":"https:\/\/www.pricetornado.com\/da\/produkt\/philips-master-pl-q-28w-840-kold-hvid-4-pin\/","title":{"rendered":"Philips MASTER PL-Q 28W &#8211; 840 kold hvid | 4 Pin"},"content":{"rendered":"<p>K\u00f8b billig Philips MASTER PL-Q 28W &#8211; 840 kold hvid | 4 Pin!<br \/>\nPhilips MASTER PL-Q 28W &#8211; 840 kold hvid | 4 Pin er et energieffektivt 2D kvadratformet kompaktlysstofr\u00f8r, der er ideelt til funktionel og dekorativ belysning. Denne lampe er designet med en GR10q fatning og sikrer nem og stabil installation i armaturer, hvor der \u00f8nskes j\u00e6vnt fordelt lys. Den er kompatibel med elektroniske ballaster og kan d\u00e6mpes, n\u00e5r den anvendes med en d\u00e6mpbar ballast, hvilket giver fleksibilitet i lysstyrken efter behov.Levetid: ca. 13.000 timerLampen indeholder en lille m\u00e6ngde kviks\u00f8lv (maks. 3 mg, nominel 4 mg). Hvis lampen g\u00e5r i stykker, anbefales det at lufte rummet ud i mindst 30 minutter og g\u00f8re brug af korrekt bortskaffelse for at minimere sundhedsrisici forbundet med kviks\u00f8lv.Philips MASTER PL-Q 28W er s\u00e6rligt velegnet til belysning af trapper, gangarealer og andre offentlige steder, hvor der er behov for effektiv, langtidsholdbar og energirigtig belysning. Den robuste opbygning og lange levetid betyder f\u00e6rre udskiftninger og lavere driftsomkostninger over tid.K\u00f8b Philips-lysstofr\u00f8r til en fordelagtig pris hos os \u2013 vi tilbyder hurtig levering og attraktive rabatter ved stork\u00f8b. Kontakt gerne vores kundeservice for mere information eller r\u00e5dgivning om den rette belysningsl\u00f8sning til dit behov.<\/p>\n<p>Sammenlign priser p\u00e5 Philips MASTER PL-Q 28W &#8211; 840 kold hvid | 4 Pin og k\u00f8b online til den billigste pris, samt p\u00e5 tilbud!\u00a0\u00a0Tjek den bedste pris, produkt beskrivelse, video, test, anmeldelser osv.<\/p>\n<p><strong>Brand: <\/strong>Philips<br \/>\n<strong>EAN: <\/strong>8711500269935<br \/>\n<strong>Producentens varenr.:<\/strong> 8711500269935<\/p>\n<p><strong>P.S.<\/strong><br \/>\nTilmeld dig til &#8220;Opret Gratis Prisfald Alarm&#8221;, og bliv underrettet med det samme om prisfald p\u00e5 Philips MASTER PL-Q 28W &#8211; 840 kold hvid | 4 Pin, og f\u00e5 den billigste pris!<\/p>\n<p>&nbsp;<\/p>\n<p>&nbsp;<\/p>\n","protected":false},"excerpt":{"rendered":"<p>K\u00f8b billig Philips MASTER PL-Q 28W &#8211; 840 kold hvid | 4 Pin! Philips MASTER PL-Q 28W &#8211; 840 kold hvid | 4 Pin er et energieffektivt 2D kvadratformet kompaktlysstofr\u00f8r, der er ideelt til funktionel og dekorativ belysning. Denne lampe er designet med en GR10q fatning og sikrer nem og stabil installation i armaturer, hvor [&hellip;]<\/p>\n","protected":false},"featured_media":999980000004462570,"template":"","meta":[],"store":[1272516],"product_brand":[1272519],"product_cat":[1272407],"product_tag":[1272697,1275180],"class_list":{"0":"post-446257","1":"product","2":"type-product","3":"status-publish","4":"has-post-thumbnail","6":"store-butik24","7":"product_brand-philips","8":"product_cat-belysning-2","9":"product_tag-belysning","10":"product_tag-philips","11":"pa_maerke-philips","13":"first","14":"instock","15":"product-type-external"},"_links":{"self":[{"href":"https:\/\/www.pricetornado.com\/da\/wp-json\/wp\/v2\/product\/446257","targetHints":{"allow":["GET"]}}],"collection":[{"href":"https:\/\/www.pricetornado.com\/da\/wp-json\/wp\/v2\/product"}],"about":[{"href":"https:\/\/www.pricetornado.com\/da\/wp-json\/wp\/v2\/types\/product"}],"wp:featuredmedia":[{"embeddable":true,"href":"https:\/\/www.pricetornado.com\/da\/wp-json\/"}],"wp:attachment":[{"href":"https:\/\/www.pricetornado.com\/da\/wp-json\/wp\/v2\/media?parent=446257"}],"wp:term":[{"taxonomy":"store","embeddable":true,"href":"https:\/\/www.pricetornado.com\/da\/wp-json\/wp\/v2\/store?post=446257"},{"taxonomy":"product_brand","embeddable":true,"href":"https:\/\/www.pricetornado.com\/da\/wp-json\/wp\/v2\/product_brand?post=446257"},{"taxonomy":"product_cat","embeddable":true,"href":"https:\/\/www.pricetornado.com\/da\/wp-json\/wp\/v2\/product_cat?post=446257"},{"taxonomy":"product_tag","embeddable":true,"href":"https:\/\/www.pricetornado.com\/da\/wp-json\/wp\/v2\/product_tag?post=446257"}],"curies":[{"name":"wp","href":"https:\/\/api.w.org\/{rel}","templated":true}]}}