{"id":446246,"date":"2025-02-23T13:52:05","date_gmt":"2025-02-23T12:52:05","guid":{"rendered":"https:\/\/www.pricetornado.com\/da\/produkt\/limbali-bar-tube-white-4x50w-230v\/"},"modified":"2026-05-01T05:20:26","modified_gmt":"2026-05-01T03:20:26","slug":"limbali-bar-tube-white-4x50w-230v","status":"publish","type":"product","link":"https:\/\/www.pricetornado.com\/da\/produkt\/limbali-bar-tube-white-4x50w-230v\/","title":{"rendered":"Limbali bar\/tube white 4x50W 230V"},"content":{"rendered":"<p>K\u00f8b billig Limbali bar\/tube white 4x50W 230V!<br \/>\nInstaller denne praktiske spotlampe fra Philips i dit hjem for at opn\u00e5 en p\u00e5lidelig og fleksibel belysningsl\u00f8sning. Philips Limbali bar\/tube white er designet til fastmontering i loft eller p\u00e5 v\u00e6g og giver dig mulighed for at skabe effektiv retningsbestemt belysning med fire separate lyskilder.V\u00e6lg en GU10 LED-p\u00e6re fra Philips, der passer til lampens stil og behov. Selve armaturet er lavet til traditionelle 50W halogenp\u00e6rer, og det anbefales at v\u00e6lge LED-p\u00e6rer ud fra dette for at sikre optimal funktion og lang levetid p\u00e5 belysningen.<\/p>\n<p>Sammenlign priser p\u00e5 Limbali bar\/tube white 4x50W 230V og k\u00f8b online til den billigste pris, samt p\u00e5 tilbud!\u00a0\u00a0Tjek den bedste pris, produkt beskrivelse, video, test, anmeldelser osv.<\/p>\n<p><strong>Brand: <\/strong>Philips<br \/>\n<strong>EAN: <\/strong>8719514465190<br \/>\n<strong>Producentens varenr.:<\/strong> 8719514465190<\/p>\n<p><strong>P.S.<\/strong><br \/>\nTilmeld dig til &#8220;Opret Gratis Prisfald Alarm&#8221;, og bliv underrettet med det samme om prisfald p\u00e5 Limbali bar\/tube white 4x50W 230V, og f\u00e5 den billigste pris!<\/p>\n<p>&nbsp;<\/p>\n<p>&nbsp;<\/p>\n","protected":false},"excerpt":{"rendered":"<p>K\u00f8b billig Limbali bar\/tube white 4x50W 230V! Installer denne praktiske spotlampe fra Philips i dit hjem for at opn\u00e5 en p\u00e5lidelig og fleksibel belysningsl\u00f8sning. Philips Limbali bar\/tube white er designet til fastmontering i loft eller p\u00e5 v\u00e6g og giver dig mulighed for at skabe effektiv retningsbestemt belysning med fire separate lyskilder.V\u00e6lg en GU10 LED-p\u00e6re fra [&hellip;]<\/p>\n","protected":false},"featured_media":999980000004462460,"template":"","meta":[],"store":[1272516],"product_brand":[1272519],"product_cat":[1272407],"product_tag":[1272697,1275180],"class_list":{"0":"post-446246","1":"product","2":"type-product","3":"status-publish","4":"has-post-thumbnail","6":"store-butik24","7":"product_brand-philips","8":"product_cat-belysning-2","9":"product_tag-belysning","10":"product_tag-philips","11":"pa_maerke-philips","13":"first","14":"instock","15":"product-type-external"},"_links":{"self":[{"href":"https:\/\/www.pricetornado.com\/da\/wp-json\/wp\/v2\/product\/446246","targetHints":{"allow":["GET"]}}],"collection":[{"href":"https:\/\/www.pricetornado.com\/da\/wp-json\/wp\/v2\/product"}],"about":[{"href":"https:\/\/www.pricetornado.com\/da\/wp-json\/wp\/v2\/types\/product"}],"wp:featuredmedia":[{"embeddable":true,"href":"https:\/\/www.pricetornado.com\/da\/wp-json\/"}],"wp:attachment":[{"href":"https:\/\/www.pricetornado.com\/da\/wp-json\/wp\/v2\/media?parent=446246"}],"wp:term":[{"taxonomy":"store","embeddable":true,"href":"https:\/\/www.pricetornado.com\/da\/wp-json\/wp\/v2\/store?post=446246"},{"taxonomy":"product_brand","embeddable":true,"href":"https:\/\/www.pricetornado.com\/da\/wp-json\/wp\/v2\/product_brand?post=446246"},{"taxonomy":"product_cat","embeddable":true,"href":"https:\/\/www.pricetornado.com\/da\/wp-json\/wp\/v2\/product_cat?post=446246"},{"taxonomy":"product_tag","embeddable":true,"href":"https:\/\/www.pricetornado.com\/da\/wp-json\/wp\/v2\/product_tag?post=446246"}],"curies":[{"name":"wp","href":"https:\/\/api.w.org\/{rel}","templated":true}]}}